{"id":1007,"date":"2025-02-03T12:59:07","date_gmt":"2025-02-03T17:59:07","guid":{"rendered":"https:\/\/smyal.org\/?page_id=1007"},"modified":"2026-03-02T15:47:10","modified_gmt":"2026-03-02T20:47:10","slug":"volunteer-with-smyal","status":"publish","type":"page","link":"https:\/\/smyal.org\/es\/volunteer-with-smyal\/","title":{"rendered":"Sea voluntario con SMYAL"},"content":{"rendered":"<div data-elementor-type=\"wp-page\" data-elementor-id=\"1007\" class=\"elementor elementor-1007\" data-elementor-post-type=\"page\">\n\t\t\t\t\t\t<section class=\"elementor-section elementor-top-section elementor-element elementor-element-2aaad496 elementor-section-boxed elementor-section-height-default elementor-section-height-default\" data-id=\"2aaad496\" data-element_type=\"section\" data-e-type=\"section\" data-settings=\"{&quot;background_background&quot;:&quot;gradient&quot;,&quot;shape_divider_bottom&quot;:&quot;curve&quot;,&quot;shape_divider_bottom_negative&quot;:&quot;yes&quot;}\">\n\t\t\t\t\t<div class=\"elementor-shape elementor-shape-bottom\" aria-hidden=\"true\" data-negative=\"true\">\n\t\t\t<svg xmlns=\"http:\/\/www.w3.org\/2000\/svg\" viewbox=\"0 0 1000 100\" preserveaspectratio=\"none\">\n\t<path class=\"elementor-shape-fill\" d=\"M500,97C126.7,96.3,0.8,19.8,0,0v100l1000,0V1C1000,19.4,873.3,97.8,500,97z\"\/>\n<\/svg>\t\t<\/div>\n\t\t\t\t\t<div class=\"elementor-container elementor-column-gap-default\">\n\t\t\t\t\t<div class=\"elementor-column elementor-col-100 elementor-top-column elementor-element elementor-element-48ada56e\" data-id=\"48ada56e\" data-element_type=\"column\" data-e-type=\"column\">\n\t\t\t<div class=\"elementor-widget-wrap elementor-element-populated\">\n\t\t\t\t\t\t<div class=\"elementor-element elementor-element-480939f6 elementor-widget elementor-widget-heading\" data-id=\"480939f6\" data-element_type=\"widget\" data-e-type=\"widget\" data-widget_type=\"heading.default\">\n\t\t\t\t<div class=\"elementor-widget-container\">\n\t\t\t\t\t<h1 class=\"elementor-heading-title elementor-size-default\">Sea voluntario con SMYAL<\/h1>\t\t\t\t<\/div>\n\t\t\t\t<\/div>\n\t\t\t\t\t<\/div>\n\t\t<\/div>\n\t\t\t\t\t<\/div>\n\t\t<\/section>\n\t\t\t\t<section class=\"elementor-section elementor-top-section elementor-element elementor-element-c56b780 elementor-section-boxed elementor-section-height-default elementor-section-height-default\" data-id=\"c56b780\" data-element_type=\"section\" data-e-type=\"section\">\n\t\t\t\t\t\t<div class=\"elementor-container elementor-column-gap-default\">\n\t\t\t\t\t<div class=\"elementor-column elementor-col-66 elementor-top-column elementor-element elementor-element-bf67db2\" data-id=\"bf67db2\" data-element_type=\"column\" data-e-type=\"column\">\n\t\t\t<div class=\"elementor-widget-wrap elementor-element-populated\">\n\t\t\t\t\t\t<div class=\"elementor-element elementor-element-a113f04 elementor-widget elementor-widget-text-editor\" data-id=\"a113f04\" data-element_type=\"widget\" data-e-type=\"widget\" data-widget_type=\"text-editor.default\">\n\t\t\t\t<div class=\"elementor-widget-container\">\n\t\t\t\t\t\t\t\t\t<p><strong>La dedicaci\u00f3n apasionada de nuestros voluntarios da vida a la misi\u00f3n de SMYAL.<\/strong> From community outreach to event planning to program assistance, each volunteer opportunity supports LGBTQ+ youth on their journey from surviving to thriving.<\/p><p>Si est\u00e1 listo para generar un impacto, env\u00edenos un correo electr\u00f3nico a <a href=\"mailto:volunteers@smyal.org\">volunteers@smyal.org<\/a>\u00a0y aprende c\u00f3mo puedes involucrarte.<\/p>\t\t\t\t\t\t\t\t<\/div>\n\t\t\t\t<\/div>\n\t\t\t\t\t<\/div>\n\t\t<\/div>\n\t\t\t\t<div class=\"elementor-column elementor-col-33 elementor-top-column elementor-element elementor-element-f6930bc\" data-id=\"f6930bc\" data-element_type=\"column\" data-e-type=\"column\">\n\t\t\t<div class=\"elementor-widget-wrap elementor-element-populated\">\n\t\t\t\t\t\t<div class=\"elementor-element elementor-element-c843d8e elementor-widget elementor-widget-image\" data-id=\"c843d8e\" data-element_type=\"widget\" data-e-type=\"widget\" data-widget_type=\"image.default\">\n\t\t\t\t<div class=\"elementor-widget-container\">\n\t\t\t\t\t\t\t\t\t\t\t\t\t\t\t<img fetchpriority=\"high\" decoding=\"async\" width=\"750\" height=\"500\" src=\"https:\/\/smyal.org\/wp-content\/uploads\/2021\/03\/26678605_10155350284789952_545964905567837405_o-1024x683.jpg\" class=\"attachment-large size-large wp-image-33\" alt=\"\" srcset=\"https:\/\/smyal.org\/wp-content\/uploads\/2021\/03\/26678605_10155350284789952_545964905567837405_o-1024x683.jpg 1024w, https:\/\/smyal.org\/wp-content\/uploads\/2021\/03\/26678605_10155350284789952_545964905567837405_o-300x200.jpg 300w, https:\/\/smyal.org\/wp-content\/uploads\/2021\/03\/26678605_10155350284789952_545964905567837405_o-768x512.jpg 768w, https:\/\/smyal.org\/wp-content\/uploads\/2021\/03\/26678605_10155350284789952_545964905567837405_o-1536x1024.jpg 1536w, https:\/\/smyal.org\/wp-content\/uploads\/2021\/03\/26678605_10155350284789952_545964905567837405_o-1568x1045.jpg 1568w, https:\/\/smyal.org\/wp-content\/uploads\/2021\/03\/26678605_10155350284789952_545964905567837405_o.jpg 2048w\" sizes=\"(max-width: 750px) 100vw, 750px\" style=\"width:100%;height:66.65%;max-width:2048px\" \/>\t\t\t\t\t\t\t\t\t\t\t\t\t\t\t<\/div>\n\t\t\t\t<\/div>\n\t\t\t\t\t<\/div>\n\t\t<\/div>\n\t\t\t\t\t<\/div>\n\t\t<\/section>\n\t\t\t\t<section class=\"elementor-section elementor-top-section elementor-element elementor-element-967f760 elementor-section-boxed elementor-section-height-default elementor-section-height-default\" data-id=\"967f760\" data-element_type=\"section\" data-e-type=\"section\" data-settings=\"{&quot;background_background&quot;:&quot;classic&quot;}\">\n\t\t\t\t\t\t<div class=\"elementor-container elementor-column-gap-default\">\n\t\t\t\t\t<div class=\"elementor-column elementor-col-100 elementor-top-column elementor-element elementor-element-42638f9\" data-id=\"42638f9\" data-element_type=\"column\" data-e-type=\"column\">\n\t\t\t<div class=\"elementor-widget-wrap elementor-element-populated\">\n\t\t\t\t\t\t<div class=\"elementor-element elementor-element-b1b50e9 elementor-widget elementor-widget-text-editor\" data-id=\"b1b50e9\" data-element_type=\"widget\" data-e-type=\"widget\" data-widget_type=\"text-editor.default\">\n\t\t\t\t<div class=\"elementor-widget-container\">\n\t\t\t\t\t\t\t\t\t<p>Los voluntarios aportan un enorme valor a SMYAL. Dependemos de voluntarios durante todo el a\u00f1o de diversas maneras. Consulte a continuaci\u00f3n algunas de nuestras oportunidades de voluntariado.<\/p>\t\t\t\t\t\t\t\t<\/div>\n\t\t\t\t<\/div>\n\t\t\t\t\t<\/div>\n\t\t<\/div>\n\t\t\t\t\t<\/div>\n\t\t<\/section>\n\t\t\t\t<section class=\"elementor-section elementor-top-section elementor-element elementor-element-9a6fa84 elementor-section-boxed elementor-section-height-default elementor-section-height-default\" data-id=\"9a6fa84\" data-element_type=\"section\" data-e-type=\"section\" data-settings=\"{&quot;background_background&quot;:&quot;classic&quot;}\">\n\t\t\t\t\t\t<div class=\"elementor-container elementor-column-gap-default\">\n\t\t\t\t\t<div class=\"elementor-column elementor-col-33 elementor-top-column elementor-element elementor-element-d4f57d0\" data-id=\"d4f57d0\" data-element_type=\"column\" data-e-type=\"column\">\n\t\t\t<div class=\"elementor-widget-wrap elementor-element-populated\">\n\t\t\t\t\t\t<div class=\"elementor-element elementor-element-d9dbceb elementor-widget elementor-widget-heading\" data-id=\"d9dbceb\" data-element_type=\"widget\" data-e-type=\"widget\" data-widget_type=\"heading.default\">\n\t\t\t\t<div class=\"elementor-widget-container\">\n\t\t\t\t\t<h3 class=\"elementor-heading-title elementor-size-default\">Opci\u00f3n 1<\/h3>\t\t\t\t<\/div>\n\t\t\t\t<\/div>\n\t\t\t\t<div class=\"elementor-element elementor-element-1cbe01b elementor-widget elementor-widget-text-editor\" data-id=\"1cbe01b\" data-element_type=\"widget\" data-e-type=\"widget\" data-widget_type=\"text-editor.default\">\n\t\t\t\t<div class=\"elementor-widget-container\">\n\t\t\t\t\t\t\t\t\t<ul class=\"after-h3 last\"><li class=\"first before-li\">No se requiere experiencia ni compromiso a largo plazo.<\/li><li class=\"after-li before-li\">Voluntarios del evento<\/li><li class=\"after-li before-li\">Representante de presentaci\u00f3n<\/li><li class=\"after-li last\">Organice una hora feliz o un evento en beneficio de SMYAL<\/li><\/ul>\t\t\t\t\t\t\t\t<\/div>\n\t\t\t\t<\/div>\n\t\t\t\t\t<\/div>\n\t\t<\/div>\n\t\t\t\t<div class=\"elementor-column elementor-col-33 elementor-top-column elementor-element elementor-element-5d16875\" data-id=\"5d16875\" data-element_type=\"column\" data-e-type=\"column\">\n\t\t\t<div class=\"elementor-widget-wrap elementor-element-populated\">\n\t\t\t\t\t\t<div class=\"elementor-element elementor-element-a6f4b5c elementor-widget elementor-widget-heading\" data-id=\"a6f4b5c\" data-element_type=\"widget\" data-e-type=\"widget\" data-widget_type=\"heading.default\">\n\t\t\t\t<div class=\"elementor-widget-container\">\n\t\t\t\t\t<h3 class=\"elementor-heading-title elementor-size-default\">opcion 2<\/h3>\t\t\t\t<\/div>\n\t\t\t\t<\/div>\n\t\t\t\t<div class=\"elementor-element elementor-element-cbf1d30 elementor-widget elementor-widget-text-editor\" data-id=\"cbf1d30\" data-element_type=\"widget\" data-e-type=\"widget\" data-widget_type=\"text-editor.default\">\n\t\t\t\t<div class=\"elementor-widget-container\">\n\t\t\t\t\t\t\t\t\t<ul class=\"after-h3 last\"><li class=\"first before-li\">Requiere un compromiso, que generalmente implica llamadas o reuniones mensuales.<\/li><li class=\"after-li before-li\">Servir en un comit\u00e9<\/li><li class=\"after-li before-li\">Desalmuerzo<\/li><li class=\"after-li before-li\">Donantes j\u00f3venes<\/li><li class=\"after-li last\">Abogados de SMYAL<\/li><\/ul>\t\t\t\t\t\t\t\t<\/div>\n\t\t\t\t<\/div>\n\t\t\t\t\t<\/div>\n\t\t<\/div>\n\t\t\t\t<div class=\"elementor-column elementor-col-33 elementor-top-column elementor-element elementor-element-ff50eb6\" data-id=\"ff50eb6\" data-element_type=\"column\" data-e-type=\"column\">\n\t\t\t<div class=\"elementor-widget-wrap elementor-element-populated\">\n\t\t\t\t\t\t<div class=\"elementor-element elementor-element-2bde23f elementor-widget elementor-widget-heading\" data-id=\"2bde23f\" data-element_type=\"widget\" data-e-type=\"widget\" data-widget_type=\"heading.default\">\n\t\t\t\t<div class=\"elementor-widget-container\">\n\t\t\t\t\t<h3 class=\"elementor-heading-title elementor-size-default\">Opci\u00f3n 3<\/h3>\t\t\t\t<\/div>\n\t\t\t\t<\/div>\n\t\t\t\t<div class=\"elementor-element elementor-element-97941b7 elementor-widget elementor-widget-text-editor\" data-id=\"97941b7\" data-element_type=\"widget\" data-e-type=\"widget\" data-widget_type=\"text-editor.default\">\n\t\t\t\t<div class=\"elementor-widget-container\">\n\t\t\t\t\t\t\t\t\t<ul class=\"after-h3 last\"><li class=\"first before-li\">Requiere orientaci\u00f3n para voluntarios, verificaci\u00f3n de antecedentes y un compromiso de participaci\u00f3n regular en los programas.<\/li><li class=\"after-li before-li\">Voluntarios del programa<\/li><li class=\"after-li before-li\">Eventos especiales<\/li><li class=\"after-li before-li\">Viajes al campo<\/li><li class=\"after-li last\">Facilitadores de campamentos de activistas<\/li><\/ul>\t\t\t\t\t\t\t\t<\/div>\n\t\t\t\t<\/div>\n\t\t\t\t\t<\/div>\n\t\t<\/div>\n\t\t\t\t\t<\/div>\n\t\t<\/section>\n\t\t\t\t<section class=\"elementor-section elementor-top-section elementor-element elementor-element-d432ed0 elementor-section-boxed elementor-section-height-default elementor-section-height-default\" data-id=\"d432ed0\" data-element_type=\"section\" data-e-type=\"section\" data-settings=\"{&quot;background_background&quot;:&quot;classic&quot;}\">\n\t\t\t\t\t\t<div class=\"elementor-container elementor-column-gap-default\">\n\t\t\t\t\t<div class=\"elementor-column elementor-col-100 elementor-top-column elementor-element elementor-element-607b88f\" data-id=\"607b88f\" data-element_type=\"column\" data-e-type=\"column\">\n\t\t\t<div class=\"elementor-widget-wrap elementor-element-populated\">\n\t\t\t\t\t\t<div class=\"elementor-element elementor-element-82e8e68 elementor-widget elementor-widget-text-editor\" data-id=\"82e8e68\" data-element_type=\"widget\" data-e-type=\"widget\" data-widget_type=\"text-editor.default\">\n\t\t\t\t<div class=\"elementor-widget-container\">\n\t\t\t\t\t\t\t\t\t<p>Si est\u00e1 listo para generar un impacto, env\u00edenos un correo electr\u00f3nico a\u00a0<a href=\"mailto:supporterinfo@smyal.org\">supporterinfo@smyal.org<\/a>\u00a0y aprende c\u00f3mo puedes involucrarte.<\/p>\t\t\t\t\t\t\t\t<\/div>\n\t\t\t\t<\/div>\n\t\t\t\t<div class=\"elementor-element elementor-element-7cb24c6 elementor-align-center elementor-icon-list--layout-traditional elementor-list-item-link-full_width elementor-widget elementor-widget-icon-list\" data-id=\"7cb24c6\" data-element_type=\"widget\" data-e-type=\"widget\" data-widget_type=\"icon-list.default\">\n\t\t\t\t<div class=\"elementor-widget-container\">\n\t\t\t\t\t\t\t<ul class=\"elementor-icon-list-items\">\n\t\t\t\t\t\t\t<li class=\"elementor-icon-list-item\">\n\t\t\t\t\t\t\t\t\t\t\t<a href=\"https:\/\/visitor.r20.constantcontact.com\/manage\/optin?v=001cTSoNaRgXSIQiSwXwSE_Q8VtPpYrDQDmCb12MX7MyHJSlde08QwXz_pLYYMHhbEN2yMXQntcOQJ2Hw80vYXSIcwr-TNKk2phOVhTD0oQe27hZwn2RE7WeN10gt2O5kRgUakeoO0xn5OD2gEPKYhcPg%3D%3D\">\n\n\t\t\t\t\t\t\t\t\t\t\t\t<span class=\"elementor-icon-list-icon\">\n\t\t\t\t\t\t\t<i aria-hidden=\"true\" class=\"far fa-arrow-alt-circle-right\"><\/i>\t\t\t\t\t\t<\/span>\n\t\t\t\t\t\t\t\t\t\t<span class=\"elementor-icon-list-text\">Suscr\u00edbase a nuestro bolet\u00edn de voluntarios<\/span>\n\t\t\t\t\t\t\t\t\t\t\t<\/a>\n\t\t\t\t\t\t\t\t\t<\/li>\n\t\t\t\t\t\t<\/ul>\n\t\t\t\t\t\t<\/div>\n\t\t\t\t<\/div>\n\t\t\t\t\t<\/div>\n\t\t<\/div>\n\t\t\t\t\t<\/div>\n\t\t<\/section>\n\t\t\t\t<\/div>","protected":false},"excerpt":{"rendered":"<p>Volunteer With SMYAL The passionate dedication of our volunteers breathes life into SMYAL\u2019s mission. From community outreach to event planning to program assistance, each volunteer opportunity supports LGBTQ+ youth on&hellip; <a class=\"more-link\" href=\"https:\/\/smyal.org\/es\/volunteer-with-smyal\/\">seguir leyendo <span class=\"screen-reader-text\">Sea voluntario con SMYAL<\/span><\/a><\/p>","protected":false},"author":1,"featured_media":0,"parent":0,"menu_order":0,"comment_status":"closed","ping_status":"closed","template":"","meta":{"_exactmetrics_skip_tracking":false,"_exactmetrics_sitenote_active":false,"_exactmetrics_sitenote_note":"","_exactmetrics_sitenote_category":0,"footnotes":"","_links_to":"","_links_to_target":""},"class_list":["post-1007","page","type-page","status-publish","hentry","entry"],"yoast_head":"<!-- This site is optimized with the Yoast SEO plugin v27.4 - https:\/\/yoast.com\/product\/yoast-seo-wordpress\/ -->\n<title>Volunteer With SMYAL - SMYAL<\/title>\n<meta name=\"robots\" content=\"index, follow, max-snippet:-1, max-image-preview:large, max-video-preview:-1\" \/>\n<link rel=\"canonical\" href=\"https:\/\/smyal.org\/es\/volunteer-with-smyal\/\" \/>\n<meta property=\"og:locale\" content=\"es_MX\" \/>\n<meta property=\"og:type\" content=\"article\" \/>\n<meta property=\"og:title\" content=\"Volunteer With SMYAL - SMYAL\" \/>\n<meta property=\"og:description\" content=\"Volunteer With SMYAL The passionate dedication of our volunteers breathes life into SMYAL\u2019s mission. From community outreach to event planning to program assistance, each volunteer opportunity supports LGBTQ+ youth on&hellip; Seguir leyendo Volunteer With SMYAL\" \/>\n<meta property=\"og:url\" content=\"https:\/\/smyal.org\/es\/volunteer-with-smyal\/\" \/>\n<meta property=\"og:site_name\" content=\"SMYAL\" \/>\n<meta property=\"article:modified_time\" content=\"2026-03-02T20:47:10+00:00\" \/>\n<meta property=\"og:image\" content=\"https:\/\/smyal.org\/wp-content\/uploads\/2021\/03\/26678605_10155350284789952_545964905567837405_o.jpg\" \/>\n\t<meta property=\"og:image:width\" content=\"2048\" \/>\n\t<meta property=\"og:image:height\" content=\"1365\" \/>\n\t<meta property=\"og:image:type\" content=\"image\/jpeg\" \/>\n<meta name=\"twitter:card\" content=\"summary_large_image\" \/>\n<meta name=\"twitter:label1\" content=\"Tiempo de lectura\" \/>\n\t<meta name=\"twitter:data1\" content=\"1 minuto\" \/>\n<script type=\"application\/ld+json\" class=\"yoast-schema-graph\">{\"@context\":\"https:\\\/\\\/schema.org\",\"@graph\":[{\"@type\":\"WebPage\",\"@id\":\"https:\\\/\\\/smyal.org\\\/volunteer-with-smyal\\\/\",\"url\":\"https:\\\/\\\/smyal.org\\\/volunteer-with-smyal\\\/\",\"name\":\"Volunteer With SMYAL - SMYAL\",\"isPartOf\":{\"@id\":\"https:\\\/\\\/smyal.org\\\/#website\"},\"primaryImageOfPage\":{\"@id\":\"https:\\\/\\\/smyal.org\\\/volunteer-with-smyal\\\/#primaryimage\"},\"image\":{\"@id\":\"https:\\\/\\\/smyal.org\\\/volunteer-with-smyal\\\/#primaryimage\"},\"thumbnailUrl\":\"https:\\\/\\\/smyal.org\\\/wp-content\\\/uploads\\\/2021\\\/03\\\/26678605_10155350284789952_545964905567837405_o-1024x683.jpg\",\"datePublished\":\"2025-02-03T17:59:07+00:00\",\"dateModified\":\"2026-03-02T20:47:10+00:00\",\"breadcrumb\":{\"@id\":\"https:\\\/\\\/smyal.org\\\/volunteer-with-smyal\\\/#breadcrumb\"},\"inLanguage\":\"es\",\"potentialAction\":[{\"@type\":\"ReadAction\",\"target\":[\"https:\\\/\\\/smyal.org\\\/volunteer-with-smyal\\\/\"]}]},{\"@type\":\"ImageObject\",\"inLanguage\":\"es\",\"@id\":\"https:\\\/\\\/smyal.org\\\/volunteer-with-smyal\\\/#primaryimage\",\"url\":\"https:\\\/\\\/smyal.org\\\/wp-content\\\/uploads\\\/2021\\\/03\\\/26678605_10155350284789952_545964905567837405_o-1024x683.jpg\",\"contentUrl\":\"https:\\\/\\\/smyal.org\\\/wp-content\\\/uploads\\\/2021\\\/03\\\/26678605_10155350284789952_545964905567837405_o-1024x683.jpg\"},{\"@type\":\"BreadcrumbList\",\"@id\":\"https:\\\/\\\/smyal.org\\\/volunteer-with-smyal\\\/#breadcrumb\",\"itemListElement\":[{\"@type\":\"ListItem\",\"position\":1,\"name\":\"Home\",\"item\":\"https:\\\/\\\/smyal.org\\\/\"},{\"@type\":\"ListItem\",\"position\":2,\"name\":\"Volunteer With SMYAL\"}]},{\"@type\":\"WebSite\",\"@id\":\"https:\\\/\\\/smyal.org\\\/#website\",\"url\":\"https:\\\/\\\/smyal.org\\\/\",\"name\":\"SMYAL\",\"description\":\"\",\"publisher\":{\"@id\":\"https:\\\/\\\/smyal.org\\\/#organization\"},\"potentialAction\":[{\"@type\":\"SearchAction\",\"target\":{\"@type\":\"EntryPoint\",\"urlTemplate\":\"https:\\\/\\\/smyal.org\\\/?s={search_term_string}\"},\"query-input\":{\"@type\":\"PropertyValueSpecification\",\"valueRequired\":true,\"valueName\":\"search_term_string\"}}],\"inLanguage\":\"es\"},{\"@type\":\"Organization\",\"@id\":\"https:\\\/\\\/smyal.org\\\/#organization\",\"name\":\"SMYAL\",\"url\":\"https:\\\/\\\/smyal.org\\\/\",\"logo\":{\"@type\":\"ImageObject\",\"inLanguage\":\"es\",\"@id\":\"https:\\\/\\\/smyal.org\\\/#\\\/schema\\\/logo\\\/image\\\/\",\"url\":\"https:\\\/\\\/smyal.org\\\/wp-content\\\/uploads\\\/2024\\\/06\\\/cropped-SMYAL-Logo-300x300-Transparent-Background.png\",\"contentUrl\":\"https:\\\/\\\/smyal.org\\\/wp-content\\\/uploads\\\/2024\\\/06\\\/cropped-SMYAL-Logo-300x300-Transparent-Background.png\",\"width\":300,\"height\":157,\"caption\":\"SMYAL\"},\"image\":{\"@id\":\"https:\\\/\\\/smyal.org\\\/#\\\/schema\\\/logo\\\/image\\\/\"}}]}<\/script>\n<!-- \/ Yoast SEO plugin. -->","yoast_head_json":{"title":"Volunteer With SMYAL - SMYAL","robots":{"index":"index","follow":"follow","max-snippet":"max-snippet:-1","max-image-preview":"max-image-preview:large","max-video-preview":"max-video-preview:-1"},"canonical":"https:\/\/smyal.org\/es\/volunteer-with-smyal\/","og_locale":"es_MX","og_type":"article","og_title":"Volunteer With SMYAL - SMYAL","og_description":"Volunteer With SMYAL The passionate dedication of our volunteers breathes life into SMYAL\u2019s mission. From community outreach to event planning to program assistance, each volunteer opportunity supports LGBTQ+ youth on&hellip; Seguir leyendo Volunteer With SMYAL","og_url":"https:\/\/smyal.org\/es\/volunteer-with-smyal\/","og_site_name":"SMYAL","article_modified_time":"2026-03-02T20:47:10+00:00","og_image":[{"width":2048,"height":1365,"url":"https:\/\/smyal.org\/wp-content\/uploads\/2021\/03\/26678605_10155350284789952_545964905567837405_o.jpg","type":"image\/jpeg"}],"twitter_card":"summary_large_image","twitter_misc":{"Tiempo de lectura":"1 minuto"},"schema":{"@context":"https:\/\/schema.org","@graph":[{"@type":"WebPage","@id":"https:\/\/smyal.org\/volunteer-with-smyal\/","url":"https:\/\/smyal.org\/volunteer-with-smyal\/","name":"Volunteer With SMYAL - SMYAL","isPartOf":{"@id":"https:\/\/smyal.org\/#website"},"primaryImageOfPage":{"@id":"https:\/\/smyal.org\/volunteer-with-smyal\/#primaryimage"},"image":{"@id":"https:\/\/smyal.org\/volunteer-with-smyal\/#primaryimage"},"thumbnailUrl":"https:\/\/smyal.org\/wp-content\/uploads\/2021\/03\/26678605_10155350284789952_545964905567837405_o-1024x683.jpg","datePublished":"2025-02-03T17:59:07+00:00","dateModified":"2026-03-02T20:47:10+00:00","breadcrumb":{"@id":"https:\/\/smyal.org\/volunteer-with-smyal\/#breadcrumb"},"inLanguage":"es","potentialAction":[{"@type":"ReadAction","target":["https:\/\/smyal.org\/volunteer-with-smyal\/"]}]},{"@type":"ImageObject","inLanguage":"es","@id":"https:\/\/smyal.org\/volunteer-with-smyal\/#primaryimage","url":"https:\/\/smyal.org\/wp-content\/uploads\/2021\/03\/26678605_10155350284789952_545964905567837405_o-1024x683.jpg","contentUrl":"https:\/\/smyal.org\/wp-content\/uploads\/2021\/03\/26678605_10155350284789952_545964905567837405_o-1024x683.jpg"},{"@type":"BreadcrumbList","@id":"https:\/\/smyal.org\/volunteer-with-smyal\/#breadcrumb","itemListElement":[{"@type":"ListItem","position":1,"name":"Home","item":"https:\/\/smyal.org\/"},{"@type":"ListItem","position":2,"name":"Volunteer With SMYAL"}]},{"@type":"WebSite","@id":"https:\/\/smyal.org\/#website","url":"https:\/\/smyal.org\/","name":"SMYAL","description":"","publisher":{"@id":"https:\/\/smyal.org\/#organization"},"potentialAction":[{"@type":"SearchAction","target":{"@type":"EntryPoint","urlTemplate":"https:\/\/smyal.org\/?s={search_term_string}"},"query-input":{"@type":"PropertyValueSpecification","valueRequired":true,"valueName":"search_term_string"}}],"inLanguage":"es"},{"@type":"Organization","@id":"https:\/\/smyal.org\/#organization","name":"SMYAL","url":"https:\/\/smyal.org\/","logo":{"@type":"ImageObject","inLanguage":"es","@id":"https:\/\/smyal.org\/#\/schema\/logo\/image\/","url":"https:\/\/smyal.org\/wp-content\/uploads\/2024\/06\/cropped-SMYAL-Logo-300x300-Transparent-Background.png","contentUrl":"https:\/\/smyal.org\/wp-content\/uploads\/2024\/06\/cropped-SMYAL-Logo-300x300-Transparent-Background.png","width":300,"height":157,"caption":"SMYAL"},"image":{"@id":"https:\/\/smyal.org\/#\/schema\/logo\/image\/"}}]}},"_links":{"self":[{"href":"https:\/\/smyal.org\/es\/wp-json\/wp\/v2\/pages\/1007","targetHints":{"allow":["GET"]}}],"collection":[{"href":"https:\/\/smyal.org\/es\/wp-json\/wp\/v2\/pages"}],"about":[{"href":"https:\/\/smyal.org\/es\/wp-json\/wp\/v2\/types\/page"}],"author":[{"embeddable":true,"href":"https:\/\/smyal.org\/es\/wp-json\/wp\/v2\/users\/1"}],"replies":[{"embeddable":true,"href":"https:\/\/smyal.org\/es\/wp-json\/wp\/v2\/comments?post=1007"}],"version-history":[{"count":19,"href":"https:\/\/smyal.org\/es\/wp-json\/wp\/v2\/pages\/1007\/revisions"}],"predecessor-version":[{"id":14843,"href":"https:\/\/smyal.org\/es\/wp-json\/wp\/v2\/pages\/1007\/revisions\/14843"}],"wp:attachment":[{"href":"https:\/\/smyal.org\/es\/wp-json\/wp\/v2\/media?parent=1007"}],"curies":[{"name":"wp","href":"https:\/\/api.w.org\/{rel}","templated":true}]}}