{"id":1031,"date":"2021-04-19T16:26:43","date_gmt":"2021-04-19T16:26:43","guid":{"rendered":"https:\/\/smyal.org\/?page_id=1031"},"modified":"2025-02-03T12:35:02","modified_gmt":"2025-02-03T17:35:02","slug":"supporting-lgbtq-youth-2","status":"publish","type":"page","link":"https:\/\/smyal.org\/es\/supporting-lgbtq-youth-2\/","title":{"rendered":"Recursos para adultos"},"content":{"rendered":"<div data-elementor-type=\"wp-page\" data-elementor-id=\"1031\" class=\"elementor elementor-1031\" data-elementor-post-type=\"page\">\n\t\t\t\t\t\t<section class=\"elementor-section elementor-top-section elementor-element elementor-element-4a7701e3 elementor-section-boxed elementor-section-height-default elementor-section-height-default\" data-id=\"4a7701e3\" data-element_type=\"section\" data-e-type=\"section\" data-settings=\"{&quot;background_background&quot;:&quot;gradient&quot;,&quot;shape_divider_bottom&quot;:&quot;curve&quot;,&quot;shape_divider_bottom_negative&quot;:&quot;yes&quot;}\">\n\t\t\t\t\t<div class=\"elementor-shape elementor-shape-bottom\" aria-hidden=\"true\" data-negative=\"true\">\n\t\t\t<svg xmlns=\"http:\/\/www.w3.org\/2000\/svg\" viewbox=\"0 0 1000 100\" preserveaspectratio=\"none\">\n\t<path class=\"elementor-shape-fill\" d=\"M500,97C126.7,96.3,0.8,19.8,0,0v100l1000,0V1C1000,19.4,873.3,97.8,500,97z\"\/>\n<\/svg>\t\t<\/div>\n\t\t\t\t\t<div class=\"elementor-container elementor-column-gap-default\">\n\t\t\t\t\t<div class=\"elementor-column elementor-col-100 elementor-top-column elementor-element elementor-element-4471f37\" data-id=\"4471f37\" data-element_type=\"column\" data-e-type=\"column\">\n\t\t\t<div class=\"elementor-widget-wrap elementor-element-populated\">\n\t\t\t\t\t\t<div class=\"elementor-element elementor-element-3e60ea12 elementor-widget elementor-widget-heading\" data-id=\"3e60ea12\" data-element_type=\"widget\" data-e-type=\"widget\" data-widget_type=\"heading.default\">\n\t\t\t\t<div class=\"elementor-widget-container\">\n\t\t\t\t\t<h1 class=\"elementor-heading-title elementor-size-default\">Recursos para adultos<\/h1>\t\t\t\t<\/div>\n\t\t\t\t<\/div>\n\t\t\t\t\t<\/div>\n\t\t<\/div>\n\t\t\t\t\t<\/div>\n\t\t<\/section>\n\t\t\t\t<section class=\"elementor-section elementor-top-section elementor-element elementor-element-c3202b9 elementor-section-boxed elementor-section-height-default elementor-section-height-default\" data-id=\"c3202b9\" data-element_type=\"section\" data-e-type=\"section\">\n\t\t\t\t\t\t<div class=\"elementor-container elementor-column-gap-default\">\n\t\t\t\t\t<div class=\"elementor-column elementor-col-100 elementor-top-column elementor-element elementor-element-79a5113\" data-id=\"79a5113\" data-element_type=\"column\" data-e-type=\"column\">\n\t\t\t<div class=\"elementor-widget-wrap elementor-element-populated\">\n\t\t\t\t\t\t<div class=\"elementor-element elementor-element-a29a4a4 elementor-widget elementor-widget-heading\" data-id=\"a29a4a4\" data-element_type=\"widget\" data-e-type=\"widget\" data-widget_type=\"heading.default\">\n\t\t\t\t<div class=\"elementor-widget-container\">\n\t\t\t\t\t<h2 class=\"elementor-heading-title elementor-size-default\">C\u00f3mo apoyar a los j\u00f3venes bajo su cuidado<\/h2>\t\t\t\t<\/div>\n\t\t\t\t<\/div>\n\t\t\t\t<div class=\"elementor-element elementor-element-221108e elementor-widget elementor-widget-text-editor\" data-id=\"221108e\" data-element_type=\"widget\" data-e-type=\"widget\" data-widget_type=\"text-editor.default\">\n\t\t\t\t<div class=\"elementor-widget-container\">\n\t\t\t\t\t\t\t\t\t<p class=\"after-h2 before-p\">Ser padre, ense\u00f1ar e interactuar con los j\u00f3venes puede ser una tarea dif\u00edcil. Nosotros, en SMYAL, buscamos apoyar a padres y maestros a medida que expanden el aprendizaje m\u00e1s all\u00e1 de lo normal. Los siguientes recursos pueden resultarle \u00fatiles mientras busca identificar formas nuevas y creativas de participar y explorar debates sobre g\u00e9nero e identidad con su juventud.<\/p><p>\u00a0<\/p><p class=\"after-p before-p\"><a href=\"\/es\/resources\/\">Recursos SMYAL<\/a><\/p><p>\u00a0<\/p><p class=\"after-p before-p\"><a href=\"\/es\/trainings\/\">Entrenamientos SMYAL<\/a><\/p><p>\u00a0<\/p><p class=\"after-p before-p\"><a href=\"\/es\/youth\/\">Programaci\u00f3n extraescolar SMYAL<\/a><\/p><p>\u00a0<\/p><p class=\"after-p before-p\"><a href=\"https:\/\/www.glsen.org\/educate\/resources\/curriculum\">Plan de estudios inclusivo LGBT (GLSEN)<\/a><\/p><p>\u00a0<\/p><p class=\"after-p before-p\"><a href=\"https:\/\/www.glsen.org\/educate\/resources\/lesson-plans\">Planes de lecciones sobre acoso, prejuicios y diversidad (GLSEN)<\/a><\/p><p>\u00a0<\/p><p class=\"after-p before-p\"><a href=\"https:\/\/www.genderspectrum.org\/youth\/\">Apoyar y cuidar a nuestra juventud de g\u00e9nero expansivo (espectro de g\u00e9nero)<\/a><\/p><p>\u00a0<\/p><p class=\"after-p before-p\"><a href=\"https:\/\/www.hrc.org\/youth-report\/supporting-and-caring-for-our-gender-expansive-youth\">Apoyar y cuidar a nuestra juventud con diversidad de g\u00e9nero (Campa\u00f1a de Derechos Humanos)<\/a><\/p><p>\u00a0<\/p><p class=\"after-p before-p\"><a href=\"https:\/\/www.hrc.org\/blog\/five-ways-parents-can-support-gender-expansive-children\">Cinco maneras en que los padres pueden apoyar a los ni\u00f1os con g\u00e9nero amplio (campa\u00f1a de derechos humanos)<\/a><\/p><p>\u00a0<\/p><p class=\"after-p before-p\"><a href=\"https:\/\/gsanetwork.org\/advisor-handbook\">Manual del asesor de la red de la Alianza de G\u00e9neros y Sexualidades<\/a><\/p>\t\t\t\t\t\t\t\t<\/div>\n\t\t\t\t<\/div>\n\t\t\t\t\t<\/div>\n\t\t<\/div>\n\t\t\t\t\t<\/div>\n\t\t<\/section>\n\t\t\t\t<\/div>","protected":false},"excerpt":{"rendered":"<p>Recursos para adultos C\u00f3mo apoyar a los j\u00f3venes bajo su cuidado Ser padre, ense\u00f1ar e interactuar con los j\u00f3venes puede ser una tarea dif\u00edcil. Nosotros, en SMYAL buscamos apoyar a padres y maestros... <a class=\"more-link\" href=\"https:\/\/smyal.org\/es\/supporting-lgbtq-youth-2\/\">seguir leyendo <span class=\"screen-reader-text\">Recursos para adultos<\/span><\/a><\/p>","protected":false},"author":1,"featured_media":0,"parent":0,"menu_order":0,"comment_status":"closed","ping_status":"closed","template":"","meta":{"_exactmetrics_skip_tracking":false,"_exactmetrics_sitenote_active":false,"_exactmetrics_sitenote_note":"","_exactmetrics_sitenote_category":0,"footnotes":"","_links_to":"","_links_to_target":""},"class_list":["post-1031","page","type-page","status-publish","hentry","entry"],"yoast_head":"<!-- This site is optimized with the Yoast SEO plugin v27.5 - https:\/\/yoast.com\/product\/yoast-seo-wordpress\/ -->\n<title>Adult Resources - SMYAL<\/title>\n<meta name=\"robots\" content=\"index, follow, max-snippet:-1, max-image-preview:large, max-video-preview:-1\" \/>\n<link rel=\"canonical\" href=\"https:\/\/smyal.org\/es\/supporting-lgbtq-youth-2\/\" \/>\n<meta property=\"og:locale\" content=\"es_MX\" \/>\n<meta property=\"og:type\" content=\"article\" \/>\n<meta property=\"og:title\" content=\"Adult Resources - SMYAL\" \/>\n<meta property=\"og:description\" content=\"Adult Resources How to support young people in your care Parenting, teaching, and interacting with youth can be a difficult task. We, at SMYAL seek to support parents and teachers&hellip; Seguir leyendo Adult Resources\" \/>\n<meta property=\"og:url\" content=\"https:\/\/smyal.org\/es\/supporting-lgbtq-youth-2\/\" \/>\n<meta property=\"og:site_name\" content=\"SMYAL\" \/>\n<meta property=\"article:modified_time\" content=\"2025-02-03T17:35:02+00:00\" \/>\n<meta name=\"twitter:card\" content=\"summary_large_image\" \/>\n<meta name=\"twitter:label1\" content=\"Tiempo de lectura\" \/>\n\t<meta name=\"twitter:data1\" content=\"1 minuto\" \/>\n<script type=\"application\/ld+json\" class=\"yoast-schema-graph\">{\"@context\":\"https:\\\/\\\/schema.org\",\"@graph\":[{\"@type\":\"WebPage\",\"@id\":\"https:\\\/\\\/smyal.org\\\/supporting-lgbtq-youth-2\\\/\",\"url\":\"https:\\\/\\\/smyal.org\\\/supporting-lgbtq-youth-2\\\/\",\"name\":\"Adult Resources - SMYAL\",\"isPartOf\":{\"@id\":\"https:\\\/\\\/smyal.org\\\/#website\"},\"datePublished\":\"2021-04-19T16:26:43+00:00\",\"dateModified\":\"2025-02-03T17:35:02+00:00\",\"breadcrumb\":{\"@id\":\"https:\\\/\\\/smyal.org\\\/supporting-lgbtq-youth-2\\\/#breadcrumb\"},\"inLanguage\":\"es\",\"potentialAction\":[{\"@type\":\"ReadAction\",\"target\":[\"https:\\\/\\\/smyal.org\\\/supporting-lgbtq-youth-2\\\/\"]}]},{\"@type\":\"BreadcrumbList\",\"@id\":\"https:\\\/\\\/smyal.org\\\/supporting-lgbtq-youth-2\\\/#breadcrumb\",\"itemListElement\":[{\"@type\":\"ListItem\",\"position\":1,\"name\":\"Home\",\"item\":\"https:\\\/\\\/smyal.org\\\/\"},{\"@type\":\"ListItem\",\"position\":2,\"name\":\"Adult Resources\"}]},{\"@type\":\"WebSite\",\"@id\":\"https:\\\/\\\/smyal.org\\\/#website\",\"url\":\"https:\\\/\\\/smyal.org\\\/\",\"name\":\"SMYAL\",\"description\":\"\",\"publisher\":{\"@id\":\"https:\\\/\\\/smyal.org\\\/#organization\"},\"potentialAction\":[{\"@type\":\"SearchAction\",\"target\":{\"@type\":\"EntryPoint\",\"urlTemplate\":\"https:\\\/\\\/smyal.org\\\/?s={search_term_string}\"},\"query-input\":{\"@type\":\"PropertyValueSpecification\",\"valueRequired\":true,\"valueName\":\"search_term_string\"}}],\"inLanguage\":\"es\"},{\"@type\":\"Organization\",\"@id\":\"https:\\\/\\\/smyal.org\\\/#organization\",\"name\":\"SMYAL\",\"url\":\"https:\\\/\\\/smyal.org\\\/\",\"logo\":{\"@type\":\"ImageObject\",\"inLanguage\":\"es\",\"@id\":\"https:\\\/\\\/smyal.org\\\/#\\\/schema\\\/logo\\\/image\\\/\",\"url\":\"https:\\\/\\\/smyal.org\\\/wp-content\\\/uploads\\\/2024\\\/06\\\/cropped-SMYAL-Logo-300x300-Transparent-Background.png\",\"contentUrl\":\"https:\\\/\\\/smyal.org\\\/wp-content\\\/uploads\\\/2024\\\/06\\\/cropped-SMYAL-Logo-300x300-Transparent-Background.png\",\"width\":300,\"height\":157,\"caption\":\"SMYAL\"},\"image\":{\"@id\":\"https:\\\/\\\/smyal.org\\\/#\\\/schema\\\/logo\\\/image\\\/\"}}]}<\/script>\n<!-- \/ Yoast SEO plugin. -->","yoast_head_json":{"title":"Adult Resources - SMYAL","robots":{"index":"index","follow":"follow","max-snippet":"max-snippet:-1","max-image-preview":"max-image-preview:large","max-video-preview":"max-video-preview:-1"},"canonical":"https:\/\/smyal.org\/es\/supporting-lgbtq-youth-2\/","og_locale":"es_MX","og_type":"article","og_title":"Adult Resources - SMYAL","og_description":"Adult Resources How to support young people in your care Parenting, teaching, and interacting with youth can be a difficult task. We, at SMYAL seek to support parents and teachers&hellip; Seguir leyendo Adult Resources","og_url":"https:\/\/smyal.org\/es\/supporting-lgbtq-youth-2\/","og_site_name":"SMYAL","article_modified_time":"2025-02-03T17:35:02+00:00","twitter_card":"summary_large_image","twitter_misc":{"Tiempo de lectura":"1 minuto"},"schema":{"@context":"https:\/\/schema.org","@graph":[{"@type":"WebPage","@id":"https:\/\/smyal.org\/supporting-lgbtq-youth-2\/","url":"https:\/\/smyal.org\/supporting-lgbtq-youth-2\/","name":"Adult Resources - SMYAL","isPartOf":{"@id":"https:\/\/smyal.org\/#website"},"datePublished":"2021-04-19T16:26:43+00:00","dateModified":"2025-02-03T17:35:02+00:00","breadcrumb":{"@id":"https:\/\/smyal.org\/supporting-lgbtq-youth-2\/#breadcrumb"},"inLanguage":"es","potentialAction":[{"@type":"ReadAction","target":["https:\/\/smyal.org\/supporting-lgbtq-youth-2\/"]}]},{"@type":"BreadcrumbList","@id":"https:\/\/smyal.org\/supporting-lgbtq-youth-2\/#breadcrumb","itemListElement":[{"@type":"ListItem","position":1,"name":"Home","item":"https:\/\/smyal.org\/"},{"@type":"ListItem","position":2,"name":"Adult Resources"}]},{"@type":"WebSite","@id":"https:\/\/smyal.org\/#website","url":"https:\/\/smyal.org\/","name":"SMYAL","description":"","publisher":{"@id":"https:\/\/smyal.org\/#organization"},"potentialAction":[{"@type":"SearchAction","target":{"@type":"EntryPoint","urlTemplate":"https:\/\/smyal.org\/?s={search_term_string}"},"query-input":{"@type":"PropertyValueSpecification","valueRequired":true,"valueName":"search_term_string"}}],"inLanguage":"es"},{"@type":"Organization","@id":"https:\/\/smyal.org\/#organization","name":"SMYAL","url":"https:\/\/smyal.org\/","logo":{"@type":"ImageObject","inLanguage":"es","@id":"https:\/\/smyal.org\/#\/schema\/logo\/image\/","url":"https:\/\/smyal.org\/wp-content\/uploads\/2024\/06\/cropped-SMYAL-Logo-300x300-Transparent-Background.png","contentUrl":"https:\/\/smyal.org\/wp-content\/uploads\/2024\/06\/cropped-SMYAL-Logo-300x300-Transparent-Background.png","width":300,"height":157,"caption":"SMYAL"},"image":{"@id":"https:\/\/smyal.org\/#\/schema\/logo\/image\/"}}]}},"_links":{"self":[{"href":"https:\/\/smyal.org\/es\/wp-json\/wp\/v2\/pages\/1031","targetHints":{"allow":["GET"]}}],"collection":[{"href":"https:\/\/smyal.org\/es\/wp-json\/wp\/v2\/pages"}],"about":[{"href":"https:\/\/smyal.org\/es\/wp-json\/wp\/v2\/types\/page"}],"author":[{"embeddable":true,"href":"https:\/\/smyal.org\/es\/wp-json\/wp\/v2\/users\/1"}],"replies":[{"embeddable":true,"href":"https:\/\/smyal.org\/es\/wp-json\/wp\/v2\/comments?post=1031"}],"version-history":[{"count":10,"href":"https:\/\/smyal.org\/es\/wp-json\/wp\/v2\/pages\/1031\/revisions"}],"predecessor-version":[{"id":9387,"href":"https:\/\/smyal.org\/es\/wp-json\/wp\/v2\/pages\/1031\/revisions\/9387"}],"wp:attachment":[{"href":"https:\/\/smyal.org\/es\/wp-json\/wp\/v2\/media?parent=1031"}],"curies":[{"name":"wp","href":"https:\/\/api.w.org\/{rel}","templated":true}]}}