{"id":10985,"date":"2025-02-03T12:54:44","date_gmt":"2025-02-03T17:54:44","guid":{"rendered":"https:\/\/smyal.org\/?page_id=10985"},"modified":"2026-03-09T09:18:20","modified_gmt":"2026-03-09T13:18:20","slug":"live-out-loud-award","status":"publish","type":"page","link":"https:\/\/smyal.org\/es\/live-out-loud-award\/","title":{"rendered":"Premio Live Out Loud de Sophie"},"content":{"rendered":"<div data-elementor-type=\"wp-page\" data-elementor-id=\"10985\" class=\"elementor elementor-10985\" data-elementor-post-type=\"page\">\n\t\t\t\t\t\t<section class=\"elementor-section elementor-top-section elementor-element elementor-element-1175efa elementor-section-boxed elementor-section-height-default elementor-section-height-default\" data-id=\"1175efa\" data-element_type=\"section\" data-e-type=\"section\" data-settings=\"{&quot;background_background&quot;:&quot;gradient&quot;,&quot;shape_divider_bottom&quot;:&quot;curve&quot;,&quot;shape_divider_bottom_negative&quot;:&quot;yes&quot;}\">\n\t\t\t\t\t<div class=\"elementor-shape elementor-shape-bottom\" aria-hidden=\"true\" data-negative=\"true\">\n\t\t\t<svg xmlns=\"http:\/\/www.w3.org\/2000\/svg\" viewbox=\"0 0 1000 100\" preserveaspectratio=\"none\">\n\t<path class=\"elementor-shape-fill\" d=\"M500,97C126.7,96.3,0.8,19.8,0,0v100l1000,0V1C1000,19.4,873.3,97.8,500,97z\"\/>\n<\/svg>\t\t<\/div>\n\t\t\t\t\t<div class=\"elementor-container elementor-column-gap-default\">\n\t\t\t\t\t<div class=\"elementor-column elementor-col-100 elementor-top-column elementor-element elementor-element-785d1140\" data-id=\"785d1140\" data-element_type=\"column\" data-e-type=\"column\">\n\t\t\t<div class=\"elementor-widget-wrap elementor-element-populated\">\n\t\t\t\t\t\t<div class=\"elementor-element elementor-element-7c1ead42 elementor-widget elementor-widget-heading\" data-id=\"7c1ead42\" data-element_type=\"widget\" data-e-type=\"widget\" data-widget_type=\"heading.default\">\n\t\t\t\t<div class=\"elementor-widget-container\">\n\t\t\t\t\t<h1 class=\"elementor-heading-title elementor-size-default\">Premio Live Out Loud de Sophie<\/h1>\t\t\t\t<\/div>\n\t\t\t\t<\/div>\n\t\t\t\t\t<\/div>\n\t\t<\/div>\n\t\t\t\t\t<\/div>\n\t\t<\/section>\n\t\t\t\t<section class=\"elementor-section elementor-top-section elementor-element elementor-element-2670e43 elementor-section-boxed elementor-section-height-default elementor-section-height-default\" data-id=\"2670e43\" data-element_type=\"section\" data-e-type=\"section\">\n\t\t\t\t\t\t<div class=\"elementor-container elementor-column-gap-default\">\n\t\t\t\t\t<div class=\"elementor-column elementor-col-100 elementor-top-column elementor-element elementor-element-e3f1826\" data-id=\"e3f1826\" data-element_type=\"column\" data-e-type=\"column\">\n\t\t\t<div class=\"elementor-widget-wrap elementor-element-populated\">\n\t\t\t\t\t\t<section class=\"elementor-section elementor-inner-section elementor-element elementor-element-dcc854f elementor-section-boxed elementor-section-height-default elementor-section-height-default\" data-id=\"dcc854f\" data-element_type=\"section\" data-e-type=\"section\">\n\t\t\t\t\t\t<div class=\"elementor-container elementor-column-gap-default\">\n\t\t\t\t\t<div class=\"elementor-column elementor-col-33 elementor-inner-column elementor-element elementor-element-2f7d853\" data-id=\"2f7d853\" data-element_type=\"column\" data-e-type=\"column\">\n\t\t\t<div class=\"elementor-widget-wrap\">\n\t\t\t\t\t\t\t<\/div>\n\t\t<\/div>\n\t\t\t\t<div class=\"elementor-column elementor-col-33 elementor-inner-column elementor-element elementor-element-95defe3\" data-id=\"95defe3\" data-element_type=\"column\" data-e-type=\"column\">\n\t\t\t<div class=\"elementor-widget-wrap elementor-element-populated\">\n\t\t\t\t\t\t<div class=\"elementor-element elementor-element-0e2684c elementor-widget elementor-widget-image\" data-id=\"0e2684c\" data-element_type=\"widget\" data-e-type=\"widget\" data-widget_type=\"image.default\">\n\t\t\t\t<div class=\"elementor-widget-container\">\n\t\t\t\t\t\t\t\t\t\t\t\t\t\t\t<img fetchpriority=\"high\" decoding=\"async\" width=\"750\" height=\"423\" src=\"https:\/\/smyal.org\/wp-content\/uploads\/2022\/03\/Sophies-Cover-Photo-768x433.png\" class=\"attachment-medium_large size-medium_large wp-image-10988\" alt=\"\" srcset=\"https:\/\/smyal.org\/wp-content\/uploads\/2022\/03\/Sophies-Cover-Photo-768x433.png 768w, https:\/\/smyal.org\/wp-content\/uploads\/2022\/03\/Sophies-Cover-Photo-300x169.png 300w, https:\/\/smyal.org\/wp-content\/uploads\/2022\/03\/Sophies-Cover-Photo-1024x577.png 1024w, https:\/\/smyal.org\/wp-content\/uploads\/2022\/03\/Sophies-Cover-Photo-1536x865.png 1536w, https:\/\/smyal.org\/wp-content\/uploads\/2022\/03\/Sophies-Cover-Photo-1568x883.png 1568w, https:\/\/smyal.org\/wp-content\/uploads\/2022\/03\/Sophies-Cover-Photo.png 1640w\" sizes=\"(max-width: 750px) 100vw, 750px\" style=\"width:100%;height:56.34%;max-width:1640px\" \/>\t\t\t\t\t\t\t\t\t\t\t\t\t\t\t<\/div>\n\t\t\t\t<\/div>\n\t\t\t\t\t<\/div>\n\t\t<\/div>\n\t\t\t\t<div class=\"elementor-column elementor-col-33 elementor-inner-column elementor-element elementor-element-a34c6aa\" data-id=\"a34c6aa\" data-element_type=\"column\" data-e-type=\"column\">\n\t\t\t<div class=\"elementor-widget-wrap\">\n\t\t\t\t\t\t\t<\/div>\n\t\t<\/div>\n\t\t\t\t\t<\/div>\n\t\t<\/section>\n\t\t\t\t<div class=\"elementor-element elementor-element-579b812 elementor-widget elementor-widget-text-editor\" data-id=\"579b812\" data-element_type=\"widget\" data-e-type=\"widget\" data-widget_type=\"text-editor.default\">\n\t\t\t\t<div class=\"elementor-widget-container\">\n\t\t\t\t\t\t\t\t\t<p>Nombrado en honor de Sophie Magerl,\u00a0<strong>Premio Live Out Loud de Sophie<\/strong> (LOLA) proporcionar\u00e1 una beca de $5000 para un l\u00edder estudiantil que encarne los valores de Sophie de autoexpresi\u00f3n, artes creativas, empoderamiento, resiliencia y dedicaci\u00f3n a la comunidad. Sophie era una joven inspiradora de 17 a\u00f1os que viv\u00eda en voz alta y luchaba para que otros pudieran expresarse libremente.<\/p><p>Te invitamos a conocer m\u00e1s sobre Sophie, su liderazgo y su pasi\u00f3n por vivir en voz alta.<\/p>\t\t\t\t\t\t\t\t<\/div>\n\t\t\t\t<\/div>\n\t\t\t\t<div class=\"elementor-element elementor-element-14ebc70 elementor-align-center elementor-widget elementor-widget-button\" data-id=\"14ebc70\" data-element_type=\"widget\" data-e-type=\"widget\" data-widget_type=\"button.default\">\n\t\t\t\t<div class=\"elementor-widget-container\">\n\t\t\t\t\t\t\t\t\t<div class=\"elementor-button-wrapper\">\n\t\t\t\t\t<a class=\"elementor-button elementor-button-link elementor-size-lg\" href=\"https:\/\/forms.gle\/FvKTd25V1sLs91Z69\">\n\t\t\t\t\t\t<span class=\"elementor-button-content-wrapper\">\n\t\t\t\t\t\t\t\t\t<span class=\"elementor-button-text\">Apply for a 2026 SMYAL Scholarship<\/span>\n\t\t\t\t\t<\/span>\n\t\t\t\t\t<\/a>\n\t\t\t\t<\/div>\n\t\t\t\t\t\t\t\t<\/div>\n\t\t\t\t<\/div>\n\t\t\t\t<div class=\"elementor-element elementor-element-3947b05 elementor-widget elementor-widget-spacer\" data-id=\"3947b05\" data-element_type=\"widget\" data-e-type=\"widget\" data-widget_type=\"spacer.default\">\n\t\t\t\t<div class=\"elementor-widget-container\">\n\t\t\t\t\t\t\t<div class=\"elementor-spacer\">\n\t\t\t<div class=\"elementor-spacer-inner\"><\/div>\n\t\t<\/div>\n\t\t\t\t\t\t<\/div>\n\t\t\t\t<\/div>\n\t\t\t\t\t<\/div>\n\t\t<\/div>\n\t\t\t\t\t<\/div>\n\t\t<\/section>\n\t\t\t\t<section class=\"elementor-section elementor-top-section elementor-element elementor-element-b1f859d elementor-section-boxed elementor-section-height-default elementor-section-height-default\" data-id=\"b1f859d\" data-element_type=\"section\" data-e-type=\"section\" data-settings=\"{&quot;background_background&quot;:&quot;classic&quot;}\">\n\t\t\t\t\t\t<div class=\"elementor-container elementor-column-gap-default\">\n\t\t\t\t\t<div class=\"elementor-column elementor-col-100 elementor-top-column elementor-element elementor-element-f49e410\" data-id=\"f49e410\" data-element_type=\"column\" data-e-type=\"column\">\n\t\t\t<div class=\"elementor-widget-wrap elementor-element-populated\">\n\t\t\t\t\t\t<section class=\"elementor-section elementor-inner-section elementor-element elementor-element-25fdcb9 elementor-section-boxed elementor-section-height-default elementor-section-height-default\" data-id=\"25fdcb9\" data-element_type=\"section\" data-e-type=\"section\">\n\t\t\t\t\t\t<div class=\"elementor-container elementor-column-gap-default\">\n\t\t\t\t\t<div class=\"elementor-column elementor-col-100 elementor-inner-column elementor-element elementor-element-421fb1d\" data-id=\"421fb1d\" data-element_type=\"column\" data-e-type=\"column\">\n\t\t\t<div class=\"elementor-widget-wrap elementor-element-populated\">\n\t\t\t\t\t\t<div class=\"elementor-element elementor-element-7953738 elementor-widget elementor-widget-text-editor\" data-id=\"7953738\" data-element_type=\"widget\" data-e-type=\"widget\" data-widget_type=\"text-editor.default\">\n\t\t\t\t<div class=\"elementor-widget-container\">\n\t\t\t\t\t\t\t\t\t<h1 style=\"text-align: center;\"><strong>Conoce a Sof\u00eda<\/strong><\/h1>\t\t\t\t\t\t\t\t<\/div>\n\t\t\t\t<\/div>\n\t\t\t\t<div class=\"elementor-element elementor-element-de03401 elementor-widget elementor-widget-text-editor\" data-id=\"de03401\" data-element_type=\"widget\" data-e-type=\"widget\" data-widget_type=\"text-editor.default\">\n\t\t\t\t<div class=\"elementor-widget-container\">\n\t\t\t\t\t\t\t\t\t<h4><b><img decoding=\"async\" class=\"wp-image-10989 alignright\" src=\"https:\/\/smyal.org\/wp-content\/uploads\/2022\/03\/hatcar-225x300.jpg\" alt=\"\" width=\"252\" height=\"336\" srcset=\"https:\/\/smyal.org\/wp-content\/uploads\/2022\/03\/hatcar-225x300.jpg 225w, https:\/\/smyal.org\/wp-content\/uploads\/2022\/03\/hatcar-768x1024.jpg 768w, https:\/\/smyal.org\/wp-content\/uploads\/2022\/03\/hatcar-1152x1536.jpg 1152w, https:\/\/smyal.org\/wp-content\/uploads\/2022\/03\/hatcar-1536x2048.jpg 1536w, https:\/\/smyal.org\/wp-content\/uploads\/2022\/03\/hatcar-1568x2091.jpg 1568w, https:\/\/smyal.org\/wp-content\/uploads\/2022\/03\/hatcar-scaled.jpg 1920w\" sizes=\"(max-width: 252px) 100vw, 252px\" \/>Viviendo en voz alta<\/b><\/h4><p><span style=\"font-weight: 400;\">Sophie Magerl vivi\u00f3 durante 17 a\u00f1os y experiment\u00f3 muchos de los desaf\u00edos que enfrenta cualquier ni\u00f1o que crece en una ciudad. Sophie crey\u00f3 desde peque\u00f1a que le gustaban m\u00e1s las ni\u00f1as que los ni\u00f1os. Le preocupaba lo que pensar\u00edan los dem\u00e1s, pero ten\u00eda suerte de estar rodeada de personas que la amaban por lo que era y ella lo sab\u00eda. <strong>Una noche, durante una cena, le preguntaron por qu\u00e9 nunca \u201chabl\u00f3\u201d con su familia, su respuesta encarn\u00f3 su manera de aceptarse a s\u00ed misma\/ellos mismos: \u201c\u00bfSaliste tan sinceramente?\u201d<\/strong><\/span><\/p><p><span style=\"font-weight: 400;\">Sophie viv\u00eda a todo pulm\u00f3n en el campo de f\u00fatbol, vestida con una falda de bailarina de boa y tuell encima de su uniforme. Viv\u00eda como una pat\u00e1n en el hospital, haciendo un collage de BLM para la puerta de su habitaci\u00f3n ya que no pod\u00eda participar en las protestas.<\/span><\/p><p><span style=\"font-weight: 400;\">Sophie vivi\u00f3 en voz alta explicando pacientemente a sus padres, compa\u00f1eros de estudios y cualquier otra persona que tuviera curiosidad, la importancia de los pronombres y las cuestiones de justicia social.<\/span><\/p><h4><b>\u00a0<\/b><\/h4><h4><b>Liderazgo silencioso<\/b><\/h4><p><span style=\"font-weight: 400;\"><strong>A lo largo de su vida, Sophie abraz\u00f3, honr\u00f3 y se expres\u00f3 sin preocuparse por lo que los dem\u00e1s pensaran o esperaran.<\/strong> Ese autoconocimiento y aceptaci\u00f3n la convirtieron en un im\u00e1n para todos los que se sent\u00edan diferentes, inc\u00f3modos o marginados. Anim\u00f3 a todos a ser fieles a s\u00ed mismos.\u00a0<\/span><\/p><p><span style=\"font-weight: 400;\">Incluso cuando a Sophie le diagnosticaron c\u00e1ncer, se neg\u00f3 a dejar que la enfermedad la definiera. Ella lidiar\u00eda con la leucemia en sus propios t\u00e9rminos. Cuando perdi\u00f3 el cabello, lo trabaj\u00f3. Cuando su cabello empez\u00f3 a crecer nuevamente, se lo ti\u00f1\u00f3 de verde. \u00bfIr al hospital por una tarde de quimioterapia? Parec\u00eda que Sophie iba a un club. No importa lo que la vida le deparara a Sophie, ella lo hac\u00eda suyo, con estilo, humor y amabilidad.<\/span><\/p><p><span style=\"font-weight: 400;\"><strong>Sophie nunca se consider\u00f3 una l\u00edder. Se acerc\u00f3 a una persona a la vez, en silencio, con sinceridad y con el coraz\u00f3n abierto.<\/strong> Despu\u00e9s de su muerte, su familia recibi\u00f3 mensajes de todo el mundo que dec\u00edan c\u00f3mo Sophie los hac\u00eda sentir vistos, especiales y amados.<\/span><\/p><h4><b>\u00a0<\/b><\/h4><h4><b>Muchas expresiones de convicci\u00f3n<\/b><\/h4><p><span style=\"font-weight: 400;\"><strong>Sophie era una talentosa artista visual, a veces m\u00fasico, y quer\u00eda ser una &quot;mujer John Mulaney&quot;.<\/strong> No hab\u00eda veneno en su agudo ingenio, s\u00f3lo una inteligencia alucinante. Caso en cuesti\u00f3n: despu\u00e9s de que la consideraron terminal, se compr\u00f3 un tatuaje de Ink Box que dec\u00eda &quot;temporal&quot;.\u00a0<\/span><\/p><h4><b>\u00a0<\/b><\/h4><h4><b>El papel de la educaci\u00f3n<\/b><\/h4><p><b> <\/b><span style=\"font-weight: 400;\">Sophie era una estudiante sobresaliente cuyo mayor dilema era si estudiar bellas artes o artes liberales. <strong>Al ser considerada terminal, Sophie cambi\u00f3 de direcci\u00f3n y quiso ser aprendiz en un sal\u00f3n de tatuajes.<\/strong><\/span><\/p>\t\t\t\t\t\t\t\t<\/div>\n\t\t\t\t<\/div>\n\t\t\t\t\t<\/div>\n\t\t<\/div>\n\t\t\t\t\t<\/div>\n\t\t<\/section>\n\t\t\t\t<div class=\"elementor-element elementor-element-22c0226 elementor-widget elementor-widget-spacer\" data-id=\"22c0226\" data-element_type=\"widget\" data-e-type=\"widget\" data-widget_type=\"spacer.default\">\n\t\t\t\t<div class=\"elementor-widget-container\">\n\t\t\t\t\t\t\t<div class=\"elementor-spacer\">\n\t\t\t<div class=\"elementor-spacer-inner\"><\/div>\n\t\t<\/div>\n\t\t\t\t\t\t<\/div>\n\t\t\t\t<\/div>\n\t\t\t\t\t<\/div>\n\t\t<\/div>\n\t\t\t\t\t<\/div>\n\t\t<\/section>\n\t\t\t\t<\/div>","protected":false},"excerpt":{"rendered":"<p>Premio Sophie&#039;s Live Out Loud Nombrado en honor a Sophie Magerl, el premio Sophie&#039;s Live Out Loud (LOLA) proporcionar\u00e1 una beca de $5,000 para un l\u00edder estudiantil que encarne los valores de Sophie de... <a class=\"more-link\" href=\"https:\/\/smyal.org\/es\/live-out-loud-award\/\">seguir leyendo <span class=\"screen-reader-text\">Premio Live Out Loud de Sophie<\/span><\/a><\/p>","protected":false},"author":4,"featured_media":0,"parent":0,"menu_order":0,"comment_status":"closed","ping_status":"closed","template":"","meta":{"_exactmetrics_skip_tracking":false,"_exactmetrics_sitenote_active":false,"_exactmetrics_sitenote_note":"","_exactmetrics_sitenote_category":0,"footnotes":"","_links_to":"","_links_to_target":""},"class_list":["post-10985","page","type-page","status-publish","hentry","entry"],"yoast_head":"<!-- This site is optimized with the Yoast SEO plugin v27.4 - https:\/\/yoast.com\/product\/yoast-seo-wordpress\/ -->\n<title>Sophie&#039;s Live Out Loud Award - Scholarships | SMYAL<\/title>\n<meta name=\"description\" content=\"Sophie\u2019s Live Out Loud Award will provide a $5,000 scholarship for one student leader who embodies Sophie\u2019s values of self-expression, creative arts, empowerment, resilience, and dedication to community.\" \/>\n<meta name=\"robots\" content=\"index, follow, max-snippet:-1, max-image-preview:large, max-video-preview:-1\" \/>\n<link rel=\"canonical\" href=\"https:\/\/smyal.org\/es\/live-out-loud-award\/\" \/>\n<meta property=\"og:locale\" content=\"es_MX\" \/>\n<meta property=\"og:type\" content=\"article\" \/>\n<meta property=\"og:title\" content=\"Sophie&#039;s Live Out Loud Award - Scholarships | SMYAL\" \/>\n<meta property=\"og:description\" content=\"Sophie\u2019s Live Out Loud Award will provide a $5,000 scholarship for one student leader who embodies Sophie\u2019s values of self-expression, creative arts, empowerment, resilience, and dedication to community.\" \/>\n<meta property=\"og:url\" content=\"https:\/\/smyal.org\/es\/live-out-loud-award\/\" \/>\n<meta property=\"og:site_name\" content=\"SMYAL\" \/>\n<meta property=\"article:modified_time\" content=\"2026-03-09T13:18:20+00:00\" \/>\n<meta property=\"og:image\" content=\"https:\/\/smyal.org\/wp-content\/uploads\/2022\/03\/Sophies-Cover-Photo.png\" \/>\n\t<meta property=\"og:image:width\" content=\"1640\" \/>\n\t<meta property=\"og:image:height\" content=\"924\" \/>\n\t<meta property=\"og:image:type\" content=\"image\/png\" \/>\n<meta name=\"twitter:card\" content=\"summary_large_image\" \/>\n<meta name=\"twitter:label1\" content=\"Tiempo de lectura\" \/>\n\t<meta name=\"twitter:data1\" content=\"3 minutos\" \/>\n<script type=\"application\/ld+json\" class=\"yoast-schema-graph\">{\"@context\":\"https:\\\/\\\/schema.org\",\"@graph\":[{\"@type\":\"WebPage\",\"@id\":\"https:\\\/\\\/smyal.org\\\/live-out-loud-award\\\/\",\"url\":\"https:\\\/\\\/smyal.org\\\/live-out-loud-award\\\/\",\"name\":\"Sophie's Live Out Loud Award - Scholarships | SMYAL\",\"isPartOf\":{\"@id\":\"https:\\\/\\\/smyal.org\\\/#website\"},\"primaryImageOfPage\":{\"@id\":\"https:\\\/\\\/smyal.org\\\/live-out-loud-award\\\/#primaryimage\"},\"image\":{\"@id\":\"https:\\\/\\\/smyal.org\\\/live-out-loud-award\\\/#primaryimage\"},\"thumbnailUrl\":\"https:\\\/\\\/smyal.org\\\/wp-content\\\/uploads\\\/2022\\\/03\\\/Sophies-Cover-Photo-768x433.png\",\"datePublished\":\"2025-02-03T17:54:44+00:00\",\"dateModified\":\"2026-03-09T13:18:20+00:00\",\"description\":\"Sophie\u2019s Live Out Loud Award will provide a $5,000 scholarship for one student leader who embodies Sophie\u2019s values of self-expression, creative arts, empowerment, resilience, and dedication to community.\",\"breadcrumb\":{\"@id\":\"https:\\\/\\\/smyal.org\\\/live-out-loud-award\\\/#breadcrumb\"},\"inLanguage\":\"es\",\"potentialAction\":[{\"@type\":\"ReadAction\",\"target\":[\"https:\\\/\\\/smyal.org\\\/live-out-loud-award\\\/\"]}]},{\"@type\":\"ImageObject\",\"inLanguage\":\"es\",\"@id\":\"https:\\\/\\\/smyal.org\\\/live-out-loud-award\\\/#primaryimage\",\"url\":\"https:\\\/\\\/smyal.org\\\/wp-content\\\/uploads\\\/2022\\\/03\\\/Sophies-Cover-Photo-768x433.png\",\"contentUrl\":\"https:\\\/\\\/smyal.org\\\/wp-content\\\/uploads\\\/2022\\\/03\\\/Sophies-Cover-Photo-768x433.png\"},{\"@type\":\"BreadcrumbList\",\"@id\":\"https:\\\/\\\/smyal.org\\\/live-out-loud-award\\\/#breadcrumb\",\"itemListElement\":[{\"@type\":\"ListItem\",\"position\":1,\"name\":\"Home\",\"item\":\"https:\\\/\\\/smyal.org\\\/\"},{\"@type\":\"ListItem\",\"position\":2,\"name\":\"Sophie&#8217;s Live Out Loud Award\"}]},{\"@type\":\"WebSite\",\"@id\":\"https:\\\/\\\/smyal.org\\\/#website\",\"url\":\"https:\\\/\\\/smyal.org\\\/\",\"name\":\"SMYAL\",\"description\":\"\",\"publisher\":{\"@id\":\"https:\\\/\\\/smyal.org\\\/#organization\"},\"potentialAction\":[{\"@type\":\"SearchAction\",\"target\":{\"@type\":\"EntryPoint\",\"urlTemplate\":\"https:\\\/\\\/smyal.org\\\/?s={search_term_string}\"},\"query-input\":{\"@type\":\"PropertyValueSpecification\",\"valueRequired\":true,\"valueName\":\"search_term_string\"}}],\"inLanguage\":\"es\"},{\"@type\":\"Organization\",\"@id\":\"https:\\\/\\\/smyal.org\\\/#organization\",\"name\":\"SMYAL\",\"url\":\"https:\\\/\\\/smyal.org\\\/\",\"logo\":{\"@type\":\"ImageObject\",\"inLanguage\":\"es\",\"@id\":\"https:\\\/\\\/smyal.org\\\/#\\\/schema\\\/logo\\\/image\\\/\",\"url\":\"https:\\\/\\\/smyal.org\\\/wp-content\\\/uploads\\\/2024\\\/06\\\/cropped-SMYAL-Logo-300x300-Transparent-Background.png\",\"contentUrl\":\"https:\\\/\\\/smyal.org\\\/wp-content\\\/uploads\\\/2024\\\/06\\\/cropped-SMYAL-Logo-300x300-Transparent-Background.png\",\"width\":300,\"height\":157,\"caption\":\"SMYAL\"},\"image\":{\"@id\":\"https:\\\/\\\/smyal.org\\\/#\\\/schema\\\/logo\\\/image\\\/\"}}]}<\/script>\n<!-- \/ Yoast SEO plugin. -->","yoast_head_json":{"title":"Sophie's Live Out Loud Award - Scholarships | SMYAL","description":"Sophie\u2019s Live Out Loud Award will provide a $5,000 scholarship for one student leader who embodies Sophie\u2019s values of self-expression, creative arts, empowerment, resilience, and dedication to community.","robots":{"index":"index","follow":"follow","max-snippet":"max-snippet:-1","max-image-preview":"max-image-preview:large","max-video-preview":"max-video-preview:-1"},"canonical":"https:\/\/smyal.org\/es\/live-out-loud-award\/","og_locale":"es_MX","og_type":"article","og_title":"Sophie's Live Out Loud Award - Scholarships | SMYAL","og_description":"Sophie\u2019s Live Out Loud Award will provide a $5,000 scholarship for one student leader who embodies Sophie\u2019s values of self-expression, creative arts, empowerment, resilience, and dedication to community.","og_url":"https:\/\/smyal.org\/es\/live-out-loud-award\/","og_site_name":"SMYAL","article_modified_time":"2026-03-09T13:18:20+00:00","og_image":[{"width":1640,"height":924,"url":"https:\/\/smyal.org\/wp-content\/uploads\/2022\/03\/Sophies-Cover-Photo.png","type":"image\/png"}],"twitter_card":"summary_large_image","twitter_misc":{"Tiempo de lectura":"3 minutos"},"schema":{"@context":"https:\/\/schema.org","@graph":[{"@type":"WebPage","@id":"https:\/\/smyal.org\/live-out-loud-award\/","url":"https:\/\/smyal.org\/live-out-loud-award\/","name":"Sophie's Live Out Loud Award - Scholarships | SMYAL","isPartOf":{"@id":"https:\/\/smyal.org\/#website"},"primaryImageOfPage":{"@id":"https:\/\/smyal.org\/live-out-loud-award\/#primaryimage"},"image":{"@id":"https:\/\/smyal.org\/live-out-loud-award\/#primaryimage"},"thumbnailUrl":"https:\/\/smyal.org\/wp-content\/uploads\/2022\/03\/Sophies-Cover-Photo-768x433.png","datePublished":"2025-02-03T17:54:44+00:00","dateModified":"2026-03-09T13:18:20+00:00","description":"Sophie\u2019s Live Out Loud Award will provide a $5,000 scholarship for one student leader who embodies Sophie\u2019s values of self-expression, creative arts, empowerment, resilience, and dedication to community.","breadcrumb":{"@id":"https:\/\/smyal.org\/live-out-loud-award\/#breadcrumb"},"inLanguage":"es","potentialAction":[{"@type":"ReadAction","target":["https:\/\/smyal.org\/live-out-loud-award\/"]}]},{"@type":"ImageObject","inLanguage":"es","@id":"https:\/\/smyal.org\/live-out-loud-award\/#primaryimage","url":"https:\/\/smyal.org\/wp-content\/uploads\/2022\/03\/Sophies-Cover-Photo-768x433.png","contentUrl":"https:\/\/smyal.org\/wp-content\/uploads\/2022\/03\/Sophies-Cover-Photo-768x433.png"},{"@type":"BreadcrumbList","@id":"https:\/\/smyal.org\/live-out-loud-award\/#breadcrumb","itemListElement":[{"@type":"ListItem","position":1,"name":"Home","item":"https:\/\/smyal.org\/"},{"@type":"ListItem","position":2,"name":"Sophie&#8217;s Live Out Loud Award"}]},{"@type":"WebSite","@id":"https:\/\/smyal.org\/#website","url":"https:\/\/smyal.org\/","name":"SMYAL","description":"","publisher":{"@id":"https:\/\/smyal.org\/#organization"},"potentialAction":[{"@type":"SearchAction","target":{"@type":"EntryPoint","urlTemplate":"https:\/\/smyal.org\/?s={search_term_string}"},"query-input":{"@type":"PropertyValueSpecification","valueRequired":true,"valueName":"search_term_string"}}],"inLanguage":"es"},{"@type":"Organization","@id":"https:\/\/smyal.org\/#organization","name":"SMYAL","url":"https:\/\/smyal.org\/","logo":{"@type":"ImageObject","inLanguage":"es","@id":"https:\/\/smyal.org\/#\/schema\/logo\/image\/","url":"https:\/\/smyal.org\/wp-content\/uploads\/2024\/06\/cropped-SMYAL-Logo-300x300-Transparent-Background.png","contentUrl":"https:\/\/smyal.org\/wp-content\/uploads\/2024\/06\/cropped-SMYAL-Logo-300x300-Transparent-Background.png","width":300,"height":157,"caption":"SMYAL"},"image":{"@id":"https:\/\/smyal.org\/#\/schema\/logo\/image\/"}}]}},"_links":{"self":[{"href":"https:\/\/smyal.org\/es\/wp-json\/wp\/v2\/pages\/10985","targetHints":{"allow":["GET"]}}],"collection":[{"href":"https:\/\/smyal.org\/es\/wp-json\/wp\/v2\/pages"}],"about":[{"href":"https:\/\/smyal.org\/es\/wp-json\/wp\/v2\/types\/page"}],"author":[{"embeddable":true,"href":"https:\/\/smyal.org\/es\/wp-json\/wp\/v2\/users\/4"}],"replies":[{"embeddable":true,"href":"https:\/\/smyal.org\/es\/wp-json\/wp\/v2\/comments?post=10985"}],"version-history":[{"count":25,"href":"https:\/\/smyal.org\/es\/wp-json\/wp\/v2\/pages\/10985\/revisions"}],"predecessor-version":[{"id":14872,"href":"https:\/\/smyal.org\/es\/wp-json\/wp\/v2\/pages\/10985\/revisions\/14872"}],"wp:attachment":[{"href":"https:\/\/smyal.org\/es\/wp-json\/wp\/v2\/media?parent=10985"}],"curies":[{"name":"wp","href":"https:\/\/api.w.org\/{rel}","templated":true}]}}