{"id":12396,"date":"2023-06-21T10:35:36","date_gmt":"2023-06-21T14:35:36","guid":{"rendered":"https:\/\/smyal.org\/?page_id=12396"},"modified":"2025-02-03T12:30:04","modified_gmt":"2025-02-03T17:30:04","slug":"clinical-services-faqs","status":"publish","type":"page","link":"https:\/\/smyal.org\/es\/clinicalservices\/clinical-services-faqs\/","title":{"rendered":"Preguntas frecuentes sobre servicios cl\u00ednicos"},"content":{"rendered":"<div data-elementor-type=\"wp-page\" data-elementor-id=\"12396\" class=\"elementor elementor-12396\" data-elementor-post-type=\"page\">\n\t\t\t\t\t\t<section class=\"elementor-section elementor-top-section elementor-element elementor-element-4eabf28 elementor-section-boxed elementor-section-height-default elementor-section-height-default\" data-id=\"4eabf28\" data-element_type=\"section\" data-e-type=\"section\" data-settings=\"{&quot;background_background&quot;:&quot;gradient&quot;,&quot;shape_divider_bottom&quot;:&quot;curve&quot;,&quot;shape_divider_bottom_negative&quot;:&quot;yes&quot;}\">\n\t\t\t\t\t<div class=\"elementor-shape elementor-shape-bottom\" aria-hidden=\"true\" data-negative=\"true\">\n\t\t\t<svg xmlns=\"http:\/\/www.w3.org\/2000\/svg\" viewbox=\"0 0 1000 100\" preserveaspectratio=\"none\">\n\t<path class=\"elementor-shape-fill\" d=\"M500,97C126.7,96.3,0.8,19.8,0,0v100l1000,0V1C1000,19.4,873.3,97.8,500,97z\"\/>\n<\/svg>\t\t<\/div>\n\t\t\t\t\t<div class=\"elementor-container elementor-column-gap-default\">\n\t\t\t\t\t<div class=\"elementor-column elementor-col-100 elementor-top-column elementor-element elementor-element-5fc4686\" data-id=\"5fc4686\" data-element_type=\"column\" data-e-type=\"column\">\n\t\t\t<div class=\"elementor-widget-wrap elementor-element-populated\">\n\t\t\t\t\t\t<div class=\"elementor-element elementor-element-dddbdd9 elementor-widget elementor-widget-heading\" data-id=\"dddbdd9\" data-element_type=\"widget\" data-e-type=\"widget\" data-widget_type=\"heading.default\">\n\t\t\t\t<div class=\"elementor-widget-container\">\n\t\t\t\t\t<h1 class=\"elementor-heading-title elementor-size-default\">Preguntas frecuentes sobre asesoramiento sobre salud mental<\/h1>\t\t\t\t<\/div>\n\t\t\t\t<\/div>\n\t\t\t\t\t<\/div>\n\t\t<\/div>\n\t\t\t\t\t<\/div>\n\t\t<\/section>\n\t\t\t\t<section class=\"elementor-section elementor-top-section elementor-element elementor-element-1349202 elementor-section-boxed elementor-section-height-default elementor-section-height-default\" data-id=\"1349202\" data-element_type=\"section\" data-e-type=\"section\">\n\t\t\t\t\t\t<div class=\"elementor-container elementor-column-gap-default\">\n\t\t\t\t\t<div class=\"elementor-column elementor-col-100 elementor-top-column elementor-element elementor-element-85c6d2b\" data-id=\"85c6d2b\" data-element_type=\"column\" data-e-type=\"column\">\n\t\t\t<div class=\"elementor-widget-wrap elementor-element-populated\">\n\t\t\t\t\t\t<div class=\"elementor-element elementor-element-86e8a86 elementor-widget elementor-widget-image\" data-id=\"86e8a86\" data-element_type=\"widget\" data-e-type=\"widget\" data-widget_type=\"image.default\">\n\t\t\t\t<div class=\"elementor-widget-container\">\n\t\t\t\t\t\t\t\t\t\t\t\t\t\t\t<img fetchpriority=\"high\" decoding=\"async\" width=\"750\" height=\"188\" src=\"https:\/\/smyal.org\/wp-content\/uploads\/2023\/06\/Mental-Health-Banner-1024x256.png\" class=\"attachment-large size-large wp-image-12395\" alt=\"\" srcset=\"https:\/\/smyal.org\/wp-content\/uploads\/2023\/06\/Mental-Health-Banner-1024x256.png 1024w, https:\/\/smyal.org\/wp-content\/uploads\/2023\/06\/Mental-Health-Banner-300x75.png 300w, https:\/\/smyal.org\/wp-content\/uploads\/2023\/06\/Mental-Health-Banner-768x192.png 768w, https:\/\/smyal.org\/wp-content\/uploads\/2023\/06\/Mental-Health-Banner-1536x384.png 1536w, https:\/\/smyal.org\/wp-content\/uploads\/2023\/06\/Mental-Health-Banner-1568x392.png 1568w, https:\/\/smyal.org\/wp-content\/uploads\/2023\/06\/Mental-Health-Banner.png 2048w\" sizes=\"(max-width: 750px) 100vw, 750px\" style=\"width:100%;height:25%;max-width:2048px\" \/>\t\t\t\t\t\t\t\t\t\t\t\t\t\t\t<\/div>\n\t\t\t\t<\/div>\n\t\t\t\t<div class=\"elementor-element elementor-element-073a7f0 elementor-widget elementor-widget-text-editor\" data-id=\"073a7f0\" data-element_type=\"widget\" data-e-type=\"widget\" data-widget_type=\"text-editor.default\">\n\t\t\t\t<div class=\"elementor-widget-container\">\n\t\t\t\t\t\t\t\t\t<section class=\"container\"><div class=\"row\"><div class=\"spb_content_element col-sm-12 lede-text spb_text_column\"><div class=\"spb-asset-content\"><h4 style=\"text-align: left;\">\u00bfPara qui\u00e9n son estos servicios?<\/h4><\/div><\/div><\/div><\/section><section class=\"container\"><div class=\"row\"><div class=\"spb_content_element col-sm-12 spb_text_column\"><p>Los Servicios Cl\u00ednicos de SMYAL est\u00e1n abiertos a <strong>J\u00f3venes LGBTQ+ de 6 a 24 a\u00f1os.<\/strong><\/p><h4>\u00a0<\/h4><h4>\u00bfQu\u00e9 servicios est\u00e1n disponibles?<\/h4><ul><li>Terapia individual<\/li><li>Terapia de grupo<\/li><li>Terapia de juego para edades de 6 a 12 a\u00f1os.<\/li><li>Apoyo a familias y cuidadores<\/li><li>Soporte biling\u00fce en ingl\u00e9s y espa\u00f1ol<\/li><\/ul><h4>\u00a0<\/h4><h4>\u00bfCu\u00e1nto cuesta?<\/h4><p><strong>Todos los programas y servicios del Departamento de Servicios Cl\u00ednicos de SMYAL son<\/strong> <strong>100% gratis!<\/strong> Si tiene alguna pregunta sobre seguros, comun\u00edquese con <a href=\"mailto:ClinicalServices@SMYAL.org\">ClinicalServices@SMYAL.org<\/a>.<\/p><\/div><\/div><h4>\u00a0<\/h4><h4>\u00bfD\u00f3nde se llevan a cabo las sesiones?<\/h4><p><strong>Todas las sesiones se llevar\u00e1n a cabo en las oficinas principales de SMYAL en 410 7th Street SE, Washington, DC.<\/strong> Las oficinas est\u00e1n ubicadas a solo una cuadra de la parada de metro Eastern Market (l\u00ednea Azul, Naranja, Plata) y son accesibles mediante m\u00faltiples l\u00edneas de colectivos. Hay estacionamiento en la calle durante 2 horas disponible en los vecindarios circundantes.<\/p><h4>\u00a0<\/h4><h4>\u00bfOfrecen servicios para clientes de habla hispana?<\/h4><p>\u00a1S\u00ed! El asesoramiento sobre salud mental est\u00e1 disponible tanto en ingl\u00e9s como en espa\u00f1ol a trav\u00e9s del <a href=\"https:\/\/dchr.dc.gov\/service\/language-access-1\">L\u00ednea de ayuda de acceso ling\u00fc\u00edstico<\/a>. Indique sus preferencias de idioma cuando se comunique con nuestras oficinas.<\/p><\/section><p>\u00a0<\/p><h4>\u00bfCon qui\u00e9n estar\u00e9 trabajando?<\/h4><p>El compasivo equipo de terapeutas y m\u00e9dicos de SMYAL son expertos en trabajar con j\u00f3venes queer y trans. Conozca m\u00e1s sobre nuestros terapeutas aqu\u00ed.<\/p><section class=\"container\"><h4>\u00a0<\/h4><h4>\u00bfC\u00f3mo puedo registrarme para recibir servicios?<\/h4><p>Si est\u00e1 interesado en conectarse a los servicios de salud mental de SMYAL, complete un <a href=\"https:\/\/smyal.org\/wp-content\/uploads\/2023\/02\/SMYAL-Youth-Referral-Form-2023-Fillable.pdf\">formulario de referencia<\/a> y enviarlo por correo electr\u00f3nico a <a style=\"background-color: #ffffff;\" href=\"mailto:ClinicalServices@SMYAL.org\">ClinicalServices@SMYAL.org <\/a><span style=\"color: var( --e-global-color-text );\">o llamar <strong>202-617-5645<\/strong>.<\/span><\/p><\/section>\t\t\t\t\t\t\t\t<\/div>\n\t\t\t\t<\/div>\n\t\t\t\t<div class=\"elementor-element elementor-element-5365516 elementor-align-center elementor-widget elementor-widget-button\" data-id=\"5365516\" data-element_type=\"widget\" data-e-type=\"widget\" data-widget_type=\"button.default\">\n\t\t\t\t<div class=\"elementor-widget-container\">\n\t\t\t\t\t\t\t\t\t<div class=\"elementor-button-wrapper\">\n\t\t\t\t\t<a class=\"elementor-button elementor-button-link elementor-size-lg\" href=\"https:\/\/smyal.org\/wp-content\/uploads\/2023\/02\/SMYAL-Youth-Referral-Form-2023-Fillable.pdf\">\n\t\t\t\t\t\t<span class=\"elementor-button-content-wrapper\">\n\t\t\t\t\t\t\t\t\t<span class=\"elementor-button-text\">Formulario de referencia<\/span>\n\t\t\t\t\t<\/span>\n\t\t\t\t\t<\/a>\n\t\t\t\t<\/div>\n\t\t\t\t\t\t\t\t<\/div>\n\t\t\t\t<\/div>\n\t\t\t\t\t<\/div>\n\t\t<\/div>\n\t\t\t\t\t<\/div>\n\t\t<\/section>\n\t\t\t\t<\/div>","protected":false},"excerpt":{"rendered":"<p>Preguntas frecuentes sobre asesoramiento sobre salud mental \u00bfPara qui\u00e9n son estos servicios? Los servicios cl\u00ednicos de SMYAL est\u00e1n abiertos a j\u00f3venes LGBTQ de 6 a 24 a\u00f1os. \u00bfQu\u00e9 servicios est\u00e1n disponibles? Terapia Individual Terapia Grupal Terapia de Juego\u2026 <a class=\"more-link\" href=\"https:\/\/smyal.org\/es\/clinicalservices\/clinical-services-faqs\/\">seguir leyendo <span class=\"screen-reader-text\">Preguntas frecuentes sobre servicios cl\u00ednicos<\/span><\/a><\/p>","protected":false},"author":4,"featured_media":0,"parent":10172,"menu_order":0,"comment_status":"closed","ping_status":"closed","template":"","meta":{"_exactmetrics_skip_tracking":false,"_exactmetrics_sitenote_active":false,"_exactmetrics_sitenote_note":"","_exactmetrics_sitenote_category":0,"footnotes":"","_links_to":"","_links_to_target":""},"class_list":["post-12396","page","type-page","status-publish","hentry","entry"],"yoast_head":"<!-- This site is optimized with the Yoast SEO plugin v27.3 - https:\/\/yoast.com\/product\/yoast-seo-wordpress\/ -->\n<title>Clinical Services FAQs - SMYAL<\/title>\n<meta name=\"description\" content=\"FAQs about SMYAL&#039;s mental health counseling services for LGBTQ+ youth. Get all your questions answered here.\" \/>\n<meta name=\"robots\" content=\"index, follow, max-snippet:-1, max-image-preview:large, max-video-preview:-1\" \/>\n<link rel=\"canonical\" href=\"https:\/\/smyal.org\/es\/clinicalservices\/clinical-services-faqs\/\" \/>\n<meta property=\"og:locale\" content=\"es_MX\" \/>\n<meta property=\"og:type\" content=\"article\" \/>\n<meta property=\"og:title\" content=\"Clinical Services FAQs - SMYAL\" \/>\n<meta property=\"og:description\" content=\"FAQs about SMYAL&#039;s mental health counseling services for LGBTQ+ youth. Get all your questions answered here.\" \/>\n<meta property=\"og:url\" content=\"https:\/\/smyal.org\/es\/clinicalservices\/clinical-services-faqs\/\" \/>\n<meta property=\"og:site_name\" content=\"SMYAL\" \/>\n<meta property=\"article:modified_time\" content=\"2025-02-03T17:30:04+00:00\" \/>\n<meta name=\"twitter:card\" content=\"summary_large_image\" \/>\n<meta name=\"twitter:label1\" content=\"Tiempo de lectura\" \/>\n\t<meta name=\"twitter:data1\" content=\"1 minuto\" \/>\n<script type=\"application\/ld+json\" class=\"yoast-schema-graph\">{\"@context\":\"https:\\\/\\\/schema.org\",\"@graph\":[{\"@type\":\"WebPage\",\"@id\":\"https:\\\/\\\/smyal.org\\\/clinicalservices\\\/clinical-services-faqs\\\/\",\"url\":\"https:\\\/\\\/smyal.org\\\/clinicalservices\\\/clinical-services-faqs\\\/\",\"name\":\"Clinical Services FAQs - SMYAL\",\"isPartOf\":{\"@id\":\"https:\\\/\\\/smyal.org\\\/#website\"},\"datePublished\":\"2023-06-21T14:35:36+00:00\",\"dateModified\":\"2025-02-03T17:30:04+00:00\",\"description\":\"FAQs about SMYAL's mental health counseling services for LGBTQ+ youth. Get all your questions answered here.\",\"breadcrumb\":{\"@id\":\"https:\\\/\\\/smyal.org\\\/clinicalservices\\\/clinical-services-faqs\\\/#breadcrumb\"},\"inLanguage\":\"es\",\"potentialAction\":[{\"@type\":\"ReadAction\",\"target\":[\"https:\\\/\\\/smyal.org\\\/clinicalservices\\\/clinical-services-faqs\\\/\"]}]},{\"@type\":\"BreadcrumbList\",\"@id\":\"https:\\\/\\\/smyal.org\\\/clinicalservices\\\/clinical-services-faqs\\\/#breadcrumb\",\"itemListElement\":[{\"@type\":\"ListItem\",\"position\":1,\"name\":\"Home\",\"item\":\"https:\\\/\\\/smyal.org\\\/\"},{\"@type\":\"ListItem\",\"position\":2,\"name\":\"Clinical Services\",\"item\":\"https:\\\/\\\/smyal.org\\\/clinicalservices\\\/\"},{\"@type\":\"ListItem\",\"position\":3,\"name\":\"Clinical Services FAQs\"}]},{\"@type\":\"WebSite\",\"@id\":\"https:\\\/\\\/smyal.org\\\/#website\",\"url\":\"https:\\\/\\\/smyal.org\\\/\",\"name\":\"SMYAL\",\"description\":\"\",\"publisher\":{\"@id\":\"https:\\\/\\\/smyal.org\\\/#organization\"},\"potentialAction\":[{\"@type\":\"SearchAction\",\"target\":{\"@type\":\"EntryPoint\",\"urlTemplate\":\"https:\\\/\\\/smyal.org\\\/?s={search_term_string}\"},\"query-input\":{\"@type\":\"PropertyValueSpecification\",\"valueRequired\":true,\"valueName\":\"search_term_string\"}}],\"inLanguage\":\"es\"},{\"@type\":\"Organization\",\"@id\":\"https:\\\/\\\/smyal.org\\\/#organization\",\"name\":\"SMYAL\",\"url\":\"https:\\\/\\\/smyal.org\\\/\",\"logo\":{\"@type\":\"ImageObject\",\"inLanguage\":\"es\",\"@id\":\"https:\\\/\\\/smyal.org\\\/#\\\/schema\\\/logo\\\/image\\\/\",\"url\":\"https:\\\/\\\/smyal.org\\\/wp-content\\\/uploads\\\/2024\\\/06\\\/cropped-SMYAL-Logo-300x300-Transparent-Background.png\",\"contentUrl\":\"https:\\\/\\\/smyal.org\\\/wp-content\\\/uploads\\\/2024\\\/06\\\/cropped-SMYAL-Logo-300x300-Transparent-Background.png\",\"width\":300,\"height\":157,\"caption\":\"SMYAL\"},\"image\":{\"@id\":\"https:\\\/\\\/smyal.org\\\/#\\\/schema\\\/logo\\\/image\\\/\"}}]}<\/script>\n<!-- \/ Yoast SEO plugin. -->","yoast_head_json":{"title":"Clinical Services FAQs - SMYAL","description":"FAQs about SMYAL's mental health counseling services for LGBTQ+ youth. Get all your questions answered here.","robots":{"index":"index","follow":"follow","max-snippet":"max-snippet:-1","max-image-preview":"max-image-preview:large","max-video-preview":"max-video-preview:-1"},"canonical":"https:\/\/smyal.org\/es\/clinicalservices\/clinical-services-faqs\/","og_locale":"es_MX","og_type":"article","og_title":"Clinical Services FAQs - SMYAL","og_description":"FAQs about SMYAL's mental health counseling services for LGBTQ+ youth. Get all your questions answered here.","og_url":"https:\/\/smyal.org\/es\/clinicalservices\/clinical-services-faqs\/","og_site_name":"SMYAL","article_modified_time":"2025-02-03T17:30:04+00:00","twitter_card":"summary_large_image","twitter_misc":{"Tiempo de lectura":"1 minuto"},"schema":{"@context":"https:\/\/schema.org","@graph":[{"@type":"WebPage","@id":"https:\/\/smyal.org\/clinicalservices\/clinical-services-faqs\/","url":"https:\/\/smyal.org\/clinicalservices\/clinical-services-faqs\/","name":"Clinical Services FAQs - SMYAL","isPartOf":{"@id":"https:\/\/smyal.org\/#website"},"datePublished":"2023-06-21T14:35:36+00:00","dateModified":"2025-02-03T17:30:04+00:00","description":"FAQs about SMYAL's mental health counseling services for LGBTQ+ youth. Get all your questions answered here.","breadcrumb":{"@id":"https:\/\/smyal.org\/clinicalservices\/clinical-services-faqs\/#breadcrumb"},"inLanguage":"es","potentialAction":[{"@type":"ReadAction","target":["https:\/\/smyal.org\/clinicalservices\/clinical-services-faqs\/"]}]},{"@type":"BreadcrumbList","@id":"https:\/\/smyal.org\/clinicalservices\/clinical-services-faqs\/#breadcrumb","itemListElement":[{"@type":"ListItem","position":1,"name":"Home","item":"https:\/\/smyal.org\/"},{"@type":"ListItem","position":2,"name":"Clinical Services","item":"https:\/\/smyal.org\/clinicalservices\/"},{"@type":"ListItem","position":3,"name":"Clinical Services FAQs"}]},{"@type":"WebSite","@id":"https:\/\/smyal.org\/#website","url":"https:\/\/smyal.org\/","name":"SMYAL","description":"","publisher":{"@id":"https:\/\/smyal.org\/#organization"},"potentialAction":[{"@type":"SearchAction","target":{"@type":"EntryPoint","urlTemplate":"https:\/\/smyal.org\/?s={search_term_string}"},"query-input":{"@type":"PropertyValueSpecification","valueRequired":true,"valueName":"search_term_string"}}],"inLanguage":"es"},{"@type":"Organization","@id":"https:\/\/smyal.org\/#organization","name":"SMYAL","url":"https:\/\/smyal.org\/","logo":{"@type":"ImageObject","inLanguage":"es","@id":"https:\/\/smyal.org\/#\/schema\/logo\/image\/","url":"https:\/\/smyal.org\/wp-content\/uploads\/2024\/06\/cropped-SMYAL-Logo-300x300-Transparent-Background.png","contentUrl":"https:\/\/smyal.org\/wp-content\/uploads\/2024\/06\/cropped-SMYAL-Logo-300x300-Transparent-Background.png","width":300,"height":157,"caption":"SMYAL"},"image":{"@id":"https:\/\/smyal.org\/#\/schema\/logo\/image\/"}}]}},"_links":{"self":[{"href":"https:\/\/smyal.org\/es\/wp-json\/wp\/v2\/pages\/12396","targetHints":{"allow":["GET"]}}],"collection":[{"href":"https:\/\/smyal.org\/es\/wp-json\/wp\/v2\/pages"}],"about":[{"href":"https:\/\/smyal.org\/es\/wp-json\/wp\/v2\/types\/page"}],"author":[{"embeddable":true,"href":"https:\/\/smyal.org\/es\/wp-json\/wp\/v2\/users\/4"}],"replies":[{"embeddable":true,"href":"https:\/\/smyal.org\/es\/wp-json\/wp\/v2\/comments?post=12396"}],"version-history":[{"count":10,"href":"https:\/\/smyal.org\/es\/wp-json\/wp\/v2\/pages\/12396\/revisions"}],"predecessor-version":[{"id":12407,"href":"https:\/\/smyal.org\/es\/wp-json\/wp\/v2\/pages\/12396\/revisions\/12407"}],"up":[{"embeddable":true,"href":"https:\/\/smyal.org\/es\/wp-json\/wp\/v2\/pages\/10172"}],"wp:attachment":[{"href":"https:\/\/smyal.org\/es\/wp-json\/wp\/v2\/media?parent=12396"}],"curies":[{"name":"wp","href":"https:\/\/api.w.org\/{rel}","templated":true}]}}