{"id":2818,"date":"2025-02-03T12:52:13","date_gmt":"2025-02-03T17:52:13","guid":{"rendered":"https:\/\/smyal.org\/?page_id=2818"},"modified":"2025-02-03T12:52:13","modified_gmt":"2025-02-03T17:52:13","slug":"rise-up-a-national-conference-for-queer-and-trans-youth-organizers","status":"publish","type":"page","link":"https:\/\/smyal.org\/es\/rise-up-a-national-conference-for-queer-and-trans-youth-organizers\/","title":{"rendered":"\u00a1Levantate! Una conferencia nacional para organizadores juveniles queer y trans"},"content":{"rendered":"<div data-elementor-type=\"wp-page\" data-elementor-id=\"2818\" class=\"elementor elementor-2818\" data-elementor-post-type=\"page\">\n\t\t\t\t\t\t<section class=\"elementor-section elementor-top-section elementor-element elementor-element-2fac8fed elementor-section-boxed elementor-section-height-default elementor-section-height-default\" data-id=\"2fac8fed\" data-element_type=\"section\" data-e-type=\"section\" data-settings=\"{&quot;background_background&quot;:&quot;gradient&quot;,&quot;shape_divider_bottom&quot;:&quot;curve&quot;,&quot;shape_divider_bottom_negative&quot;:&quot;yes&quot;}\">\n\t\t\t\t\t<div class=\"elementor-shape elementor-shape-bottom\" aria-hidden=\"true\" data-negative=\"true\">\n\t\t\t<svg xmlns=\"http:\/\/www.w3.org\/2000\/svg\" viewbox=\"0 0 1000 100\" preserveaspectratio=\"none\">\n\t<path class=\"elementor-shape-fill\" d=\"M500,97C126.7,96.3,0.8,19.8,0,0v100l1000,0V1C1000,19.4,873.3,97.8,500,97z\"\/>\n<\/svg>\t\t<\/div>\n\t\t\t\t\t<div class=\"elementor-container elementor-column-gap-default\">\n\t\t\t\t\t<div class=\"elementor-column elementor-col-100 elementor-top-column elementor-element elementor-element-271c974e\" data-id=\"271c974e\" data-element_type=\"column\" data-e-type=\"column\">\n\t\t\t<div class=\"elementor-widget-wrap elementor-element-populated\">\n\t\t\t\t\t\t<div class=\"elementor-element elementor-element-2832e678 elementor-widget elementor-widget-heading\" data-id=\"2832e678\" data-element_type=\"widget\" data-e-type=\"widget\" data-widget_type=\"heading.default\">\n\t\t\t\t<div class=\"elementor-widget-container\">\n\t\t\t\t\t<h1 class=\"elementor-heading-title elementor-size-default\"> \u00a1Levantate! Conferencia de organizaci\u00f3n juvenil<\/h1>\t\t\t\t<\/div>\n\t\t\t\t<\/div>\n\t\t\t\t\t<\/div>\n\t\t<\/div>\n\t\t\t\t\t<\/div>\n\t\t<\/section>\n\t\t\t\t<section class=\"elementor-section elementor-top-section elementor-element elementor-element-2e9dcf6 elementor-section-boxed elementor-section-height-default elementor-section-height-default\" data-id=\"2e9dcf6\" data-element_type=\"section\" data-e-type=\"section\">\n\t\t\t\t\t\t<div class=\"elementor-container elementor-column-gap-default\">\n\t\t\t\t\t<div class=\"elementor-column elementor-col-100 elementor-top-column elementor-element elementor-element-1220f06\" data-id=\"1220f06\" data-element_type=\"column\" data-e-type=\"column\">\n\t\t\t<div class=\"elementor-widget-wrap elementor-element-populated\">\n\t\t\t\t\t\t<div class=\"elementor-element elementor-element-b841ce5 elementor-widget elementor-widget-heading\" data-id=\"b841ce5\" data-element_type=\"widget\" data-e-type=\"widget\" data-widget_type=\"heading.default\">\n\t\t\t\t<div class=\"elementor-widget-container\">\n\t\t\t\t\t<h2 class=\"elementor-heading-title elementor-size-default\">2024 Dates: July 27 + 28<\/h2>\t\t\t\t<\/div>\n\t\t\t\t<\/div>\n\t\t\t\t<section class=\"elementor-section elementor-inner-section elementor-element elementor-element-2c20e07 elementor-section-boxed elementor-section-height-default elementor-section-height-default\" data-id=\"2c20e07\" data-element_type=\"section\" data-e-type=\"section\">\n\t\t\t\t\t\t<div class=\"elementor-container elementor-column-gap-default\">\n\t\t\t\t\t<div class=\"elementor-column elementor-col-50 elementor-inner-column elementor-element elementor-element-eb6168d\" data-id=\"eb6168d\" data-element_type=\"column\" data-e-type=\"column\">\n\t\t\t<div class=\"elementor-widget-wrap elementor-element-populated\">\n\t\t\t\t\t\t<div class=\"elementor-element elementor-element-90254b5 elementor-widget elementor-widget-text-editor\" data-id=\"90254b5\" data-element_type=\"widget\" data-e-type=\"widget\" data-widget_type=\"text-editor.default\">\n\t\t\t\t<div class=\"elementor-widget-container\">\n\t\t\t\t\t\t\t\t\t<p><strong>Join us at SMYAL&#8217;s 2024 <\/strong><a href=\"https:\/\/whova.com\/portal\/registration\/riseu_202404\/\">\u00a1Levantate! Conferencia de organizaci\u00f3n juvenil<\/a><strong>!<\/strong><\/p><p><strong>\u00a1Levantate!\u00a0<\/strong>es un <strong>gratis<\/strong> conference that explores what it means to be a young queer organizer today. This year&#8217;s theme is <strong>Art in Activism: Igniting Change Through Art + Organizing<\/strong>. Our lineup of speakers, workshops, and performances will inspire and empower you to make a difference through your art and activism.<\/p><p>Los talleres se centrar\u00e1n en todo, desde la intersecci\u00f3n de la raza y lo queer, hasta la creaci\u00f3n de un activismo sostenible y la exploraci\u00f3n de c\u00f3mo podemos ampliar nuestro alcance para incluir una justicia transformadora y curativa en nuestra organizaci\u00f3n.\u00a0<\/p><p><strong>Rise Up! is open to queer and trans (and allied) youth ages 13-24, and\u00a0prioritizes the voices, organizing, and safety of BIPOC queer &amp; trans youth.\u00a0<\/strong><\/p>\t\t\t\t\t\t\t\t<\/div>\n\t\t\t\t<\/div>\n\t\t\t\t\t<\/div>\n\t\t<\/div>\n\t\t\t\t<div class=\"elementor-column elementor-col-50 elementor-inner-column elementor-element elementor-element-bbd7fc8\" data-id=\"bbd7fc8\" data-element_type=\"column\" data-e-type=\"column\">\n\t\t\t<div class=\"elementor-widget-wrap elementor-element-populated\">\n\t\t\t\t\t\t<div class=\"elementor-element elementor-element-9b73d8c elementor-widget elementor-widget-image\" data-id=\"9b73d8c\" data-element_type=\"widget\" data-e-type=\"widget\" data-widget_type=\"image.default\">\n\t\t\t\t<div class=\"elementor-widget-container\">\n\t\t\t\t\t\t\t\t\t\t\t\t\t\t\t\t<a href=\"https:\/\/whova.com\/portal\/registration\/riseu_202404\/\">\n\t\t\t\t\t\t\t<img fetchpriority=\"high\" decoding=\"async\" width=\"750\" height=\"750\" src=\"https:\/\/smyal.org\/wp-content\/uploads\/2024\/04\/Rise-Up-2024-1024x1024.png\" class=\"attachment-large size-large wp-image-13330\" alt=\"\" srcset=\"https:\/\/smyal.org\/wp-content\/uploads\/2024\/04\/Rise-Up-2024-1024x1024.png 1024w, https:\/\/smyal.org\/wp-content\/uploads\/2024\/04\/Rise-Up-2024-300x300.png 300w, https:\/\/smyal.org\/wp-content\/uploads\/2024\/04\/Rise-Up-2024-150x150.png 150w, https:\/\/smyal.org\/wp-content\/uploads\/2024\/04\/Rise-Up-2024-768x768.png 768w, https:\/\/smyal.org\/wp-content\/uploads\/2024\/04\/Rise-Up-2024-12x12.png 12w, https:\/\/smyal.org\/wp-content\/uploads\/2024\/04\/Rise-Up-2024.png 1080w\" sizes=\"(max-width: 750px) 100vw, 750px\" style=\"width:100%;height:100%;max-width:1080px\" \/>\t\t\t\t\t\t\t\t<\/a>\n\t\t\t\t\t\t\t\t\t\t\t\t\t\t\t<\/div>\n\t\t\t\t<\/div>\n\t\t\t\t\t<\/div>\n\t\t<\/div>\n\t\t\t\t\t<\/div>\n\t\t<\/section>\n\t\t\t\t<div class=\"elementor-element elementor-element-1993960 elementor-widget elementor-widget-text-editor\" data-id=\"1993960\" data-element_type=\"widget\" data-e-type=\"widget\" data-widget_type=\"text-editor.default\">\n\t\t\t\t<div class=\"elementor-widget-container\">\n\t\t\t\t\t\t\t\t\t<h4>Rise Up! 2024: Art in Activism<\/h4><p><strong>Saturday, July 27<br \/><\/strong><strong>Virtual<\/strong>\u00a0(Whova), 10am &#8211; 8pm Eastern Time\u00a0<\/p><p><strong>Sunday, July 28<br \/>In Person<\/strong>\u00a0(Washington, DC), 11am &#8211; 6pm Eastern Time<br \/><em>Note, July 28 programming is open to local DC-area youth only.\u00a0<\/em><\/p>\t\t\t\t\t\t\t\t<\/div>\n\t\t\t\t<\/div>\n\t\t\t\t<div class=\"elementor-element elementor-element-0cf0ea8 elementor-align-center elementor-widget elementor-widget-button\" data-id=\"0cf0ea8\" data-element_type=\"widget\" data-e-type=\"widget\" data-widget_type=\"button.default\">\n\t\t\t\t<div class=\"elementor-widget-container\">\n\t\t\t\t\t\t\t\t\t<div class=\"elementor-button-wrapper\">\n\t\t\t\t\t<a class=\"elementor-button elementor-button-link elementor-size-sm\" href=\"https:\/\/whova.com\/portal\/registration\/riseu_202404\/\">\n\t\t\t\t\t\t<span class=\"elementor-button-content-wrapper\">\n\t\t\t\t\t\t\t\t\t<span class=\"elementor-button-text\">Click here to register for Rise Up!<\/span>\n\t\t\t\t\t<\/span>\n\t\t\t\t\t<\/a>\n\t\t\t\t<\/div>\n\t\t\t\t\t\t\t\t<\/div>\n\t\t\t\t<\/div>\n\t\t\t\t<div class=\"elementor-element elementor-element-4678470 elementor-widget elementor-widget-text-editor\" data-id=\"4678470\" data-element_type=\"widget\" data-e-type=\"widget\" data-widget_type=\"text-editor.default\">\n\t\t\t\t<div class=\"elementor-widget-container\">\n\t\t\t\t\t\t\t\t\t<p>Get ready to\u00a0<strong>ignite change through art and organizing<\/strong>, as we come together to fight for equality and justice. From zine-making to theater workshops, our lineup of activities will inspire and empower you to take action like never before.\u00a0<strong>Rub shoulders with inspiring leaders, connect with fellow activists, and make your voice heard in our exclusive digital and print zine.<\/strong><\/p><p><strong>It&#8217;s time to rise up and make a difference \u2013 are you ready?\u00a0<\/strong><\/p>\t\t\t\t\t\t\t\t<\/div>\n\t\t\t\t<\/div>\n\t\t\t\t<div class=\"elementor-element elementor-element-2f47d0e elementor-align-center elementor-widget elementor-widget-button\" data-id=\"2f47d0e\" data-element_type=\"widget\" data-e-type=\"widget\" data-widget_type=\"button.default\">\n\t\t\t\t<div class=\"elementor-widget-container\">\n\t\t\t\t\t\t\t\t\t<div class=\"elementor-button-wrapper\">\n\t\t\t\t\t<a class=\"elementor-button elementor-button-link elementor-size-sm\" href=\"https:\/\/whova.com\/portal\/registration\/riseu_202404\/\">\n\t\t\t\t\t\t<span class=\"elementor-button-content-wrapper\">\n\t\t\t\t\t\t\t\t\t<span class=\"elementor-button-text\">I'm Ready! Register for Rise Up! Here<\/span>\n\t\t\t\t\t<\/span>\n\t\t\t\t\t<\/a>\n\t\t\t\t<\/div>\n\t\t\t\t\t\t\t\t<\/div>\n\t\t\t\t<\/div>\n\t\t\t\t\t<\/div>\n\t\t<\/div>\n\t\t\t\t\t<\/div>\n\t\t<\/section>\n\t\t\t\t<\/div>","protected":false},"excerpt":{"rendered":"<p>Rise Up! Youth Organizing Conference 2024 Dates: July 27 + 28 Join us at SMYAL&#8217;s 2024 Rise Up! Youth Organizing Conference! Rise Up!\u00a0is a free conference that explores what it&hellip; <a class=\"more-link\" href=\"https:\/\/smyal.org\/es\/rise-up-a-national-conference-for-queer-and-trans-youth-organizers\/\">seguir leyendo <span class=\"screen-reader-text\">\u00a1Levantate! Una conferencia nacional para organizadores juveniles queer y trans<\/span><\/a><\/p>","protected":false},"author":1,"featured_media":0,"parent":0,"menu_order":0,"comment_status":"closed","ping_status":"closed","template":"","meta":{"_exactmetrics_skip_tracking":false,"_exactmetrics_sitenote_active":false,"_exactmetrics_sitenote_note":"","_exactmetrics_sitenote_category":0,"footnotes":"","_links_to":"","_links_to_target":""},"class_list":["post-2818","page","type-page","status-publish","hentry","entry"],"yoast_head":"<!-- This site is optimized with the Yoast SEO plugin v27.3 - https:\/\/yoast.com\/product\/yoast-seo-wordpress\/ -->\n<title>Rise Up! A National Conference for Queer and Trans Youth Organizers - SMYAL<\/title>\n<meta name=\"robots\" content=\"index, follow, max-snippet:-1, max-image-preview:large, max-video-preview:-1\" \/>\n<link rel=\"canonical\" href=\"https:\/\/smyal.org\/es\/rise-up-a-national-conference-for-queer-and-trans-youth-organizers\/\" \/>\n<meta property=\"og:locale\" content=\"es_MX\" \/>\n<meta property=\"og:type\" content=\"article\" \/>\n<meta property=\"og:title\" content=\"Rise Up! A National Conference for Queer and Trans Youth Organizers - SMYAL\" \/>\n<meta property=\"og:description\" content=\"Rise Up! Youth Organizing Conference 2024 Dates: July 27 + 28 Join us at SMYAL&#8217;s 2024 Rise Up! Youth Organizing Conference! Rise Up!\u00a0is a free conference that explores what it&hellip; Seguir leyendo Rise Up! A National Conference for Queer and Trans Youth Organizers\" \/>\n<meta property=\"og:url\" content=\"https:\/\/smyal.org\/es\/rise-up-a-national-conference-for-queer-and-trans-youth-organizers\/\" \/>\n<meta property=\"og:site_name\" content=\"SMYAL\" \/>\n<meta property=\"og:image\" content=\"https:\/\/smyal.org\/wp-content\/uploads\/2024\/04\/Rise-Up-2024-1024x1024.png\" \/>\n<meta name=\"twitter:card\" content=\"summary_large_image\" \/>\n<meta name=\"twitter:label1\" content=\"Tiempo de lectura\" \/>\n\t<meta name=\"twitter:data1\" content=\"2 minutos\" \/>\n<script type=\"application\/ld+json\" class=\"yoast-schema-graph\">{\"@context\":\"https:\\\/\\\/schema.org\",\"@graph\":[{\"@type\":\"WebPage\",\"@id\":\"https:\\\/\\\/smyal.org\\\/rise-up-a-national-conference-for-queer-and-trans-youth-organizers\\\/\",\"url\":\"https:\\\/\\\/smyal.org\\\/rise-up-a-national-conference-for-queer-and-trans-youth-organizers\\\/\",\"name\":\"Rise Up! A National Conference for Queer and Trans Youth Organizers - SMYAL\",\"isPartOf\":{\"@id\":\"https:\\\/\\\/smyal.org\\\/#website\"},\"primaryImageOfPage\":{\"@id\":\"https:\\\/\\\/smyal.org\\\/rise-up-a-national-conference-for-queer-and-trans-youth-organizers\\\/#primaryimage\"},\"image\":{\"@id\":\"https:\\\/\\\/smyal.org\\\/rise-up-a-national-conference-for-queer-and-trans-youth-organizers\\\/#primaryimage\"},\"thumbnailUrl\":\"https:\\\/\\\/smyal.org\\\/wp-content\\\/uploads\\\/2024\\\/04\\\/Rise-Up-2024-1024x1024.png\",\"datePublished\":\"2025-02-03T17:52:13+00:00\",\"breadcrumb\":{\"@id\":\"https:\\\/\\\/smyal.org\\\/rise-up-a-national-conference-for-queer-and-trans-youth-organizers\\\/#breadcrumb\"},\"inLanguage\":\"es\",\"potentialAction\":[{\"@type\":\"ReadAction\",\"target\":[\"https:\\\/\\\/smyal.org\\\/rise-up-a-national-conference-for-queer-and-trans-youth-organizers\\\/\"]}]},{\"@type\":\"ImageObject\",\"inLanguage\":\"es\",\"@id\":\"https:\\\/\\\/smyal.org\\\/rise-up-a-national-conference-for-queer-and-trans-youth-organizers\\\/#primaryimage\",\"url\":\"https:\\\/\\\/smyal.org\\\/wp-content\\\/uploads\\\/2024\\\/04\\\/Rise-Up-2024-1024x1024.png\",\"contentUrl\":\"https:\\\/\\\/smyal.org\\\/wp-content\\\/uploads\\\/2024\\\/04\\\/Rise-Up-2024-1024x1024.png\"},{\"@type\":\"BreadcrumbList\",\"@id\":\"https:\\\/\\\/smyal.org\\\/rise-up-a-national-conference-for-queer-and-trans-youth-organizers\\\/#breadcrumb\",\"itemListElement\":[{\"@type\":\"ListItem\",\"position\":1,\"name\":\"Home\",\"item\":\"https:\\\/\\\/smyal.org\\\/\"},{\"@type\":\"ListItem\",\"position\":2,\"name\":\"Rise Up! A National Conference for Queer and Trans Youth Organizers\"}]},{\"@type\":\"WebSite\",\"@id\":\"https:\\\/\\\/smyal.org\\\/#website\",\"url\":\"https:\\\/\\\/smyal.org\\\/\",\"name\":\"SMYAL\",\"description\":\"\",\"publisher\":{\"@id\":\"https:\\\/\\\/smyal.org\\\/#organization\"},\"potentialAction\":[{\"@type\":\"SearchAction\",\"target\":{\"@type\":\"EntryPoint\",\"urlTemplate\":\"https:\\\/\\\/smyal.org\\\/?s={search_term_string}\"},\"query-input\":{\"@type\":\"PropertyValueSpecification\",\"valueRequired\":true,\"valueName\":\"search_term_string\"}}],\"inLanguage\":\"es\"},{\"@type\":\"Organization\",\"@id\":\"https:\\\/\\\/smyal.org\\\/#organization\",\"name\":\"SMYAL\",\"url\":\"https:\\\/\\\/smyal.org\\\/\",\"logo\":{\"@type\":\"ImageObject\",\"inLanguage\":\"es\",\"@id\":\"https:\\\/\\\/smyal.org\\\/#\\\/schema\\\/logo\\\/image\\\/\",\"url\":\"https:\\\/\\\/smyal.org\\\/wp-content\\\/uploads\\\/2024\\\/06\\\/cropped-SMYAL-Logo-300x300-Transparent-Background.png\",\"contentUrl\":\"https:\\\/\\\/smyal.org\\\/wp-content\\\/uploads\\\/2024\\\/06\\\/cropped-SMYAL-Logo-300x300-Transparent-Background.png\",\"width\":300,\"height\":157,\"caption\":\"SMYAL\"},\"image\":{\"@id\":\"https:\\\/\\\/smyal.org\\\/#\\\/schema\\\/logo\\\/image\\\/\"}}]}<\/script>\n<!-- \/ Yoast SEO plugin. -->","yoast_head_json":{"title":"Rise Up! A National Conference for Queer and Trans Youth Organizers - SMYAL","robots":{"index":"index","follow":"follow","max-snippet":"max-snippet:-1","max-image-preview":"max-image-preview:large","max-video-preview":"max-video-preview:-1"},"canonical":"https:\/\/smyal.org\/es\/rise-up-a-national-conference-for-queer-and-trans-youth-organizers\/","og_locale":"es_MX","og_type":"article","og_title":"Rise Up! A National Conference for Queer and Trans Youth Organizers - SMYAL","og_description":"Rise Up! Youth Organizing Conference 2024 Dates: July 27 + 28 Join us at SMYAL&#8217;s 2024 Rise Up! Youth Organizing Conference! Rise Up!\u00a0is a free conference that explores what it&hellip; Seguir leyendo Rise Up! A National Conference for Queer and Trans Youth Organizers","og_url":"https:\/\/smyal.org\/es\/rise-up-a-national-conference-for-queer-and-trans-youth-organizers\/","og_site_name":"SMYAL","og_image":[{"url":"https:\/\/smyal.org\/wp-content\/uploads\/2024\/04\/Rise-Up-2024-1024x1024.png","type":"","width":"","height":""}],"twitter_card":"summary_large_image","twitter_misc":{"Tiempo de lectura":"2 minutos"},"schema":{"@context":"https:\/\/schema.org","@graph":[{"@type":"WebPage","@id":"https:\/\/smyal.org\/rise-up-a-national-conference-for-queer-and-trans-youth-organizers\/","url":"https:\/\/smyal.org\/rise-up-a-national-conference-for-queer-and-trans-youth-organizers\/","name":"Rise Up! A National Conference for Queer and Trans Youth Organizers - SMYAL","isPartOf":{"@id":"https:\/\/smyal.org\/#website"},"primaryImageOfPage":{"@id":"https:\/\/smyal.org\/rise-up-a-national-conference-for-queer-and-trans-youth-organizers\/#primaryimage"},"image":{"@id":"https:\/\/smyal.org\/rise-up-a-national-conference-for-queer-and-trans-youth-organizers\/#primaryimage"},"thumbnailUrl":"https:\/\/smyal.org\/wp-content\/uploads\/2024\/04\/Rise-Up-2024-1024x1024.png","datePublished":"2025-02-03T17:52:13+00:00","breadcrumb":{"@id":"https:\/\/smyal.org\/rise-up-a-national-conference-for-queer-and-trans-youth-organizers\/#breadcrumb"},"inLanguage":"es","potentialAction":[{"@type":"ReadAction","target":["https:\/\/smyal.org\/rise-up-a-national-conference-for-queer-and-trans-youth-organizers\/"]}]},{"@type":"ImageObject","inLanguage":"es","@id":"https:\/\/smyal.org\/rise-up-a-national-conference-for-queer-and-trans-youth-organizers\/#primaryimage","url":"https:\/\/smyal.org\/wp-content\/uploads\/2024\/04\/Rise-Up-2024-1024x1024.png","contentUrl":"https:\/\/smyal.org\/wp-content\/uploads\/2024\/04\/Rise-Up-2024-1024x1024.png"},{"@type":"BreadcrumbList","@id":"https:\/\/smyal.org\/rise-up-a-national-conference-for-queer-and-trans-youth-organizers\/#breadcrumb","itemListElement":[{"@type":"ListItem","position":1,"name":"Home","item":"https:\/\/smyal.org\/"},{"@type":"ListItem","position":2,"name":"Rise Up! A National Conference for Queer and Trans Youth Organizers"}]},{"@type":"WebSite","@id":"https:\/\/smyal.org\/#website","url":"https:\/\/smyal.org\/","name":"SMYAL","description":"","publisher":{"@id":"https:\/\/smyal.org\/#organization"},"potentialAction":[{"@type":"SearchAction","target":{"@type":"EntryPoint","urlTemplate":"https:\/\/smyal.org\/?s={search_term_string}"},"query-input":{"@type":"PropertyValueSpecification","valueRequired":true,"valueName":"search_term_string"}}],"inLanguage":"es"},{"@type":"Organization","@id":"https:\/\/smyal.org\/#organization","name":"SMYAL","url":"https:\/\/smyal.org\/","logo":{"@type":"ImageObject","inLanguage":"es","@id":"https:\/\/smyal.org\/#\/schema\/logo\/image\/","url":"https:\/\/smyal.org\/wp-content\/uploads\/2024\/06\/cropped-SMYAL-Logo-300x300-Transparent-Background.png","contentUrl":"https:\/\/smyal.org\/wp-content\/uploads\/2024\/06\/cropped-SMYAL-Logo-300x300-Transparent-Background.png","width":300,"height":157,"caption":"SMYAL"},"image":{"@id":"https:\/\/smyal.org\/#\/schema\/logo\/image\/"}}]}},"_links":{"self":[{"href":"https:\/\/smyal.org\/es\/wp-json\/wp\/v2\/pages\/2818","targetHints":{"allow":["GET"]}}],"collection":[{"href":"https:\/\/smyal.org\/es\/wp-json\/wp\/v2\/pages"}],"about":[{"href":"https:\/\/smyal.org\/es\/wp-json\/wp\/v2\/types\/page"}],"author":[{"embeddable":true,"href":"https:\/\/smyal.org\/es\/wp-json\/wp\/v2\/users\/1"}],"replies":[{"embeddable":true,"href":"https:\/\/smyal.org\/es\/wp-json\/wp\/v2\/comments?post=2818"}],"version-history":[{"count":93,"href":"https:\/\/smyal.org\/es\/wp-json\/wp\/v2\/pages\/2818\/revisions"}],"predecessor-version":[{"id":13478,"href":"https:\/\/smyal.org\/es\/wp-json\/wp\/v2\/pages\/2818\/revisions\/13478"}],"wp:attachment":[{"href":"https:\/\/smyal.org\/es\/wp-json\/wp\/v2\/media?parent=2818"}],"curies":[{"name":"wp","href":"https:\/\/api.w.org\/{rel}","templated":true}]}}