{"id":3385,"date":"2018-07-11T14:08:36","date_gmt":"2018-07-11T14:08:36","guid":{"rendered":"http:\/\/smyal.staging.wpengine.com\/?page_id=22"},"modified":"2025-02-03T12:48:52","modified_gmt":"2025-02-03T17:48:52","slug":"individual-donations","status":"publish","type":"page","link":"https:\/\/smyal.org\/es\/individual-donations\/","title":{"rendered":"Donaciones individuales"},"content":{"rendered":"<p><strong>Si bien se agradecen las donaciones de cualquier monto, las donaciones importantes de individuos tienen un impacto enorme en el alcance y los programas que podemos ofrecer.<\/strong> Las donaciones superiores a $1000 nos permiten financiar iniciativas actuales, ampliar nuestro alcance y planificar el futuro. Las donaciones de esta cantidad ingresan al donante en nuestro Club de Donantes Mayores. Desde 2015, las donaciones de un donante importante han financiado becas universitarias para personas LGBTQ del \u00faltimo a\u00f1o en escuelas del \u00e1rea de DC.<\/p>\n<h2>Donar en l\u00ednea<\/h2>\n<p>Aceptamos donaciones \u00fanicas y recurrentes a trav\u00e9s de nuestro <a href=\"https:\/\/app.etapestry.com\/onlineforms\/SMYAL\/donatenow.html\">portal en l\u00ednea seguro<\/a>.<\/p>\n<h2>Escribir un cheque<\/h2>\n<p>Env\u00ede todos los cheques por correo a la oficina de SMYAL:<br \/>\n410 Calle 7, SE,<br \/>\nWashington DC, 20003<\/p>\n<h2>Campeones SMYAL<\/h2>\n<p>Como parte del Comit\u00e9 de J\u00f3venes Donantes de SMYAL, el programa de obsequios recurrentes Campeones de SMYAL est\u00e1 dise\u00f1ado para j\u00f3venes profesionales que desean marcar una diferencia en las vidas de los j\u00f3venes LGBTQ locales. Por el costo de unas copas en la hora feliz, los j\u00f3venes profesionales pueden demostrar su apoyo a SMYAL y conectarse con la comunidad LGBTQ. Despu\u00e9s de completar una donaci\u00f3n inicial por tel\u00e9fono o mediante nuestro portal de donaciones en l\u00ednea, las donaciones mensuales de $10, $25 o $50 se realizar\u00e1n autom\u00e1ticamente.<\/p>\n<p><a href=\"https:\/\/app.etapestry.com\/onlineforms\/SMYAL\/Champions.html\">Haga clic aqu\u00ed para convertirse en campe\u00f3n de SMYAL<\/a>.<\/p>","protected":false},"excerpt":{"rendered":"<p>Si bien se agradecen las donaciones de cualquier monto, las donaciones importantes de individuos tienen un impacto enorme en el alcance y los programas que podemos ofrecer. Los regalos superiores a $1,000 nos permiten... <a class=\"more-link\" href=\"https:\/\/smyal.org\/es\/individual-donations\/\">seguir leyendo <span class=\"screen-reader-text\">Donaciones individuales<\/span><\/a><\/p>","protected":false},"author":1,"featured_media":0,"parent":0,"menu_order":0,"comment_status":"closed","ping_status":"closed","template":"","meta":{"_exactmetrics_skip_tracking":false,"_exactmetrics_sitenote_active":false,"_exactmetrics_sitenote_note":"","_exactmetrics_sitenote_category":0,"footnotes":"","_links_to":"","_links_to_target":""},"class_list":["post-3385","page","type-page","status-publish","hentry","entry"],"yoast_head":"<!-- This site is optimized with the Yoast SEO plugin v27.5 - https:\/\/yoast.com\/product\/yoast-seo-wordpress\/ -->\n<title>Individual Donations - Donate Online | SMYAL<\/title>\n<meta name=\"description\" content=\"Donations of any amount are appreciated. Donate online, write a check, or join our SMYAL Allies on the SMYAL Young Doners Committee. Click here.\" \/>\n<meta name=\"robots\" content=\"index, follow, max-snippet:-1, max-image-preview:large, max-video-preview:-1\" \/>\n<link rel=\"canonical\" href=\"https:\/\/smyal.org\/es\/individual-donations\/\" \/>\n<meta property=\"og:locale\" content=\"es_MX\" \/>\n<meta property=\"og:type\" content=\"article\" \/>\n<meta property=\"og:title\" content=\"Individual Donations - Donate Online | SMYAL\" \/>\n<meta property=\"og:description\" content=\"Donations of any amount are appreciated. Donate online, write a check, or join our SMYAL Allies on the SMYAL Young Doners Committee. Click here.\" \/>\n<meta property=\"og:url\" content=\"https:\/\/smyal.org\/es\/individual-donations\/\" \/>\n<meta property=\"og:site_name\" content=\"SMYAL\" \/>\n<meta property=\"article:modified_time\" content=\"2025-02-03T17:48:52+00:00\" \/>\n<meta name=\"twitter:card\" content=\"summary_large_image\" \/>\n<meta name=\"twitter:label1\" content=\"Tiempo de lectura\" \/>\n\t<meta name=\"twitter:data1\" content=\"1 minuto\" \/>\n<script type=\"application\/ld+json\" class=\"yoast-schema-graph\">{\"@context\":\"https:\\\/\\\/schema.org\",\"@graph\":[{\"@type\":\"WebPage\",\"@id\":\"https:\\\/\\\/smyal.org\\\/individual-donations\\\/\",\"url\":\"https:\\\/\\\/smyal.org\\\/individual-donations\\\/\",\"name\":\"Individual Donations - Donate Online | SMYAL\",\"isPartOf\":{\"@id\":\"https:\\\/\\\/smyal.org\\\/#website\"},\"datePublished\":\"2018-07-11T14:08:36+00:00\",\"dateModified\":\"2025-02-03T17:48:52+00:00\",\"description\":\"Donations of any amount are appreciated. Donate online, write a check, or join our SMYAL Allies on the SMYAL Young Doners Committee. Click here.\",\"breadcrumb\":{\"@id\":\"https:\\\/\\\/smyal.org\\\/individual-donations\\\/#breadcrumb\"},\"inLanguage\":\"es\",\"potentialAction\":[{\"@type\":\"ReadAction\",\"target\":[\"https:\\\/\\\/smyal.org\\\/individual-donations\\\/\"]}]},{\"@type\":\"BreadcrumbList\",\"@id\":\"https:\\\/\\\/smyal.org\\\/individual-donations\\\/#breadcrumb\",\"itemListElement\":[{\"@type\":\"ListItem\",\"position\":1,\"name\":\"Home\",\"item\":\"https:\\\/\\\/smyal.org\\\/\"},{\"@type\":\"ListItem\",\"position\":2,\"name\":\"Individual Donations\"}]},{\"@type\":\"WebSite\",\"@id\":\"https:\\\/\\\/smyal.org\\\/#website\",\"url\":\"https:\\\/\\\/smyal.org\\\/\",\"name\":\"SMYAL\",\"description\":\"\",\"publisher\":{\"@id\":\"https:\\\/\\\/smyal.org\\\/#organization\"},\"potentialAction\":[{\"@type\":\"SearchAction\",\"target\":{\"@type\":\"EntryPoint\",\"urlTemplate\":\"https:\\\/\\\/smyal.org\\\/?s={search_term_string}\"},\"query-input\":{\"@type\":\"PropertyValueSpecification\",\"valueRequired\":true,\"valueName\":\"search_term_string\"}}],\"inLanguage\":\"es\"},{\"@type\":\"Organization\",\"@id\":\"https:\\\/\\\/smyal.org\\\/#organization\",\"name\":\"SMYAL\",\"url\":\"https:\\\/\\\/smyal.org\\\/\",\"logo\":{\"@type\":\"ImageObject\",\"inLanguage\":\"es\",\"@id\":\"https:\\\/\\\/smyal.org\\\/#\\\/schema\\\/logo\\\/image\\\/\",\"url\":\"https:\\\/\\\/smyal.org\\\/wp-content\\\/uploads\\\/2024\\\/06\\\/cropped-SMYAL-Logo-300x300-Transparent-Background.png\",\"contentUrl\":\"https:\\\/\\\/smyal.org\\\/wp-content\\\/uploads\\\/2024\\\/06\\\/cropped-SMYAL-Logo-300x300-Transparent-Background.png\",\"width\":300,\"height\":157,\"caption\":\"SMYAL\"},\"image\":{\"@id\":\"https:\\\/\\\/smyal.org\\\/#\\\/schema\\\/logo\\\/image\\\/\"}}]}<\/script>\n<!-- \/ Yoast SEO plugin. -->","yoast_head_json":{"title":"Individual Donations - Donate Online | SMYAL","description":"Donations of any amount are appreciated. Donate online, write a check, or join our SMYAL Allies on the SMYAL Young Doners Committee. Click here.","robots":{"index":"index","follow":"follow","max-snippet":"max-snippet:-1","max-image-preview":"max-image-preview:large","max-video-preview":"max-video-preview:-1"},"canonical":"https:\/\/smyal.org\/es\/individual-donations\/","og_locale":"es_MX","og_type":"article","og_title":"Individual Donations - Donate Online | SMYAL","og_description":"Donations of any amount are appreciated. Donate online, write a check, or join our SMYAL Allies on the SMYAL Young Doners Committee. Click here.","og_url":"https:\/\/smyal.org\/es\/individual-donations\/","og_site_name":"SMYAL","article_modified_time":"2025-02-03T17:48:52+00:00","twitter_card":"summary_large_image","twitter_misc":{"Tiempo de lectura":"1 minuto"},"schema":{"@context":"https:\/\/schema.org","@graph":[{"@type":"WebPage","@id":"https:\/\/smyal.org\/individual-donations\/","url":"https:\/\/smyal.org\/individual-donations\/","name":"Individual Donations - Donate Online | SMYAL","isPartOf":{"@id":"https:\/\/smyal.org\/#website"},"datePublished":"2018-07-11T14:08:36+00:00","dateModified":"2025-02-03T17:48:52+00:00","description":"Donations of any amount are appreciated. Donate online, write a check, or join our SMYAL Allies on the SMYAL Young Doners Committee. Click here.","breadcrumb":{"@id":"https:\/\/smyal.org\/individual-donations\/#breadcrumb"},"inLanguage":"es","potentialAction":[{"@type":"ReadAction","target":["https:\/\/smyal.org\/individual-donations\/"]}]},{"@type":"BreadcrumbList","@id":"https:\/\/smyal.org\/individual-donations\/#breadcrumb","itemListElement":[{"@type":"ListItem","position":1,"name":"Home","item":"https:\/\/smyal.org\/"},{"@type":"ListItem","position":2,"name":"Individual Donations"}]},{"@type":"WebSite","@id":"https:\/\/smyal.org\/#website","url":"https:\/\/smyal.org\/","name":"SMYAL","description":"","publisher":{"@id":"https:\/\/smyal.org\/#organization"},"potentialAction":[{"@type":"SearchAction","target":{"@type":"EntryPoint","urlTemplate":"https:\/\/smyal.org\/?s={search_term_string}"},"query-input":{"@type":"PropertyValueSpecification","valueRequired":true,"valueName":"search_term_string"}}],"inLanguage":"es"},{"@type":"Organization","@id":"https:\/\/smyal.org\/#organization","name":"SMYAL","url":"https:\/\/smyal.org\/","logo":{"@type":"ImageObject","inLanguage":"es","@id":"https:\/\/smyal.org\/#\/schema\/logo\/image\/","url":"https:\/\/smyal.org\/wp-content\/uploads\/2024\/06\/cropped-SMYAL-Logo-300x300-Transparent-Background.png","contentUrl":"https:\/\/smyal.org\/wp-content\/uploads\/2024\/06\/cropped-SMYAL-Logo-300x300-Transparent-Background.png","width":300,"height":157,"caption":"SMYAL"},"image":{"@id":"https:\/\/smyal.org\/#\/schema\/logo\/image\/"}}]}},"_links":{"self":[{"href":"https:\/\/smyal.org\/es\/wp-json\/wp\/v2\/pages\/3385","targetHints":{"allow":["GET"]}}],"collection":[{"href":"https:\/\/smyal.org\/es\/wp-json\/wp\/v2\/pages"}],"about":[{"href":"https:\/\/smyal.org\/es\/wp-json\/wp\/v2\/types\/page"}],"author":[{"embeddable":true,"href":"https:\/\/smyal.org\/es\/wp-json\/wp\/v2\/users\/1"}],"replies":[{"embeddable":true,"href":"https:\/\/smyal.org\/es\/wp-json\/wp\/v2\/comments?post=3385"}],"version-history":[{"count":3,"href":"https:\/\/smyal.org\/es\/wp-json\/wp\/v2\/pages\/3385\/revisions"}],"predecessor-version":[{"id":9599,"href":"https:\/\/smyal.org\/es\/wp-json\/wp\/v2\/pages\/3385\/revisions\/9599"}],"wp:attachment":[{"href":"https:\/\/smyal.org\/es\/wp-json\/wp\/v2\/media?parent=3385"}],"curies":[{"name":"wp","href":"https:\/\/api.w.org\/{rel}","templated":true}]}}