{"id":3386,"date":"2025-02-03T12:59:07","date_gmt":"2025-02-03T17:59:07","guid":{"rendered":"http:\/\/smyal.staging.wpengine.com\/?page_id=23"},"modified":"2025-02-03T12:59:07","modified_gmt":"2025-02-03T17:59:07","slug":"workplace-giving","status":"publish","type":"page","link":"https:\/\/smyal.org\/es\/workplace-giving\/","title":{"rendered":"Donaciones en el lugar de trabajo"},"content":{"rendered":"<p>Los programas de donaciones en el lugar de trabajo pueden permitirle duplicar su donaci\u00f3n.<\/p>\n<p>Si participa en donaciones en el lugar de trabajo a trav\u00e9s de United Way, Combined Federal Campaign o DC One Fund, esperamos que elija a SMYAL como su organizaci\u00f3n beneficiaria. Obtenga m\u00e1s informaci\u00f3n a trav\u00e9s del Departamento de Recursos Humanos de la empresa para obtener detalles espec\u00edficos. SMYAL estar\u00e1 encantado de confirmar su regalo o satisfacer otros requisitos que pueda tener su lugar de trabajo. Encuentre nuestros n\u00fameros de United Way, CFC y DC One Fund a continuaci\u00f3n y esperamos que nos incluya en sus donaciones en el lugar de trabajo.<\/p>\n<p>V\u00eda Unida: #8142<br \/>\nCampa\u00f1a federal combinada: #46119<br \/>\nFondo DC One: #8142<br \/>\nCampa\u00f1a de la Commonwealth de Virginia (CVC): #200413<\/p>\n<p>For more information, please contact Caro Vorndran at <a href=\"mailto:caro.vorndran@smyal.org\">caro.vorndran@smyal.org<\/a>.<\/p>","protected":false},"excerpt":{"rendered":"<p>Los programas de donaciones en el lugar de trabajo pueden permitirle duplicar su donaci\u00f3n. Si participa en donaciones en el lugar de trabajo a trav\u00e9s de United Way, Combined Federal Campaign o DC One Fund, esperamos... <a class=\"more-link\" href=\"https:\/\/smyal.org\/es\/workplace-giving\/\">seguir leyendo <span class=\"screen-reader-text\">Donaciones en el lugar de trabajo<\/span><\/a><\/p>","protected":false},"author":1,"featured_media":0,"parent":0,"menu_order":0,"comment_status":"closed","ping_status":"closed","template":"","meta":{"_exactmetrics_skip_tracking":false,"_exactmetrics_sitenote_active":false,"_exactmetrics_sitenote_note":"","_exactmetrics_sitenote_category":0,"footnotes":"","_links_to":"","_links_to_target":""},"class_list":["post-3386","page","type-page","status-publish","hentry","entry"],"yoast_head":"<!-- This site is optimized with the Yoast SEO plugin v27.4 - https:\/\/yoast.com\/product\/yoast-seo-wordpress\/ -->\n<title>Workplace Giving | SMYAL<\/title>\n<meta name=\"description\" content=\"Learn more through company\u2019s Human Resources Department for specific details.\" \/>\n<meta name=\"robots\" content=\"index, follow, max-snippet:-1, max-image-preview:large, max-video-preview:-1\" \/>\n<link rel=\"canonical\" href=\"https:\/\/smyal.org\/es\/workplace-giving\/\" \/>\n<meta property=\"og:locale\" content=\"es_MX\" \/>\n<meta property=\"og:type\" content=\"article\" \/>\n<meta property=\"og:title\" content=\"Workplace Giving | SMYAL\" \/>\n<meta property=\"og:description\" content=\"Learn more through company\u2019s Human Resources Department for specific details.\" \/>\n<meta property=\"og:url\" content=\"https:\/\/smyal.org\/es\/workplace-giving\/\" \/>\n<meta property=\"og:site_name\" content=\"SMYAL\" \/>\n<meta name=\"twitter:card\" content=\"summary_large_image\" \/>\n<meta name=\"twitter:label1\" content=\"Tiempo de lectura\" \/>\n\t<meta name=\"twitter:data1\" content=\"1 minuto\" \/>\n<script type=\"application\/ld+json\" class=\"yoast-schema-graph\">{\"@context\":\"https:\\\/\\\/schema.org\",\"@graph\":[{\"@type\":\"WebPage\",\"@id\":\"https:\\\/\\\/smyal.org\\\/workplace-giving\\\/\",\"url\":\"https:\\\/\\\/smyal.org\\\/workplace-giving\\\/\",\"name\":\"Workplace Giving | SMYAL\",\"isPartOf\":{\"@id\":\"https:\\\/\\\/smyal.org\\\/#website\"},\"datePublished\":\"2025-02-03T17:59:07+00:00\",\"description\":\"Learn more through company\u2019s Human Resources Department for specific details.\",\"breadcrumb\":{\"@id\":\"https:\\\/\\\/smyal.org\\\/workplace-giving\\\/#breadcrumb\"},\"inLanguage\":\"es\",\"potentialAction\":[{\"@type\":\"ReadAction\",\"target\":[\"https:\\\/\\\/smyal.org\\\/workplace-giving\\\/\"]}]},{\"@type\":\"BreadcrumbList\",\"@id\":\"https:\\\/\\\/smyal.org\\\/workplace-giving\\\/#breadcrumb\",\"itemListElement\":[{\"@type\":\"ListItem\",\"position\":1,\"name\":\"Home\",\"item\":\"https:\\\/\\\/smyal.org\\\/\"},{\"@type\":\"ListItem\",\"position\":2,\"name\":\"Workplace Giving\"}]},{\"@type\":\"WebSite\",\"@id\":\"https:\\\/\\\/smyal.org\\\/#website\",\"url\":\"https:\\\/\\\/smyal.org\\\/\",\"name\":\"SMYAL\",\"description\":\"\",\"publisher\":{\"@id\":\"https:\\\/\\\/smyal.org\\\/#organization\"},\"potentialAction\":[{\"@type\":\"SearchAction\",\"target\":{\"@type\":\"EntryPoint\",\"urlTemplate\":\"https:\\\/\\\/smyal.org\\\/?s={search_term_string}\"},\"query-input\":{\"@type\":\"PropertyValueSpecification\",\"valueRequired\":true,\"valueName\":\"search_term_string\"}}],\"inLanguage\":\"es\"},{\"@type\":\"Organization\",\"@id\":\"https:\\\/\\\/smyal.org\\\/#organization\",\"name\":\"SMYAL\",\"url\":\"https:\\\/\\\/smyal.org\\\/\",\"logo\":{\"@type\":\"ImageObject\",\"inLanguage\":\"es\",\"@id\":\"https:\\\/\\\/smyal.org\\\/#\\\/schema\\\/logo\\\/image\\\/\",\"url\":\"https:\\\/\\\/smyal.org\\\/wp-content\\\/uploads\\\/2024\\\/06\\\/cropped-SMYAL-Logo-300x300-Transparent-Background.png\",\"contentUrl\":\"https:\\\/\\\/smyal.org\\\/wp-content\\\/uploads\\\/2024\\\/06\\\/cropped-SMYAL-Logo-300x300-Transparent-Background.png\",\"width\":300,\"height\":157,\"caption\":\"SMYAL\"},\"image\":{\"@id\":\"https:\\\/\\\/smyal.org\\\/#\\\/schema\\\/logo\\\/image\\\/\"}}]}<\/script>\n<!-- \/ Yoast SEO plugin. -->","yoast_head_json":{"title":"Workplace Giving | SMYAL","description":"Learn more through company\u2019s Human Resources Department for specific details.","robots":{"index":"index","follow":"follow","max-snippet":"max-snippet:-1","max-image-preview":"max-image-preview:large","max-video-preview":"max-video-preview:-1"},"canonical":"https:\/\/smyal.org\/es\/workplace-giving\/","og_locale":"es_MX","og_type":"article","og_title":"Workplace Giving | SMYAL","og_description":"Learn more through company\u2019s Human Resources Department for specific details.","og_url":"https:\/\/smyal.org\/es\/workplace-giving\/","og_site_name":"SMYAL","twitter_card":"summary_large_image","twitter_misc":{"Tiempo de lectura":"1 minuto"},"schema":{"@context":"https:\/\/schema.org","@graph":[{"@type":"WebPage","@id":"https:\/\/smyal.org\/workplace-giving\/","url":"https:\/\/smyal.org\/workplace-giving\/","name":"Workplace Giving | SMYAL","isPartOf":{"@id":"https:\/\/smyal.org\/#website"},"datePublished":"2025-02-03T17:59:07+00:00","description":"Learn more through company\u2019s Human Resources Department for specific details.","breadcrumb":{"@id":"https:\/\/smyal.org\/workplace-giving\/#breadcrumb"},"inLanguage":"es","potentialAction":[{"@type":"ReadAction","target":["https:\/\/smyal.org\/workplace-giving\/"]}]},{"@type":"BreadcrumbList","@id":"https:\/\/smyal.org\/workplace-giving\/#breadcrumb","itemListElement":[{"@type":"ListItem","position":1,"name":"Home","item":"https:\/\/smyal.org\/"},{"@type":"ListItem","position":2,"name":"Workplace Giving"}]},{"@type":"WebSite","@id":"https:\/\/smyal.org\/#website","url":"https:\/\/smyal.org\/","name":"SMYAL","description":"","publisher":{"@id":"https:\/\/smyal.org\/#organization"},"potentialAction":[{"@type":"SearchAction","target":{"@type":"EntryPoint","urlTemplate":"https:\/\/smyal.org\/?s={search_term_string}"},"query-input":{"@type":"PropertyValueSpecification","valueRequired":true,"valueName":"search_term_string"}}],"inLanguage":"es"},{"@type":"Organization","@id":"https:\/\/smyal.org\/#organization","name":"SMYAL","url":"https:\/\/smyal.org\/","logo":{"@type":"ImageObject","inLanguage":"es","@id":"https:\/\/smyal.org\/#\/schema\/logo\/image\/","url":"https:\/\/smyal.org\/wp-content\/uploads\/2024\/06\/cropped-SMYAL-Logo-300x300-Transparent-Background.png","contentUrl":"https:\/\/smyal.org\/wp-content\/uploads\/2024\/06\/cropped-SMYAL-Logo-300x300-Transparent-Background.png","width":300,"height":157,"caption":"SMYAL"},"image":{"@id":"https:\/\/smyal.org\/#\/schema\/logo\/image\/"}}]}},"_links":{"self":[{"href":"https:\/\/smyal.org\/es\/wp-json\/wp\/v2\/pages\/3386","targetHints":{"allow":["GET"]}}],"collection":[{"href":"https:\/\/smyal.org\/es\/wp-json\/wp\/v2\/pages"}],"about":[{"href":"https:\/\/smyal.org\/es\/wp-json\/wp\/v2\/types\/page"}],"author":[{"embeddable":true,"href":"https:\/\/smyal.org\/es\/wp-json\/wp\/v2\/users\/1"}],"replies":[{"embeddable":true,"href":"https:\/\/smyal.org\/es\/wp-json\/wp\/v2\/comments?post=3386"}],"version-history":[{"count":3,"href":"https:\/\/smyal.org\/es\/wp-json\/wp\/v2\/pages\/3386\/revisions"}],"predecessor-version":[{"id":14012,"href":"https:\/\/smyal.org\/es\/wp-json\/wp\/v2\/pages\/3386\/revisions\/14012"}],"wp:attachment":[{"href":"https:\/\/smyal.org\/es\/wp-json\/wp\/v2\/media?parent=3386"}],"curies":[{"name":"wp","href":"https:\/\/api.w.org\/{rel}","templated":true}]}}