{"id":3387,"date":"2025-02-03T12:54:44","date_gmt":"2025-02-03T17:54:44","guid":{"rendered":"http:\/\/smyal.staging.wpengine.com\/?page_id=24"},"modified":"2025-02-03T12:54:44","modified_gmt":"2025-02-03T17:54:44","slug":"stocks","status":"publish","type":"page","link":"https:\/\/smyal.org\/es\/stocks\/","title":{"rendered":"Cepo"},"content":{"rendered":"<p>Las donaciones de acciones, bonos, fondos mutuos y otros valores ayudar\u00e1n a garantizar que las puertas de SMYAL permanezcan abiertas para los j\u00f3venes que necesitan apoyo, al mismo tiempo que le brindar\u00e1n considerables beneficios fiscales, incluidos ahorros en impuestos sobre la renta y ganancias de capital. Discuta su donaci\u00f3n con su corredor para obtener m\u00e1s informaci\u00f3n sobre los posibles beneficios. Si bien se agradecen las donaciones de cualquier monto, las donaciones importantes de individuos tienen un impacto enorme en el alcance y los programas que podemos ofrecer. Las donaciones superiores a $1000 nos permiten financiar iniciativas actuales, ampliar nuestro alcance y planificar el futuro. Los obsequios de esta cantidad ingresan al donante en el Major Donor Club de SMYAL, que incluye eventos y actividades para nuestros donantes m\u00e1s leales durante todo el a\u00f1o.<\/p>\n<p>Es sencillo y seguro transferir acciones electr\u00f3nicamente. Siga estos pasos:<\/p>\n<p>1) Comun\u00edquese con su corredor para solicitar una transferencia de acciones de su cuenta a SMYAL (nombre legal: Liga de Asistencia para J\u00f3venes de Minor\u00edas Sexuales). Su corredor necesitar\u00e1 la siguiente informaci\u00f3n:<\/p>\n<p>Nombre de la cuenta: Liga de asistencia para j\u00f3venes de minor\u00edas sexuales<br \/>\nEIN#: 52-1394900<br \/>\nN\u00famero de cuenta de fidelidad: Z50153974<br \/>\nTipo de cuenta de fidelidad: Corporativa<br \/>\nN\u00famero DTC de fidelidad de 4 d\u00edgitos: 0226<br \/>\nN\u00famero de la oficina de fidelidad: 800-854-2832<br \/>\nDirecci\u00f3n de fidelidad:<\/p>\n<p>Inversiones de fidelidad<br \/>\nA la atenci\u00f3n de: TOA recibe<br \/>\nApartado postal 770001<\/p>\n<div>Cincinnati, OH 45277-0036Please contact the Fidelity office at 800-854-2832 if you need assistance.<\/p>\n<\/div>\n<p>2) P\u00f3ngase en contacto con Jason Laney en <a class=\"c-link\" href=\"tel:2025465940\" target=\"_blank\" rel=\"noopener noreferrer\" data-stringify-link=\"tel:2025465940\" data-sk=\"tooltip_parent\">202-546-5940<\/a>\u00a0o <a href=\"mailto:jason.laney@smyal.org\">jason.laney@smyal.org<\/a> con el nombre de la acci\u00f3n y el n\u00famero de acciones que transferir\u00e1. Necesitamos esta informaci\u00f3n para reconocer su donaci\u00f3n de manera r\u00e1pida y precisa.<\/p>\n<p>Si tiene alguna pregunta sobre c\u00f3mo transferir acciones, comun\u00edquese con Jason Laney en <a class=\"c-link\" href=\"tel:2025465940\" target=\"_blank\" rel=\"noopener noreferrer\" data-stringify-link=\"tel:2025465940\" data-sk=\"tooltip_parent\">202-546-5940<\/a> o <a href=\"mailto:jason.laney@smyal.org\">jason.laney@smyal.org<\/a>.<\/p>","protected":false},"excerpt":{"rendered":"<p>Las donaciones de acciones, bonos, fondos mutuos y otros valores ayudar\u00e1n a garantizar que las puertas de SMYAL permanezcan abiertas para los j\u00f3venes que necesitan apoyo, al mismo tiempo que le brindar\u00e1n impuestos considerables... <a class=\"more-link\" href=\"https:\/\/smyal.org\/es\/stocks\/\">seguir leyendo <span class=\"screen-reader-text\">Cepo<\/span><\/a><\/p>","protected":false},"author":1,"featured_media":0,"parent":0,"menu_order":0,"comment_status":"closed","ping_status":"closed","template":"","meta":{"_exactmetrics_skip_tracking":false,"_exactmetrics_sitenote_active":false,"_exactmetrics_sitenote_note":"","_exactmetrics_sitenote_category":0,"footnotes":"","_links_to":"","_links_to_target":""},"class_list":["post-3387","page","type-page","status-publish","hentry","entry"],"yoast_head":"<!-- This site is optimized with the Yoast SEO plugin v27.3 - https:\/\/yoast.com\/product\/yoast-seo-wordpress\/ -->\n<title>Stocks - SMYAL<\/title>\n<meta name=\"robots\" content=\"index, follow, max-snippet:-1, max-image-preview:large, max-video-preview:-1\" \/>\n<link rel=\"canonical\" href=\"https:\/\/smyal.org\/es\/stocks\/\" \/>\n<meta property=\"og:locale\" content=\"es_MX\" \/>\n<meta property=\"og:type\" content=\"article\" \/>\n<meta property=\"og:title\" content=\"Stocks - SMYAL\" \/>\n<meta property=\"og:description\" content=\"Donations of stock, bonds, mutual funds, and other securities will help ensure that SMYAL\u2019s doors remain open for youth in need of support, while also providing you with considerable tax&hellip; Seguir leyendo Stocks\" \/>\n<meta property=\"og:url\" content=\"https:\/\/smyal.org\/es\/stocks\/\" \/>\n<meta property=\"og:site_name\" content=\"SMYAL\" \/>\n<meta name=\"twitter:card\" content=\"summary_large_image\" \/>\n<meta name=\"twitter:label1\" content=\"Tiempo de lectura\" \/>\n\t<meta name=\"twitter:data1\" content=\"2 minutos\" \/>\n<script type=\"application\/ld+json\" class=\"yoast-schema-graph\">{\"@context\":\"https:\\\/\\\/schema.org\",\"@graph\":[{\"@type\":\"WebPage\",\"@id\":\"https:\\\/\\\/smyal.org\\\/stocks\\\/\",\"url\":\"https:\\\/\\\/smyal.org\\\/stocks\\\/\",\"name\":\"Stocks - SMYAL\",\"isPartOf\":{\"@id\":\"https:\\\/\\\/smyal.org\\\/#website\"},\"datePublished\":\"2025-02-03T17:54:44+00:00\",\"breadcrumb\":{\"@id\":\"https:\\\/\\\/smyal.org\\\/stocks\\\/#breadcrumb\"},\"inLanguage\":\"es\",\"potentialAction\":[{\"@type\":\"ReadAction\",\"target\":[\"https:\\\/\\\/smyal.org\\\/stocks\\\/\"]}]},{\"@type\":\"BreadcrumbList\",\"@id\":\"https:\\\/\\\/smyal.org\\\/stocks\\\/#breadcrumb\",\"itemListElement\":[{\"@type\":\"ListItem\",\"position\":1,\"name\":\"Home\",\"item\":\"https:\\\/\\\/smyal.org\\\/\"},{\"@type\":\"ListItem\",\"position\":2,\"name\":\"Stocks\"}]},{\"@type\":\"WebSite\",\"@id\":\"https:\\\/\\\/smyal.org\\\/#website\",\"url\":\"https:\\\/\\\/smyal.org\\\/\",\"name\":\"SMYAL\",\"description\":\"\",\"publisher\":{\"@id\":\"https:\\\/\\\/smyal.org\\\/#organization\"},\"potentialAction\":[{\"@type\":\"SearchAction\",\"target\":{\"@type\":\"EntryPoint\",\"urlTemplate\":\"https:\\\/\\\/smyal.org\\\/?s={search_term_string}\"},\"query-input\":{\"@type\":\"PropertyValueSpecification\",\"valueRequired\":true,\"valueName\":\"search_term_string\"}}],\"inLanguage\":\"es\"},{\"@type\":\"Organization\",\"@id\":\"https:\\\/\\\/smyal.org\\\/#organization\",\"name\":\"SMYAL\",\"url\":\"https:\\\/\\\/smyal.org\\\/\",\"logo\":{\"@type\":\"ImageObject\",\"inLanguage\":\"es\",\"@id\":\"https:\\\/\\\/smyal.org\\\/#\\\/schema\\\/logo\\\/image\\\/\",\"url\":\"https:\\\/\\\/smyal.org\\\/wp-content\\\/uploads\\\/2024\\\/06\\\/cropped-SMYAL-Logo-300x300-Transparent-Background.png\",\"contentUrl\":\"https:\\\/\\\/smyal.org\\\/wp-content\\\/uploads\\\/2024\\\/06\\\/cropped-SMYAL-Logo-300x300-Transparent-Background.png\",\"width\":300,\"height\":157,\"caption\":\"SMYAL\"},\"image\":{\"@id\":\"https:\\\/\\\/smyal.org\\\/#\\\/schema\\\/logo\\\/image\\\/\"}}]}<\/script>\n<!-- \/ Yoast SEO plugin. -->","yoast_head_json":{"title":"Stocks - SMYAL","robots":{"index":"index","follow":"follow","max-snippet":"max-snippet:-1","max-image-preview":"max-image-preview:large","max-video-preview":"max-video-preview:-1"},"canonical":"https:\/\/smyal.org\/es\/stocks\/","og_locale":"es_MX","og_type":"article","og_title":"Stocks - SMYAL","og_description":"Donations of stock, bonds, mutual funds, and other securities will help ensure that SMYAL\u2019s doors remain open for youth in need of support, while also providing you with considerable tax&hellip; Seguir leyendo Stocks","og_url":"https:\/\/smyal.org\/es\/stocks\/","og_site_name":"SMYAL","twitter_card":"summary_large_image","twitter_misc":{"Tiempo de lectura":"2 minutos"},"schema":{"@context":"https:\/\/schema.org","@graph":[{"@type":"WebPage","@id":"https:\/\/smyal.org\/stocks\/","url":"https:\/\/smyal.org\/stocks\/","name":"Stocks - SMYAL","isPartOf":{"@id":"https:\/\/smyal.org\/#website"},"datePublished":"2025-02-03T17:54:44+00:00","breadcrumb":{"@id":"https:\/\/smyal.org\/stocks\/#breadcrumb"},"inLanguage":"es","potentialAction":[{"@type":"ReadAction","target":["https:\/\/smyal.org\/stocks\/"]}]},{"@type":"BreadcrumbList","@id":"https:\/\/smyal.org\/stocks\/#breadcrumb","itemListElement":[{"@type":"ListItem","position":1,"name":"Home","item":"https:\/\/smyal.org\/"},{"@type":"ListItem","position":2,"name":"Stocks"}]},{"@type":"WebSite","@id":"https:\/\/smyal.org\/#website","url":"https:\/\/smyal.org\/","name":"SMYAL","description":"","publisher":{"@id":"https:\/\/smyal.org\/#organization"},"potentialAction":[{"@type":"SearchAction","target":{"@type":"EntryPoint","urlTemplate":"https:\/\/smyal.org\/?s={search_term_string}"},"query-input":{"@type":"PropertyValueSpecification","valueRequired":true,"valueName":"search_term_string"}}],"inLanguage":"es"},{"@type":"Organization","@id":"https:\/\/smyal.org\/#organization","name":"SMYAL","url":"https:\/\/smyal.org\/","logo":{"@type":"ImageObject","inLanguage":"es","@id":"https:\/\/smyal.org\/#\/schema\/logo\/image\/","url":"https:\/\/smyal.org\/wp-content\/uploads\/2024\/06\/cropped-SMYAL-Logo-300x300-Transparent-Background.png","contentUrl":"https:\/\/smyal.org\/wp-content\/uploads\/2024\/06\/cropped-SMYAL-Logo-300x300-Transparent-Background.png","width":300,"height":157,"caption":"SMYAL"},"image":{"@id":"https:\/\/smyal.org\/#\/schema\/logo\/image\/"}}]}},"_links":{"self":[{"href":"https:\/\/smyal.org\/es\/wp-json\/wp\/v2\/pages\/3387","targetHints":{"allow":["GET"]}}],"collection":[{"href":"https:\/\/smyal.org\/es\/wp-json\/wp\/v2\/pages"}],"about":[{"href":"https:\/\/smyal.org\/es\/wp-json\/wp\/v2\/types\/page"}],"author":[{"embeddable":true,"href":"https:\/\/smyal.org\/es\/wp-json\/wp\/v2\/users\/1"}],"replies":[{"embeddable":true,"href":"https:\/\/smyal.org\/es\/wp-json\/wp\/v2\/comments?post=3387"}],"version-history":[{"count":3,"href":"https:\/\/smyal.org\/es\/wp-json\/wp\/v2\/pages\/3387\/revisions"}],"predecessor-version":[{"id":14010,"href":"https:\/\/smyal.org\/es\/wp-json\/wp\/v2\/pages\/3387\/revisions\/14010"}],"wp:attachment":[{"href":"https:\/\/smyal.org\/es\/wp-json\/wp\/v2\/media?parent=3387"}],"curies":[{"name":"wp","href":"https:\/\/api.w.org\/{rel}","templated":true}]}}