{"id":3388,"date":"2025-02-03T12:52:13","date_gmt":"2025-02-03T17:52:13","guid":{"rendered":"http:\/\/smyal.staging.wpengine.com\/?page_id=25"},"modified":"2025-07-18T08:40:32","modified_gmt":"2025-07-18T12:40:32","slug":"planned-giving","status":"publish","type":"page","link":"https:\/\/smyal.org\/es\/planned-giving\/","title":{"rendered":"Donaciones planificadas"},"content":{"rendered":"<h2>\u00bfCu\u00e1l ser\u00e1 tu legado?<\/h2>\n<p><span style=\"font-weight: 400;\">Since its founding in 1984, SMYAL has served thousands of LGBTQ+ youth across the region due to the generous support of community members like you. <strong>The continued growth of our programs can be magnified by a gift left to SMYAL in your estate plans that will leave a long-lasting and high-level impact on our future programs for LGBTQ+ youth.<\/strong> Your commitment to supporting and empowering LGBTQ+ youth can be your lasting legacy.<\/span><\/p>\n<p><span style=\"font-weight: 400;\"><strong>Puede apoyar a SMYAL en su plan patrimonial nombr\u00e1ndonos beneficiarios de una cuenta de jubilaci\u00f3n, una donaci\u00f3n general mediante testamento o fideicomiso, un plan de seguro o donando activos apreciados como valores.<\/strong> Your inclusion of SMYAL in your financial plans likely costs you nothing now, can provide you with tax advantages, and creates a long-lasting impact on the lives of LGBTQ+ youth.<\/span><\/p>\n<h2><b>Incluya SMYAL en su plan de jubilaci\u00f3n<\/b><\/h2>\n<p><span style=\"font-weight: 400;\">Los activos de jubilaci\u00f3n son una de las formas m\u00e1s beneficiosas de apoyar financieramente a SMYAL. Estos fondos crecen libres de impuestos hasta el momento del retiro. Con el uso innovador de estos activos, podr\u00e1 hacer un generoso obsequio a SMYAL y, al mismo tiempo, asegurarse de que sus seres queridos sigan siendo atendidos. Muchos impuestos sobre estos planes se pueden evitar o reducir mediante una donaci\u00f3n caritativa cuidadosamente planificada. El administrador de su plan de jubilaci\u00f3n puede proporcionarle un formulario de beneficiario para que usted nombre a SMYAL como su beneficiario \u00fanico o parcial.<\/span><\/p>\n<h2><b>Crear un fideicomiso ben\u00e9fico restante<\/b><\/h2>\n<p><span style=\"font-weight: 400;\">Un Charitable Remainder Trust (CRT) es un acuerdo de ingresos vitalicios que le proporciona a usted y\/u otros beneficiarios un flujo de ingresos de por vida o por un per\u00edodo de a\u00f1os. Una vez que termina el fideicomiso, el capital o \u201cinter\u00e9s restante\u201d pasa al SMYAL. A diferencia de otros acuerdos de ingresos vitalicios, los CRT son fideicomisos que se invierten y administran por separado.<\/span><\/p>\n<h2>Legados<\/h2>\n<p>Deje a SMYAL un regalo a trav\u00e9s de su testamento o fideicomiso en vida revocable. Tambi\u00e9n puede nombrar a SMYAL como beneficiario designando a SMYAL como beneficiario de su cuenta bancaria, plan de jubilaci\u00f3n y pensi\u00f3n o p\u00f3liza de seguro de vida.<\/p>\n<p>El siguiente es un ejemplo b\u00e1sico de redacci\u00f3n para incluir SMYAL en su testamento:<\/p>\n<p><i data-stringify-type=\"italic\">I give and bequeath to SMYAL Inc., 410 7th Street, SE, Washington, DC 20003 (Federal Tax I.D. #52-1394900) DOLLAR AMOUNT or % OF MY ESTATE to be used for its general purposes.<\/i><\/p>\n<p>Tambi\u00e9n puede nombrar a SMYAL como beneficiario de una cuenta de jubilaci\u00f3n (IRA, 401(k), 403(b), etc.) o un plan de seguro de vida. Para hacerlo, simplemente comun\u00edquese con el administrador de su plan y \u00e9l podr\u00e1 ayudarlo a completar los formularios correspondientes.<\/p>\n<h2>Activos apreciados<\/h2>\n<p>Donar valores (es decir, acciones), bienes muebles, bienes inmuebles y p\u00f3lizas de seguro.<\/p>\n<p>Hable con su asesor legal o financiero para obtener m\u00e1s informaci\u00f3n sobre las formas en que puede incluir SMYAL en su plan patrimonial. Las personas mayores de 70,5 a\u00f1os tambi\u00e9n tienen la opci\u00f3n de donar directamente desde una cuenta IRA a organizaciones ben\u00e9ficas mediante una Distribuci\u00f3n ben\u00e9fica calificada. Para obtener m\u00e1s informaci\u00f3n sobre c\u00f3mo puede apoyar a SMYAL en los a\u00f1os venideros, comun\u00edquese con Jason Laney en <a href=\"mailto:jason.laney@smyal.org\">jason.laney@smyal.org<\/a> o <a class=\"c-link\" href=\"tel:2025465940\" target=\"_blank\" rel=\"noopener noreferrer\" data-stringify-link=\"tel:2025465940\" data-sk=\"tooltip_parent\">202-546-5940<\/a>.<\/p>","protected":false},"excerpt":{"rendered":"<p>What will your legacy be? Since its founding in 1984, SMYAL has served thousands of LGBTQ+ youth across the region due to the generous support of community members like you.&hellip; <a class=\"more-link\" href=\"https:\/\/smyal.org\/es\/planned-giving\/\">seguir leyendo <span class=\"screen-reader-text\">Donaciones planificadas<\/span><\/a><\/p>","protected":false},"author":1,"featured_media":0,"parent":0,"menu_order":0,"comment_status":"closed","ping_status":"closed","template":"","meta":{"_exactmetrics_skip_tracking":false,"_exactmetrics_sitenote_active":false,"_exactmetrics_sitenote_note":"","_exactmetrics_sitenote_category":0,"footnotes":"","_links_to":"","_links_to_target":""},"class_list":["post-3388","page","type-page","status-publish","hentry","entry"],"yoast_head":"<!-- This site is optimized with the Yoast SEO plugin v27.4 - https:\/\/yoast.com\/product\/yoast-seo-wordpress\/ -->\n<title>Planned Giving - SMYAL<\/title>\n<meta name=\"robots\" content=\"index, follow, max-snippet:-1, max-image-preview:large, max-video-preview:-1\" \/>\n<link rel=\"canonical\" href=\"https:\/\/smyal.org\/es\/planned-giving\/\" \/>\n<meta property=\"og:locale\" content=\"es_MX\" \/>\n<meta property=\"og:type\" content=\"article\" \/>\n<meta property=\"og:title\" content=\"Planned Giving - SMYAL\" \/>\n<meta property=\"og:description\" content=\"What will your legacy be? Since its founding in 1984, SMYAL has served thousands of LGBTQ+ youth across the region due to the generous support of community members like you.&hellip; Seguir leyendo Planned Giving\" \/>\n<meta property=\"og:url\" content=\"https:\/\/smyal.org\/es\/planned-giving\/\" \/>\n<meta property=\"og:site_name\" content=\"SMYAL\" \/>\n<meta property=\"article:modified_time\" content=\"2025-07-18T12:40:32+00:00\" \/>\n<meta name=\"twitter:card\" content=\"summary_large_image\" \/>\n<meta name=\"twitter:label1\" content=\"Tiempo de lectura\" \/>\n\t<meta name=\"twitter:data1\" content=\"3 minutos\" \/>\n<script type=\"application\/ld+json\" class=\"yoast-schema-graph\">{\"@context\":\"https:\\\/\\\/schema.org\",\"@graph\":[{\"@type\":\"WebPage\",\"@id\":\"https:\\\/\\\/smyal.org\\\/planned-giving\\\/\",\"url\":\"https:\\\/\\\/smyal.org\\\/planned-giving\\\/\",\"name\":\"Planned Giving - SMYAL\",\"isPartOf\":{\"@id\":\"https:\\\/\\\/smyal.org\\\/#website\"},\"datePublished\":\"2025-02-03T17:52:13+00:00\",\"dateModified\":\"2025-07-18T12:40:32+00:00\",\"breadcrumb\":{\"@id\":\"https:\\\/\\\/smyal.org\\\/planned-giving\\\/#breadcrumb\"},\"inLanguage\":\"es\",\"potentialAction\":[{\"@type\":\"ReadAction\",\"target\":[\"https:\\\/\\\/smyal.org\\\/planned-giving\\\/\"]}]},{\"@type\":\"BreadcrumbList\",\"@id\":\"https:\\\/\\\/smyal.org\\\/planned-giving\\\/#breadcrumb\",\"itemListElement\":[{\"@type\":\"ListItem\",\"position\":1,\"name\":\"Home\",\"item\":\"https:\\\/\\\/smyal.org\\\/\"},{\"@type\":\"ListItem\",\"position\":2,\"name\":\"Planned Giving\"}]},{\"@type\":\"WebSite\",\"@id\":\"https:\\\/\\\/smyal.org\\\/#website\",\"url\":\"https:\\\/\\\/smyal.org\\\/\",\"name\":\"SMYAL\",\"description\":\"\",\"publisher\":{\"@id\":\"https:\\\/\\\/smyal.org\\\/#organization\"},\"potentialAction\":[{\"@type\":\"SearchAction\",\"target\":{\"@type\":\"EntryPoint\",\"urlTemplate\":\"https:\\\/\\\/smyal.org\\\/?s={search_term_string}\"},\"query-input\":{\"@type\":\"PropertyValueSpecification\",\"valueRequired\":true,\"valueName\":\"search_term_string\"}}],\"inLanguage\":\"es\"},{\"@type\":\"Organization\",\"@id\":\"https:\\\/\\\/smyal.org\\\/#organization\",\"name\":\"SMYAL\",\"url\":\"https:\\\/\\\/smyal.org\\\/\",\"logo\":{\"@type\":\"ImageObject\",\"inLanguage\":\"es\",\"@id\":\"https:\\\/\\\/smyal.org\\\/#\\\/schema\\\/logo\\\/image\\\/\",\"url\":\"https:\\\/\\\/smyal.org\\\/wp-content\\\/uploads\\\/2024\\\/06\\\/cropped-SMYAL-Logo-300x300-Transparent-Background.png\",\"contentUrl\":\"https:\\\/\\\/smyal.org\\\/wp-content\\\/uploads\\\/2024\\\/06\\\/cropped-SMYAL-Logo-300x300-Transparent-Background.png\",\"width\":300,\"height\":157,\"caption\":\"SMYAL\"},\"image\":{\"@id\":\"https:\\\/\\\/smyal.org\\\/#\\\/schema\\\/logo\\\/image\\\/\"}}]}<\/script>\n<!-- \/ Yoast SEO plugin. -->","yoast_head_json":{"title":"Planned Giving - SMYAL","robots":{"index":"index","follow":"follow","max-snippet":"max-snippet:-1","max-image-preview":"max-image-preview:large","max-video-preview":"max-video-preview:-1"},"canonical":"https:\/\/smyal.org\/es\/planned-giving\/","og_locale":"es_MX","og_type":"article","og_title":"Planned Giving - SMYAL","og_description":"What will your legacy be? Since its founding in 1984, SMYAL has served thousands of LGBTQ+ youth across the region due to the generous support of community members like you.&hellip; Seguir leyendo Planned Giving","og_url":"https:\/\/smyal.org\/es\/planned-giving\/","og_site_name":"SMYAL","article_modified_time":"2025-07-18T12:40:32+00:00","twitter_card":"summary_large_image","twitter_misc":{"Tiempo de lectura":"3 minutos"},"schema":{"@context":"https:\/\/schema.org","@graph":[{"@type":"WebPage","@id":"https:\/\/smyal.org\/planned-giving\/","url":"https:\/\/smyal.org\/planned-giving\/","name":"Planned Giving - SMYAL","isPartOf":{"@id":"https:\/\/smyal.org\/#website"},"datePublished":"2025-02-03T17:52:13+00:00","dateModified":"2025-07-18T12:40:32+00:00","breadcrumb":{"@id":"https:\/\/smyal.org\/planned-giving\/#breadcrumb"},"inLanguage":"es","potentialAction":[{"@type":"ReadAction","target":["https:\/\/smyal.org\/planned-giving\/"]}]},{"@type":"BreadcrumbList","@id":"https:\/\/smyal.org\/planned-giving\/#breadcrumb","itemListElement":[{"@type":"ListItem","position":1,"name":"Home","item":"https:\/\/smyal.org\/"},{"@type":"ListItem","position":2,"name":"Planned Giving"}]},{"@type":"WebSite","@id":"https:\/\/smyal.org\/#website","url":"https:\/\/smyal.org\/","name":"SMYAL","description":"","publisher":{"@id":"https:\/\/smyal.org\/#organization"},"potentialAction":[{"@type":"SearchAction","target":{"@type":"EntryPoint","urlTemplate":"https:\/\/smyal.org\/?s={search_term_string}"},"query-input":{"@type":"PropertyValueSpecification","valueRequired":true,"valueName":"search_term_string"}}],"inLanguage":"es"},{"@type":"Organization","@id":"https:\/\/smyal.org\/#organization","name":"SMYAL","url":"https:\/\/smyal.org\/","logo":{"@type":"ImageObject","inLanguage":"es","@id":"https:\/\/smyal.org\/#\/schema\/logo\/image\/","url":"https:\/\/smyal.org\/wp-content\/uploads\/2024\/06\/cropped-SMYAL-Logo-300x300-Transparent-Background.png","contentUrl":"https:\/\/smyal.org\/wp-content\/uploads\/2024\/06\/cropped-SMYAL-Logo-300x300-Transparent-Background.png","width":300,"height":157,"caption":"SMYAL"},"image":{"@id":"https:\/\/smyal.org\/#\/schema\/logo\/image\/"}}]}},"_links":{"self":[{"href":"https:\/\/smyal.org\/es\/wp-json\/wp\/v2\/pages\/3388","targetHints":{"allow":["GET"]}}],"collection":[{"href":"https:\/\/smyal.org\/es\/wp-json\/wp\/v2\/pages"}],"about":[{"href":"https:\/\/smyal.org\/es\/wp-json\/wp\/v2\/types\/page"}],"author":[{"embeddable":true,"href":"https:\/\/smyal.org\/es\/wp-json\/wp\/v2\/users\/1"}],"replies":[{"embeddable":true,"href":"https:\/\/smyal.org\/es\/wp-json\/wp\/v2\/comments?post=3388"}],"version-history":[{"count":5,"href":"https:\/\/smyal.org\/es\/wp-json\/wp\/v2\/pages\/3388\/revisions"}],"predecessor-version":[{"id":14476,"href":"https:\/\/smyal.org\/es\/wp-json\/wp\/v2\/pages\/3388\/revisions\/14476"}],"wp:attachment":[{"href":"https:\/\/smyal.org\/es\/wp-json\/wp\/v2\/media?parent=3388"}],"curies":[{"name":"wp","href":"https:\/\/api.w.org\/{rel}","templated":true}]}}