{"id":3390,"date":"2018-07-11T14:09:48","date_gmt":"2018-07-11T14:09:48","guid":{"rendered":"http:\/\/smyal.staging.wpengine.com\/?page_id=27"},"modified":"2025-09-04T15:17:37","modified_gmt":"2025-09-04T19:17:37","slug":"major-donor-club","status":"publish","type":"page","link":"https:\/\/smyal.org\/es\/major-donor-club\/","title":{"rendered":"Club de grandes donantes"},"content":{"rendered":"<div data-elementor-type=\"wp-page\" data-elementor-id=\"3390\" class=\"elementor elementor-3390\" data-elementor-post-type=\"page\">\n\t\t\t\t\t\t<section class=\"elementor-section elementor-top-section elementor-element elementor-element-306fa556 elementor-section-boxed elementor-section-height-default elementor-section-height-default\" data-id=\"306fa556\" data-element_type=\"section\" data-e-type=\"section\">\n\t\t\t\t\t\t<div class=\"elementor-container elementor-column-gap-default\">\n\t\t\t\t\t<div class=\"elementor-column elementor-col-100 elementor-top-column elementor-element elementor-element-4599e165\" data-id=\"4599e165\" data-element_type=\"column\" data-e-type=\"column\">\n\t\t\t<div class=\"elementor-widget-wrap elementor-element-populated\">\n\t\t\t\t\t\t<div class=\"elementor-element elementor-element-3d8805f5 elementor-widget elementor-widget-text-editor\" data-id=\"3d8805f5\" data-element_type=\"widget\" data-e-type=\"widget\" data-widget_type=\"text-editor.default\">\n\t\t\t\t<div class=\"elementor-widget-container\">\n\t\t\t\t\t\t\t\t\t<p>El Major Donor Club de SMYAL se lanz\u00f3 en la primavera de 2018 como un hogar para que los donantes l\u00edderes, como usted, financien e impacten directamente los programas en expansi\u00f3n de SMYAL que trabajan para apoyar y empoderar a j\u00f3venes lesbianas, gays, bisexuales, transg\u00e9nero e indecisos (LGBTQ) en la regi\u00f3n metropolitana de Washington, DC. Los miembros del club quieren saber m\u00e1s, estar dentro, servir y representar a SMYAL en la comunidad, sabiendo que sus contribuciones de liderazgo ayudar\u00e1n por completo a los j\u00f3venes LGBTQ de la comunidad.<\/p>\t\t\t\t\t\t\t\t<\/div>\n\t\t\t\t<\/div>\n\t\t\t\t<div class=\"elementor-element elementor-element-c785d71 elementor-align-center elementor-icon-list--layout-traditional elementor-list-item-link-full_width elementor-widget elementor-widget-icon-list\" data-id=\"c785d71\" data-element_type=\"widget\" data-e-type=\"widget\" data-widget_type=\"icon-list.default\">\n\t\t\t\t<div class=\"elementor-widget-container\">\n\t\t\t\t\t\t\t<ul class=\"elementor-icon-list-items\">\n\t\t\t\t\t\t\t<li class=\"elementor-icon-list-item\">\n\t\t\t\t\t\t\t\t\t\t\t<a href=\"https:\/\/app.etapestry.com\/onlineforms\/SMYAL\/majordonorclub.html\">\n\n\t\t\t\t\t\t\t\t\t\t\t\t<span class=\"elementor-icon-list-icon\">\n\t\t\t\t\t\t\t<i aria-hidden=\"true\" class=\"far fa-arrow-alt-circle-right\"><\/i>\t\t\t\t\t\t<\/span>\n\t\t\t\t\t\t\t\t\t\t<span class=\"elementor-icon-list-text\">\u00danase al club de grandes donantes<\/span>\n\t\t\t\t\t\t\t\t\t\t\t<\/a>\n\t\t\t\t\t\t\t\t\t<\/li>\n\t\t\t\t\t\t<\/ul>\n\t\t\t\t\t\t<\/div>\n\t\t\t\t<\/div>\n\t\t\t\t<div class=\"elementor-element elementor-element-e61abc2 elementor-widget elementor-widget-text-editor\" data-id=\"e61abc2\" data-element_type=\"widget\" data-e-type=\"widget\" data-widget_type=\"text-editor.default\">\n\t\t\t\t<div class=\"elementor-widget-container\">\n\t\t\t\t\t\t\t\t\t<p>\u00a0<\/p><h2>Beneficios de la Membres\u00eda<\/h2><ul><li><span style=\"font-weight: 400;\"><strong>Principales eventos del club de donantes<\/strong>: Invitaciones a eventos personalizados de los principales clubes de donantes durante todo el a\u00f1o para ampliar su comprensi\u00f3n de los temas relacionados con la juventud LGBTQ. \u00danase a nosotros para establecer contactos especiales y oportunidades de servicio con otros partidarios clave, miembros de la junta directiva, el director ejecutivo de SMYAL y el personal superior.<\/span><\/li><li><span style=\"font-weight: 400;\"><strong>Jornada de puertas abiertas del Club de Donantes Principales<\/strong>: Visite la sede, conozca al personal y a los voluntarios que hacen que esto suceda a diario y comprenda el impacto de SMYAL desde adentro.<\/span><\/li><li><span style=\"font-weight: 400;\"><strong>Convi\u00e9rtete en un experto de SMYAL<\/strong>: Obtenga anuncios especiales e informaci\u00f3n privilegiada a trav\u00e9s de informes de impacto sobre el trabajo de SMYAL que cambia vidas.<\/span><\/li><li><span style=\"font-weight: 400;\"><strong>Recibe un reconocimiento especial como miembro del Club<\/strong> para demostrar su compromiso con la juventud LGBTQ.<\/span><\/li><\/ul><p>\u00a0<\/p><p>Para obtener m\u00e1s informaci\u00f3n sobre el club, comun\u00edquese con Jason Laney en <a href=\"mailto:jason.laney@smyal.org\">jason.laney@smyal.org<\/a>.<\/p><p><span style=\"font-weight: 400;\">SMYAL es una organizaci\u00f3n sin fines de lucro registrada 501(c)(3) (identificaci\u00f3n fiscal federal: 52-1394900). Todas las contribuciones son deducibles de impuestos.<\/span><\/p>\t\t\t\t\t\t\t\t<\/div>\n\t\t\t\t<\/div>\n\t\t\t\t\t<\/div>\n\t\t<\/div>\n\t\t\t\t\t<\/div>\n\t\t<\/section>\n\t\t\t\t<\/div>","protected":false},"excerpt":{"rendered":"<p>El SMYAL Major Donor Club se lanz\u00f3 en la primavera de 2018 como un hogar para que los donantes l\u00edderes, como usted, financien e impacten directamente los programas en expansi\u00f3n de SMYAL que trabajan para... <a class=\"more-link\" href=\"https:\/\/smyal.org\/es\/major-donor-club\/\">seguir leyendo <span class=\"screen-reader-text\">Club de grandes donantes<\/span><\/a><\/p>","protected":false},"author":1,"featured_media":0,"parent":0,"menu_order":0,"comment_status":"closed","ping_status":"closed","template":"","meta":{"_exactmetrics_skip_tracking":false,"_exactmetrics_sitenote_active":false,"_exactmetrics_sitenote_note":"","_exactmetrics_sitenote_category":0,"footnotes":"","_links_to":"","_links_to_target":""},"class_list":["post-3390","page","type-page","status-publish","hentry","entry"],"yoast_head":"<!-- This site is optimized with the Yoast SEO plugin v27.3 - https:\/\/yoast.com\/product\/yoast-seo-wordpress\/ -->\n<title>Major Donor Club - SMYAL<\/title>\n<meta name=\"robots\" content=\"index, follow, max-snippet:-1, max-image-preview:large, max-video-preview:-1\" \/>\n<link rel=\"canonical\" href=\"https:\/\/smyal.org\/es\/major-donor-club\/\" \/>\n<meta property=\"og:locale\" content=\"es_MX\" \/>\n<meta property=\"og:type\" content=\"article\" \/>\n<meta property=\"og:title\" content=\"Major Donor Club - SMYAL\" \/>\n<meta property=\"og:description\" content=\"The SMYAL Major Donor Club launched in the spring of 2018 as a home for leadership donors, like you, to directly fund and impact SMYAL\u2019s expanding programs that work to&hellip; Seguir leyendo Major Donor Club\" \/>\n<meta property=\"og:url\" content=\"https:\/\/smyal.org\/es\/major-donor-club\/\" \/>\n<meta property=\"og:site_name\" content=\"SMYAL\" \/>\n<meta property=\"article:modified_time\" content=\"2025-09-04T19:17:37+00:00\" \/>\n<meta name=\"twitter:card\" content=\"summary_large_image\" \/>\n<meta name=\"twitter:label1\" content=\"Tiempo de lectura\" \/>\n\t<meta name=\"twitter:data1\" content=\"1 minuto\" \/>\n<script type=\"application\/ld+json\" class=\"yoast-schema-graph\">{\"@context\":\"https:\\\/\\\/schema.org\",\"@graph\":[{\"@type\":\"WebPage\",\"@id\":\"https:\\\/\\\/smyal.org\\\/major-donor-club\\\/\",\"url\":\"https:\\\/\\\/smyal.org\\\/major-donor-club\\\/\",\"name\":\"Major Donor Club - SMYAL\",\"isPartOf\":{\"@id\":\"https:\\\/\\\/smyal.org\\\/#website\"},\"datePublished\":\"2018-07-11T14:09:48+00:00\",\"dateModified\":\"2025-09-04T19:17:37+00:00\",\"breadcrumb\":{\"@id\":\"https:\\\/\\\/smyal.org\\\/major-donor-club\\\/#breadcrumb\"},\"inLanguage\":\"es\",\"potentialAction\":[{\"@type\":\"ReadAction\",\"target\":[\"https:\\\/\\\/smyal.org\\\/major-donor-club\\\/\"]}]},{\"@type\":\"BreadcrumbList\",\"@id\":\"https:\\\/\\\/smyal.org\\\/major-donor-club\\\/#breadcrumb\",\"itemListElement\":[{\"@type\":\"ListItem\",\"position\":1,\"name\":\"Home\",\"item\":\"https:\\\/\\\/smyal.org\\\/\"},{\"@type\":\"ListItem\",\"position\":2,\"name\":\"Major Donor Club\"}]},{\"@type\":\"WebSite\",\"@id\":\"https:\\\/\\\/smyal.org\\\/#website\",\"url\":\"https:\\\/\\\/smyal.org\\\/\",\"name\":\"SMYAL\",\"description\":\"\",\"publisher\":{\"@id\":\"https:\\\/\\\/smyal.org\\\/#organization\"},\"potentialAction\":[{\"@type\":\"SearchAction\",\"target\":{\"@type\":\"EntryPoint\",\"urlTemplate\":\"https:\\\/\\\/smyal.org\\\/?s={search_term_string}\"},\"query-input\":{\"@type\":\"PropertyValueSpecification\",\"valueRequired\":true,\"valueName\":\"search_term_string\"}}],\"inLanguage\":\"es\"},{\"@type\":\"Organization\",\"@id\":\"https:\\\/\\\/smyal.org\\\/#organization\",\"name\":\"SMYAL\",\"url\":\"https:\\\/\\\/smyal.org\\\/\",\"logo\":{\"@type\":\"ImageObject\",\"inLanguage\":\"es\",\"@id\":\"https:\\\/\\\/smyal.org\\\/#\\\/schema\\\/logo\\\/image\\\/\",\"url\":\"https:\\\/\\\/smyal.org\\\/wp-content\\\/uploads\\\/2024\\\/06\\\/cropped-SMYAL-Logo-300x300-Transparent-Background.png\",\"contentUrl\":\"https:\\\/\\\/smyal.org\\\/wp-content\\\/uploads\\\/2024\\\/06\\\/cropped-SMYAL-Logo-300x300-Transparent-Background.png\",\"width\":300,\"height\":157,\"caption\":\"SMYAL\"},\"image\":{\"@id\":\"https:\\\/\\\/smyal.org\\\/#\\\/schema\\\/logo\\\/image\\\/\"}}]}<\/script>\n<!-- \/ Yoast SEO plugin. -->","yoast_head_json":{"title":"Major Donor Club - SMYAL","robots":{"index":"index","follow":"follow","max-snippet":"max-snippet:-1","max-image-preview":"max-image-preview:large","max-video-preview":"max-video-preview:-1"},"canonical":"https:\/\/smyal.org\/es\/major-donor-club\/","og_locale":"es_MX","og_type":"article","og_title":"Major Donor Club - SMYAL","og_description":"The SMYAL Major Donor Club launched in the spring of 2018 as a home for leadership donors, like you, to directly fund and impact SMYAL\u2019s expanding programs that work to&hellip; Seguir leyendo Major Donor Club","og_url":"https:\/\/smyal.org\/es\/major-donor-club\/","og_site_name":"SMYAL","article_modified_time":"2025-09-04T19:17:37+00:00","twitter_card":"summary_large_image","twitter_misc":{"Tiempo de lectura":"1 minuto"},"schema":{"@context":"https:\/\/schema.org","@graph":[{"@type":"WebPage","@id":"https:\/\/smyal.org\/major-donor-club\/","url":"https:\/\/smyal.org\/major-donor-club\/","name":"Major Donor Club - SMYAL","isPartOf":{"@id":"https:\/\/smyal.org\/#website"},"datePublished":"2018-07-11T14:09:48+00:00","dateModified":"2025-09-04T19:17:37+00:00","breadcrumb":{"@id":"https:\/\/smyal.org\/major-donor-club\/#breadcrumb"},"inLanguage":"es","potentialAction":[{"@type":"ReadAction","target":["https:\/\/smyal.org\/major-donor-club\/"]}]},{"@type":"BreadcrumbList","@id":"https:\/\/smyal.org\/major-donor-club\/#breadcrumb","itemListElement":[{"@type":"ListItem","position":1,"name":"Home","item":"https:\/\/smyal.org\/"},{"@type":"ListItem","position":2,"name":"Major Donor Club"}]},{"@type":"WebSite","@id":"https:\/\/smyal.org\/#website","url":"https:\/\/smyal.org\/","name":"SMYAL","description":"","publisher":{"@id":"https:\/\/smyal.org\/#organization"},"potentialAction":[{"@type":"SearchAction","target":{"@type":"EntryPoint","urlTemplate":"https:\/\/smyal.org\/?s={search_term_string}"},"query-input":{"@type":"PropertyValueSpecification","valueRequired":true,"valueName":"search_term_string"}}],"inLanguage":"es"},{"@type":"Organization","@id":"https:\/\/smyal.org\/#organization","name":"SMYAL","url":"https:\/\/smyal.org\/","logo":{"@type":"ImageObject","inLanguage":"es","@id":"https:\/\/smyal.org\/#\/schema\/logo\/image\/","url":"https:\/\/smyal.org\/wp-content\/uploads\/2024\/06\/cropped-SMYAL-Logo-300x300-Transparent-Background.png","contentUrl":"https:\/\/smyal.org\/wp-content\/uploads\/2024\/06\/cropped-SMYAL-Logo-300x300-Transparent-Background.png","width":300,"height":157,"caption":"SMYAL"},"image":{"@id":"https:\/\/smyal.org\/#\/schema\/logo\/image\/"}}]}},"_links":{"self":[{"href":"https:\/\/smyal.org\/es\/wp-json\/wp\/v2\/pages\/3390","targetHints":{"allow":["GET"]}}],"collection":[{"href":"https:\/\/smyal.org\/es\/wp-json\/wp\/v2\/pages"}],"about":[{"href":"https:\/\/smyal.org\/es\/wp-json\/wp\/v2\/types\/page"}],"author":[{"embeddable":true,"href":"https:\/\/smyal.org\/es\/wp-json\/wp\/v2\/users\/1"}],"replies":[{"embeddable":true,"href":"https:\/\/smyal.org\/es\/wp-json\/wp\/v2\/comments?post=3390"}],"version-history":[{"count":10,"href":"https:\/\/smyal.org\/es\/wp-json\/wp\/v2\/pages\/3390\/revisions"}],"predecessor-version":[{"id":14551,"href":"https:\/\/smyal.org\/es\/wp-json\/wp\/v2\/pages\/3390\/revisions\/14551"}],"wp:attachment":[{"href":"https:\/\/smyal.org\/es\/wp-json\/wp\/v2\/media?parent=3390"}],"curies":[{"name":"wp","href":"https:\/\/api.w.org\/{rel}","templated":true}]}}