{"id":3391,"date":"2018-07-11T14:10:00","date_gmt":"2018-07-11T14:10:00","guid":{"rendered":"http:\/\/smyal.staging.wpengine.com\/?page_id=28"},"modified":"2025-02-03T12:40:01","modified_gmt":"2025-02-03T17:40:01","slug":"corporate-support","status":"publish","type":"page","link":"https:\/\/smyal.org\/es\/corporate-support\/","title":{"rendered":"Soporte corporativo"},"content":{"rendered":"<h2>Convi\u00e9rtase en socio corporativo anual<\/h2>\n<p>Muestre el compromiso de su empresa con los j\u00f3venes LGBTQ convirti\u00e9ndose en socio corporativo anual. Los socios corporativos anuales son reconocidos en todos los eventos de SMYAL, incluido nuestro exclusivo evento de recaudaci\u00f3n de fondos Fall Brunch, en nuestro sitio web durante todo el a\u00f1o, en comunicaciones por correo electr\u00f3nico a donantes y simpatizantes, y a trav\u00e9s de otras iniciativas de marketing. Los socios corporativos tambi\u00e9n reciben entradas de cortes\u00eda para todos los eventos de SMYAL seg\u00fan su nivel de soporte. Esta asociaci\u00f3n integral realmente permite que una corporaci\u00f3n tenga un impacto significativo en las vidas de los j\u00f3venes LGBTQ. Para convertirse en socio corporativo anual o para obtener m\u00e1s informaci\u00f3n, comun\u00edquese con Jason Laney en <a href=\"mailto:jason.laney@smyal.org\">jason.laney@smyal.org<\/a>.<\/p>\n<h2>Convi\u00e9rtete en patrocinador de un evento SMYAL<\/h2>\n<p>Los eventos SMYAL brindan una maravillosa oportunidad para que su empresa muestre su apoyo a los j\u00f3venes LGBTQ y a la comunidad LGBTQ. Nuestro principal evento del a\u00f1o, Fall Brunch, atrae a m\u00e1s de 750 patrocinadores y donantes dedicados y, al mismo tiempo, ofrece una variedad de oportunidades de patrocinio y reconocimiento. Otros eventos de SMYAL a lo largo del a\u00f1o tambi\u00e9n ofrecen oportunidades de patrocinio \u00fanicas para abogados, donantes j\u00f3venes y donantes importantes. P\u00f3ngase en contacto con Jason Laney en <a href=\"mailto:jason.laney@smyal.org\">jason.laney@smyal.org<\/a> para obtener informaci\u00f3n adicional sobre patrocinio.<\/p>\n<h2>Involucre a su grupo de recursos para empleados<\/h2>\n<p>Muchos grupos de recursos para empleados del orgullo o LGBTQ interact\u00faan con SMYAL durante todo el a\u00f1o. Los compromisos incluyen organizar mesas para nuestro evento de recaudaci\u00f3n de fondos de oto\u00f1o-almuerzo, promover eventos de recaudaci\u00f3n de fondos de SMYAL entre sus miembros y empleados, realizar eventos de recaudaci\u00f3n de fondos y happy hours en apoyo de los j\u00f3venes LGBTQ y organizar oportunidades de voluntariado para los miembros del grupo de recursos para empleados.<\/p>\n<h2>Voluntario en SMYAL<\/h2>\n<p>Una excelente manera para que su empresa interact\u00fae con SMYAL es organizar un d\u00eda de voluntariado en nuestro centro juvenil. Los empleados pueden participar en actividades divertidas e impactantes que apoyan directamente a los j\u00f3venes LGBTQ. Podemos adaptar la experiencia de voluntariado al tama\u00f1o y las habilidades de su grupo. Para obtener m\u00e1s informaci\u00f3n, comun\u00edquese con Tim Saxton en&nbsp;<a href=\"mailto:tim.saxton@smyal.org\" target=\"_blank\" rel=\"noopener\">tim.saxton@smyal.org<\/a>.<\/p>\n<h2>Partidos corporativos<\/h2>\n<p>\u00bfTiene su empresa una oportunidad de igualaci\u00f3n ben\u00e9fica? Si es as\u00ed, esperamos que considere hacer una donaci\u00f3n a SMYAL a trav\u00e9s de su corporaci\u00f3n y que su contribuci\u00f3n sea igualada. Algunas empresas incluso igualan hasta tres veces lo que dona el empleado y esto puede magnificar su apoyo a los j\u00f3venes LGBTQ. Consulte con su departamento de recursos humanos para averiguar si su empresa iguala las contribuciones y si SMYAL califica como una organizaci\u00f3n de servicio social 501(c)(3).<\/p>","protected":false},"excerpt":{"rendered":"<p>Convi\u00e9rtase en socio corporativo anual Muestre el compromiso de su empresa con los j\u00f3venes LGBTQ convirti\u00e9ndose en socio corporativo anual. Los socios corporativos anuales son reconocidos en todos los eventos de SMYAL, incluida nuestra firma... <a class=\"more-link\" href=\"https:\/\/smyal.org\/es\/corporate-support\/\">seguir leyendo <span class=\"screen-reader-text\">Soporte corporativo<\/span><\/a><\/p>","protected":false},"author":1,"featured_media":0,"parent":0,"menu_order":0,"comment_status":"closed","ping_status":"closed","template":"","meta":{"_exactmetrics_skip_tracking":false,"_exactmetrics_sitenote_active":false,"_exactmetrics_sitenote_note":"","_exactmetrics_sitenote_category":0,"footnotes":"","_links_to":"","_links_to_target":""},"class_list":["post-3391","page","type-page","status-publish","hentry","entry"],"yoast_head":"<!-- This site is optimized with the Yoast SEO plugin v27.4 - https:\/\/yoast.com\/product\/yoast-seo-wordpress\/ -->\n<title>Corporate Support - Sponsor A SMYAL Event - Volunteer | SMYAL<\/title>\n<meta name=\"description\" content=\"Your corporate support is greatly appreciated. Become an annual corporate partner, sponsor a SMYAL event, volunteer and more. Click for more information.\" \/>\n<meta name=\"robots\" content=\"index, follow, max-snippet:-1, max-image-preview:large, max-video-preview:-1\" \/>\n<link rel=\"canonical\" href=\"https:\/\/smyal.org\/es\/corporate-support\/\" \/>\n<meta property=\"og:locale\" content=\"es_MX\" \/>\n<meta property=\"og:type\" content=\"article\" \/>\n<meta property=\"og:title\" content=\"Corporate Support - Sponsor A SMYAL Event - Volunteer | SMYAL\" \/>\n<meta property=\"og:description\" content=\"Your corporate support is greatly appreciated. Become an annual corporate partner, sponsor a SMYAL event, volunteer and more. Click for more information.\" \/>\n<meta property=\"og:url\" content=\"https:\/\/smyal.org\/es\/corporate-support\/\" \/>\n<meta property=\"og:site_name\" content=\"SMYAL\" \/>\n<meta property=\"article:modified_time\" content=\"2025-02-03T17:40:01+00:00\" \/>\n<meta name=\"twitter:card\" content=\"summary_large_image\" \/>\n<meta name=\"twitter:label1\" content=\"Tiempo de lectura\" \/>\n\t<meta name=\"twitter:data1\" content=\"2 minutos\" \/>\n<script type=\"application\/ld+json\" class=\"yoast-schema-graph\">{\"@context\":\"https:\\\/\\\/schema.org\",\"@graph\":[{\"@type\":\"WebPage\",\"@id\":\"https:\\\/\\\/smyal.org\\\/corporate-support\\\/\",\"url\":\"https:\\\/\\\/smyal.org\\\/corporate-support\\\/\",\"name\":\"Corporate Support - Sponsor A SMYAL Event - Volunteer | SMYAL\",\"isPartOf\":{\"@id\":\"https:\\\/\\\/smyal.org\\\/#website\"},\"datePublished\":\"2018-07-11T14:10:00+00:00\",\"dateModified\":\"2025-02-03T17:40:01+00:00\",\"description\":\"Your corporate support is greatly appreciated. Become an annual corporate partner, sponsor a SMYAL event, volunteer and more. Click for more information.\",\"breadcrumb\":{\"@id\":\"https:\\\/\\\/smyal.org\\\/corporate-support\\\/#breadcrumb\"},\"inLanguage\":\"es\",\"potentialAction\":[{\"@type\":\"ReadAction\",\"target\":[\"https:\\\/\\\/smyal.org\\\/corporate-support\\\/\"]}]},{\"@type\":\"BreadcrumbList\",\"@id\":\"https:\\\/\\\/smyal.org\\\/corporate-support\\\/#breadcrumb\",\"itemListElement\":[{\"@type\":\"ListItem\",\"position\":1,\"name\":\"Home\",\"item\":\"https:\\\/\\\/smyal.org\\\/\"},{\"@type\":\"ListItem\",\"position\":2,\"name\":\"Corporate Support\"}]},{\"@type\":\"WebSite\",\"@id\":\"https:\\\/\\\/smyal.org\\\/#website\",\"url\":\"https:\\\/\\\/smyal.org\\\/\",\"name\":\"SMYAL\",\"description\":\"\",\"publisher\":{\"@id\":\"https:\\\/\\\/smyal.org\\\/#organization\"},\"potentialAction\":[{\"@type\":\"SearchAction\",\"target\":{\"@type\":\"EntryPoint\",\"urlTemplate\":\"https:\\\/\\\/smyal.org\\\/?s={search_term_string}\"},\"query-input\":{\"@type\":\"PropertyValueSpecification\",\"valueRequired\":true,\"valueName\":\"search_term_string\"}}],\"inLanguage\":\"es\"},{\"@type\":\"Organization\",\"@id\":\"https:\\\/\\\/smyal.org\\\/#organization\",\"name\":\"SMYAL\",\"url\":\"https:\\\/\\\/smyal.org\\\/\",\"logo\":{\"@type\":\"ImageObject\",\"inLanguage\":\"es\",\"@id\":\"https:\\\/\\\/smyal.org\\\/#\\\/schema\\\/logo\\\/image\\\/\",\"url\":\"https:\\\/\\\/smyal.org\\\/wp-content\\\/uploads\\\/2024\\\/06\\\/cropped-SMYAL-Logo-300x300-Transparent-Background.png\",\"contentUrl\":\"https:\\\/\\\/smyal.org\\\/wp-content\\\/uploads\\\/2024\\\/06\\\/cropped-SMYAL-Logo-300x300-Transparent-Background.png\",\"width\":300,\"height\":157,\"caption\":\"SMYAL\"},\"image\":{\"@id\":\"https:\\\/\\\/smyal.org\\\/#\\\/schema\\\/logo\\\/image\\\/\"}}]}<\/script>\n<!-- \/ Yoast SEO plugin. -->","yoast_head_json":{"title":"Corporate Support - Sponsor A SMYAL Event - Volunteer | SMYAL","description":"Your corporate support is greatly appreciated. Become an annual corporate partner, sponsor a SMYAL event, volunteer and more. Click for more information.","robots":{"index":"index","follow":"follow","max-snippet":"max-snippet:-1","max-image-preview":"max-image-preview:large","max-video-preview":"max-video-preview:-1"},"canonical":"https:\/\/smyal.org\/es\/corporate-support\/","og_locale":"es_MX","og_type":"article","og_title":"Corporate Support - Sponsor A SMYAL Event - Volunteer | SMYAL","og_description":"Your corporate support is greatly appreciated. Become an annual corporate partner, sponsor a SMYAL event, volunteer and more. Click for more information.","og_url":"https:\/\/smyal.org\/es\/corporate-support\/","og_site_name":"SMYAL","article_modified_time":"2025-02-03T17:40:01+00:00","twitter_card":"summary_large_image","twitter_misc":{"Tiempo de lectura":"2 minutos"},"schema":{"@context":"https:\/\/schema.org","@graph":[{"@type":"WebPage","@id":"https:\/\/smyal.org\/corporate-support\/","url":"https:\/\/smyal.org\/corporate-support\/","name":"Corporate Support - Sponsor A SMYAL Event - Volunteer | SMYAL","isPartOf":{"@id":"https:\/\/smyal.org\/#website"},"datePublished":"2018-07-11T14:10:00+00:00","dateModified":"2025-02-03T17:40:01+00:00","description":"Your corporate support is greatly appreciated. Become an annual corporate partner, sponsor a SMYAL event, volunteer and more. Click for more information.","breadcrumb":{"@id":"https:\/\/smyal.org\/corporate-support\/#breadcrumb"},"inLanguage":"es","potentialAction":[{"@type":"ReadAction","target":["https:\/\/smyal.org\/corporate-support\/"]}]},{"@type":"BreadcrumbList","@id":"https:\/\/smyal.org\/corporate-support\/#breadcrumb","itemListElement":[{"@type":"ListItem","position":1,"name":"Home","item":"https:\/\/smyal.org\/"},{"@type":"ListItem","position":2,"name":"Corporate Support"}]},{"@type":"WebSite","@id":"https:\/\/smyal.org\/#website","url":"https:\/\/smyal.org\/","name":"SMYAL","description":"","publisher":{"@id":"https:\/\/smyal.org\/#organization"},"potentialAction":[{"@type":"SearchAction","target":{"@type":"EntryPoint","urlTemplate":"https:\/\/smyal.org\/?s={search_term_string}"},"query-input":{"@type":"PropertyValueSpecification","valueRequired":true,"valueName":"search_term_string"}}],"inLanguage":"es"},{"@type":"Organization","@id":"https:\/\/smyal.org\/#organization","name":"SMYAL","url":"https:\/\/smyal.org\/","logo":{"@type":"ImageObject","inLanguage":"es","@id":"https:\/\/smyal.org\/#\/schema\/logo\/image\/","url":"https:\/\/smyal.org\/wp-content\/uploads\/2024\/06\/cropped-SMYAL-Logo-300x300-Transparent-Background.png","contentUrl":"https:\/\/smyal.org\/wp-content\/uploads\/2024\/06\/cropped-SMYAL-Logo-300x300-Transparent-Background.png","width":300,"height":157,"caption":"SMYAL"},"image":{"@id":"https:\/\/smyal.org\/#\/schema\/logo\/image\/"}}]}},"_links":{"self":[{"href":"https:\/\/smyal.org\/es\/wp-json\/wp\/v2\/pages\/3391","targetHints":{"allow":["GET"]}}],"collection":[{"href":"https:\/\/smyal.org\/es\/wp-json\/wp\/v2\/pages"}],"about":[{"href":"https:\/\/smyal.org\/es\/wp-json\/wp\/v2\/types\/page"}],"author":[{"embeddable":true,"href":"https:\/\/smyal.org\/es\/wp-json\/wp\/v2\/users\/1"}],"replies":[{"embeddable":true,"href":"https:\/\/smyal.org\/es\/wp-json\/wp\/v2\/comments?post=3391"}],"version-history":[{"count":2,"href":"https:\/\/smyal.org\/es\/wp-json\/wp\/v2\/pages\/3391\/revisions"}],"predecessor-version":[{"id":9090,"href":"https:\/\/smyal.org\/es\/wp-json\/wp\/v2\/pages\/3391\/revisions\/9090"}],"wp:attachment":[{"href":"https:\/\/smyal.org\/es\/wp-json\/wp\/v2\/media?parent=3391"}],"curies":[{"name":"wp","href":"https:\/\/api.w.org\/{rel}","templated":true}]}}