{"id":3402,"date":"2025-02-03T12:59:07","date_gmt":"2025-02-03T17:59:07","guid":{"rendered":"https:\/\/smyal.org\/?page_id=1206"},"modified":"2025-02-03T12:59:07","modified_gmt":"2025-02-03T17:59:07","slug":"the-donor-bill-of-rights","status":"publish","type":"page","link":"https:\/\/smyal.org\/es\/the-donor-bill-of-rights\/","title":{"rendered":"La Declaraci\u00f3n de Derechos de los Donantes"},"content":{"rendered":"<p>La filantrop\u00eda se basa en la acci\u00f3n voluntaria por el bien com\u00fan. Es una tradici\u00f3n de dar y compartir que es primordial para la calidad de vida. Para asegurar que la filantrop\u00eda merezca el respeto y la confianza del p\u00fablico en general, y que los donantes y posibles donantes puedan tener plena confianza en las organizaciones sin fines de lucro y las causas que deben apoyar, declaramos que todos los donantes tienen estos derechos:<\/p>\n<p>I. A ser informado de la misi\u00f3n de la organizaci\u00f3n, de la forma en que la organizaci\u00f3n pretende utilizar los recursos donados y de su capacidad para utilizar las donaciones de manera efectiva para los fines previstos.<\/p>\n<p>II. Ser informado de la identidad de quienes forman parte de la junta directiva de la organizaci\u00f3n y esperar que la junta ejerza un juicio prudente en sus responsabilidades de gesti\u00f3n.<\/p>\n<p>III. Tener acceso a los estados financieros m\u00e1s recientes de la organizaci\u00f3n.<\/p>\n<p>IV. Tener la seguridad de que sus obsequios se utilizar\u00e1n para los fines para los que fueron entregados.<\/p>\n<p>V. Recibir el debido reconocimiento y reconocimiento.<\/p>\n<p>VI. Tener la seguridad de que la informaci\u00f3n sobre su donaci\u00f3n se maneja con respeto y confidencialidad en la medida prevista por la ley.<\/p>\n<p>VII. Esperar que todas las relaciones con personas que representen organizaciones de inter\u00e9s para el donante sean de naturaleza profesional.<\/p>\n<p>VIII. Ser informado si quienes solicitan donaciones son voluntarios, empleados de la organizaci\u00f3n o abogados contratados.<\/p>\n<p>IX. Tener la oportunidad de que sus nombres sean eliminados de las listas de correo que una organizaci\u00f3n pueda intentar compartir.<\/p>\n<p class=\"m_-2233443292052165078editor-heading\">X. Sentirse libre de hacer preguntas al realizar una donaci\u00f3n y recibir respuestas prontas, veraces y directas.<\/p>\n<p style=\"text-align: center;\">~~~<\/p>\n<p>Adoptada en 1964, Asociaci\u00f3n de Profesionales de la Recaudaci\u00f3n de Fondos (AFP), Copyright AFP, todos los derechos reservados. Reimpreso con permiso de la Asociaci\u00f3n de Profesionales de Recaudaci\u00f3n de Fondos. Asociaci\u00f3n de Profesionales de la Recaudaci\u00f3n de Fondos (AFP), todos los derechos reservados. Reimpreso con permiso de la Asociaci\u00f3n de Profesionales de Recaudaci\u00f3n de Fondos.<\/p>","protected":false},"excerpt":{"rendered":"<p>La filantrop\u00eda se basa en la acci\u00f3n voluntaria por el bien com\u00fan. Es una tradici\u00f3n de dar y compartir que es primordial para la calidad de vida. Para asegurar esa filantrop\u00eda\u2026 <a class=\"more-link\" href=\"https:\/\/smyal.org\/es\/the-donor-bill-of-rights\/\">seguir leyendo <span class=\"screen-reader-text\">La Declaraci\u00f3n de Derechos de los Donantes<\/span><\/a><\/p>","protected":false},"author":1,"featured_media":0,"parent":0,"menu_order":0,"comment_status":"closed","ping_status":"closed","template":"","meta":{"_exactmetrics_skip_tracking":false,"_exactmetrics_sitenote_active":false,"_exactmetrics_sitenote_note":"","_exactmetrics_sitenote_category":0,"footnotes":"","_links_to":"","_links_to_target":""},"class_list":["post-3402","page","type-page","status-publish","hentry","entry"],"yoast_head":"<!-- This site is optimized with the Yoast SEO plugin v27.3 - https:\/\/yoast.com\/product\/yoast-seo-wordpress\/ -->\n<title>The Donor Bill of Rights - SMYAL<\/title>\n<meta name=\"robots\" content=\"index, follow, max-snippet:-1, max-image-preview:large, max-video-preview:-1\" \/>\n<link rel=\"canonical\" href=\"https:\/\/smyal.org\/es\/the-donor-bill-of-rights\/\" \/>\n<meta property=\"og:locale\" content=\"es_MX\" \/>\n<meta property=\"og:type\" content=\"article\" \/>\n<meta property=\"og:title\" content=\"The Donor Bill of Rights - SMYAL\" \/>\n<meta property=\"og:description\" content=\"Philanthropy is based on voluntary action for the common good. It is a tradition of giving and sharing that is primary to the quality of life. To assure that philanthropy&hellip; Seguir leyendo The Donor Bill of Rights\" \/>\n<meta property=\"og:url\" content=\"https:\/\/smyal.org\/es\/the-donor-bill-of-rights\/\" \/>\n<meta property=\"og:site_name\" content=\"SMYAL\" \/>\n<meta name=\"twitter:card\" content=\"summary_large_image\" \/>\n<meta name=\"twitter:label1\" content=\"Tiempo de lectura\" \/>\n\t<meta name=\"twitter:data1\" content=\"1 minuto\" \/>\n<script type=\"application\/ld+json\" class=\"yoast-schema-graph\">{\"@context\":\"https:\\\/\\\/schema.org\",\"@graph\":[{\"@type\":\"WebPage\",\"@id\":\"https:\\\/\\\/smyal.org\\\/the-donor-bill-of-rights\\\/\",\"url\":\"https:\\\/\\\/smyal.org\\\/the-donor-bill-of-rights\\\/\",\"name\":\"The Donor Bill of Rights - SMYAL\",\"isPartOf\":{\"@id\":\"https:\\\/\\\/smyal.org\\\/#website\"},\"datePublished\":\"2025-02-03T17:59:07+00:00\",\"breadcrumb\":{\"@id\":\"https:\\\/\\\/smyal.org\\\/the-donor-bill-of-rights\\\/#breadcrumb\"},\"inLanguage\":\"es\",\"potentialAction\":[{\"@type\":\"ReadAction\",\"target\":[\"https:\\\/\\\/smyal.org\\\/the-donor-bill-of-rights\\\/\"]}]},{\"@type\":\"BreadcrumbList\",\"@id\":\"https:\\\/\\\/smyal.org\\\/the-donor-bill-of-rights\\\/#breadcrumb\",\"itemListElement\":[{\"@type\":\"ListItem\",\"position\":1,\"name\":\"Home\",\"item\":\"https:\\\/\\\/smyal.org\\\/\"},{\"@type\":\"ListItem\",\"position\":2,\"name\":\"The Donor Bill of Rights\"}]},{\"@type\":\"WebSite\",\"@id\":\"https:\\\/\\\/smyal.org\\\/#website\",\"url\":\"https:\\\/\\\/smyal.org\\\/\",\"name\":\"SMYAL\",\"description\":\"\",\"publisher\":{\"@id\":\"https:\\\/\\\/smyal.org\\\/#organization\"},\"potentialAction\":[{\"@type\":\"SearchAction\",\"target\":{\"@type\":\"EntryPoint\",\"urlTemplate\":\"https:\\\/\\\/smyal.org\\\/?s={search_term_string}\"},\"query-input\":{\"@type\":\"PropertyValueSpecification\",\"valueRequired\":true,\"valueName\":\"search_term_string\"}}],\"inLanguage\":\"es\"},{\"@type\":\"Organization\",\"@id\":\"https:\\\/\\\/smyal.org\\\/#organization\",\"name\":\"SMYAL\",\"url\":\"https:\\\/\\\/smyal.org\\\/\",\"logo\":{\"@type\":\"ImageObject\",\"inLanguage\":\"es\",\"@id\":\"https:\\\/\\\/smyal.org\\\/#\\\/schema\\\/logo\\\/image\\\/\",\"url\":\"https:\\\/\\\/smyal.org\\\/wp-content\\\/uploads\\\/2024\\\/06\\\/cropped-SMYAL-Logo-300x300-Transparent-Background.png\",\"contentUrl\":\"https:\\\/\\\/smyal.org\\\/wp-content\\\/uploads\\\/2024\\\/06\\\/cropped-SMYAL-Logo-300x300-Transparent-Background.png\",\"width\":300,\"height\":157,\"caption\":\"SMYAL\"},\"image\":{\"@id\":\"https:\\\/\\\/smyal.org\\\/#\\\/schema\\\/logo\\\/image\\\/\"}}]}<\/script>\n<!-- \/ Yoast SEO plugin. -->","yoast_head_json":{"title":"The Donor Bill of Rights - SMYAL","robots":{"index":"index","follow":"follow","max-snippet":"max-snippet:-1","max-image-preview":"max-image-preview:large","max-video-preview":"max-video-preview:-1"},"canonical":"https:\/\/smyal.org\/es\/the-donor-bill-of-rights\/","og_locale":"es_MX","og_type":"article","og_title":"The Donor Bill of Rights - SMYAL","og_description":"Philanthropy is based on voluntary action for the common good. It is a tradition of giving and sharing that is primary to the quality of life. To assure that philanthropy&hellip; Seguir leyendo The Donor Bill of Rights","og_url":"https:\/\/smyal.org\/es\/the-donor-bill-of-rights\/","og_site_name":"SMYAL","twitter_card":"summary_large_image","twitter_misc":{"Tiempo de lectura":"1 minuto"},"schema":{"@context":"https:\/\/schema.org","@graph":[{"@type":"WebPage","@id":"https:\/\/smyal.org\/the-donor-bill-of-rights\/","url":"https:\/\/smyal.org\/the-donor-bill-of-rights\/","name":"The Donor Bill of Rights - SMYAL","isPartOf":{"@id":"https:\/\/smyal.org\/#website"},"datePublished":"2025-02-03T17:59:07+00:00","breadcrumb":{"@id":"https:\/\/smyal.org\/the-donor-bill-of-rights\/#breadcrumb"},"inLanguage":"es","potentialAction":[{"@type":"ReadAction","target":["https:\/\/smyal.org\/the-donor-bill-of-rights\/"]}]},{"@type":"BreadcrumbList","@id":"https:\/\/smyal.org\/the-donor-bill-of-rights\/#breadcrumb","itemListElement":[{"@type":"ListItem","position":1,"name":"Home","item":"https:\/\/smyal.org\/"},{"@type":"ListItem","position":2,"name":"The Donor Bill of Rights"}]},{"@type":"WebSite","@id":"https:\/\/smyal.org\/#website","url":"https:\/\/smyal.org\/","name":"SMYAL","description":"","publisher":{"@id":"https:\/\/smyal.org\/#organization"},"potentialAction":[{"@type":"SearchAction","target":{"@type":"EntryPoint","urlTemplate":"https:\/\/smyal.org\/?s={search_term_string}"},"query-input":{"@type":"PropertyValueSpecification","valueRequired":true,"valueName":"search_term_string"}}],"inLanguage":"es"},{"@type":"Organization","@id":"https:\/\/smyal.org\/#organization","name":"SMYAL","url":"https:\/\/smyal.org\/","logo":{"@type":"ImageObject","inLanguage":"es","@id":"https:\/\/smyal.org\/#\/schema\/logo\/image\/","url":"https:\/\/smyal.org\/wp-content\/uploads\/2024\/06\/cropped-SMYAL-Logo-300x300-Transparent-Background.png","contentUrl":"https:\/\/smyal.org\/wp-content\/uploads\/2024\/06\/cropped-SMYAL-Logo-300x300-Transparent-Background.png","width":300,"height":157,"caption":"SMYAL"},"image":{"@id":"https:\/\/smyal.org\/#\/schema\/logo\/image\/"}}]}},"_links":{"self":[{"href":"https:\/\/smyal.org\/es\/wp-json\/wp\/v2\/pages\/3402","targetHints":{"allow":["GET"]}}],"collection":[{"href":"https:\/\/smyal.org\/es\/wp-json\/wp\/v2\/pages"}],"about":[{"href":"https:\/\/smyal.org\/es\/wp-json\/wp\/v2\/types\/page"}],"author":[{"embeddable":true,"href":"https:\/\/smyal.org\/es\/wp-json\/wp\/v2\/users\/1"}],"replies":[{"embeddable":true,"href":"https:\/\/smyal.org\/es\/wp-json\/wp\/v2\/comments?post=3402"}],"version-history":[{"count":1,"href":"https:\/\/smyal.org\/es\/wp-json\/wp\/v2\/pages\/3402\/revisions"}],"predecessor-version":[{"id":14160,"href":"https:\/\/smyal.org\/es\/wp-json\/wp\/v2\/pages\/3402\/revisions\/14160"}],"wp:attachment":[{"href":"https:\/\/smyal.org\/es\/wp-json\/wp\/v2\/media?parent=3402"}],"curies":[{"name":"wp","href":"https:\/\/api.w.org\/{rel}","templated":true}]}}