{"id":590,"date":"2021-04-07T16:28:15","date_gmt":"2021-04-07T16:28:15","guid":{"rendered":"https:\/\/smyal.org\/?page_id=590"},"modified":"2025-02-03T12:35:28","modified_gmt":"2025-02-03T17:35:28","slug":"breaking-ground","status":"publish","type":"page","link":"https:\/\/smyal.org\/es\/breaking-ground\/","title":{"rendered":"Abriendo camino"},"content":{"rendered":"<div data-elementor-type=\"wp-page\" data-elementor-id=\"590\" class=\"elementor elementor-590\" data-elementor-post-type=\"page\">\n\t\t\t\t\t\t<section class=\"elementor-section elementor-top-section elementor-element elementor-element-16e6d5fb elementor-section-boxed elementor-section-height-default elementor-section-height-default\" data-id=\"16e6d5fb\" data-element_type=\"section\" data-e-type=\"section\" data-settings=\"{&quot;background_background&quot;:&quot;gradient&quot;,&quot;shape_divider_bottom&quot;:&quot;curve&quot;,&quot;shape_divider_bottom_negative&quot;:&quot;yes&quot;}\">\n\t\t\t\t\t<div class=\"elementor-shape elementor-shape-bottom\" aria-hidden=\"true\" data-negative=\"true\">\n\t\t\t<svg xmlns=\"http:\/\/www.w3.org\/2000\/svg\" viewbox=\"0 0 1000 100\" preserveaspectratio=\"none\">\n\t<path class=\"elementor-shape-fill\" d=\"M500,97C126.7,96.3,0.8,19.8,0,0v100l1000,0V1C1000,19.4,873.3,97.8,500,97z\"\/>\n<\/svg>\t\t<\/div>\n\t\t\t\t\t<div class=\"elementor-container elementor-column-gap-default\">\n\t\t\t\t\t<div class=\"elementor-column elementor-col-100 elementor-top-column elementor-element elementor-element-158b6a59\" data-id=\"158b6a59\" data-element_type=\"column\" data-e-type=\"column\">\n\t\t\t<div class=\"elementor-widget-wrap elementor-element-populated\">\n\t\t\t\t\t\t<div class=\"elementor-element elementor-element-27cbfc5b elementor-widget elementor-widget-heading\" data-id=\"27cbfc5b\" data-element_type=\"widget\" data-e-type=\"widget\" data-widget_type=\"heading.default\">\n\t\t\t\t<div class=\"elementor-widget-container\">\n\t\t\t\t\t<h1 class=\"elementor-heading-title elementor-size-default\">Abriendo camino<\/h1>\t\t\t\t<\/div>\n\t\t\t\t<\/div>\n\t\t\t\t\t<\/div>\n\t\t<\/div>\n\t\t\t\t\t<\/div>\n\t\t<\/section>\n\t\t\t\t<section class=\"elementor-section elementor-top-section elementor-element elementor-element-610a100 elementor-section-boxed elementor-section-height-default elementor-section-height-default\" data-id=\"610a100\" data-element_type=\"section\" data-e-type=\"section\">\n\t\t\t\t\t\t<div class=\"elementor-container elementor-column-gap-default\">\n\t\t\t\t\t<div class=\"elementor-column elementor-col-100 elementor-top-column elementor-element elementor-element-c71e1dd\" data-id=\"c71e1dd\" data-element_type=\"column\" data-e-type=\"column\">\n\t\t\t<div class=\"elementor-widget-wrap elementor-element-populated\">\n\t\t\t\t\t\t<div class=\"elementor-element elementor-element-d2ae988 elementor-widget elementor-widget-text-editor\" data-id=\"d2ae988\" data-element_type=\"widget\" data-e-type=\"widget\" data-widget_type=\"text-editor.default\">\n\t\t\t\t<div class=\"elementor-widget-container\">\n\t\t\t\t\t\t\t\t\t<section class=\"container\"><div class=\"row\"><div class=\"spb_content_element col-sm-12 lede-text spb_text_column\"><div class=\"spb-asset-content\"><h4 class=\"first last\" style=\"color: #cf3370; font-weight: 900;\">Este programa \u00fanico utiliza el teatro y las artes esc\u00e9nicas para detallar las vidas, los desaf\u00edos y los viajes de LGBTQAI+ de color en el \u00e1rea metropolitana de DC.<span style=\"color: #333; font-weight: 100;\"> Exploramos en profundidad temas como el VIH\/SIDA, la sexualidad, el racismo, la transfobia, el abuso, la salud mental y el abuso de sustancias. Luego, los participantes desarrollan con valent\u00eda una producci\u00f3n de teatro musical que aborda estos temas y que refleja directamente sus experiencias.<br \/><\/span><\/h4><\/div><\/div><\/div><\/section><section class=\"container\"><div class=\"row\"><div class=\"spb_content_element col-sm-12 spb_text_column\"><div class=\"spb-asset-content\"><p class=\"first last\">The program, formerly known as Brother 2 Brother, began in 2014 in collaboration with Developing and Empowering New Images of Men (DENIM), the youth center of Us Helping Us, People Into Living, Inc, an HIV care and prevention organization. The 2014 performance entitled #BehindTheMask was performed at the Anacostia Arts Center, with two sold-out performances. This program won the 2015 White House Champions of Change Award for LGBTQ+ Artists.<\/p><\/div><\/div><\/div><\/section>\t\t\t\t\t\t\t\t<\/div>\n\t\t\t\t<\/div>\n\t\t\t\t\t<\/div>\n\t\t<\/div>\n\t\t\t\t\t<\/div>\n\t\t<\/section>\n\t\t\t\t<section class=\"elementor-section elementor-top-section elementor-element elementor-element-a8fb5b0 elementor-section-boxed elementor-section-height-default elementor-section-height-default\" data-id=\"a8fb5b0\" data-element_type=\"section\" data-e-type=\"section\" data-settings=\"{&quot;background_background&quot;:&quot;classic&quot;}\">\n\t\t\t\t\t\t<div class=\"elementor-container elementor-column-gap-default\">\n\t\t\t\t\t<div class=\"elementor-column elementor-col-100 elementor-top-column elementor-element elementor-element-f68df0f\" data-id=\"f68df0f\" data-element_type=\"column\" data-e-type=\"column\">\n\t\t\t<div class=\"elementor-widget-wrap elementor-element-populated\">\n\t\t\t\t\t\t<section class=\"elementor-section elementor-inner-section elementor-element elementor-element-f45f8c4 elementor-section-boxed elementor-section-height-default elementor-section-height-default\" data-id=\"f45f8c4\" data-element_type=\"section\" data-e-type=\"section\">\n\t\t\t\t\t\t<div class=\"elementor-container elementor-column-gap-default\">\n\t\t\t\t\t<div class=\"elementor-column elementor-col-50 elementor-inner-column elementor-element elementor-element-4303e88\" data-id=\"4303e88\" data-element_type=\"column\" data-e-type=\"column\">\n\t\t\t<div class=\"elementor-widget-wrap elementor-element-populated\">\n\t\t\t\t\t\t<div class=\"elementor-element elementor-element-8a4bb63 elementor-widget elementor-widget-heading\" data-id=\"8a4bb63\" data-element_type=\"widget\" data-e-type=\"widget\" data-widget_type=\"heading.default\">\n\t\t\t\t<div class=\"elementor-widget-container\">\n\t\t\t\t\t<h3 class=\"elementor-heading-title elementor-size-default\">Promoci\u00f3n innovadora (2017)<\/h3>\t\t\t\t<\/div>\n\t\t\t\t<\/div>\n\t\t\t\t<div class=\"elementor-element elementor-element-ede46c6 elementor-widget elementor-widget-video\" data-id=\"ede46c6\" data-element_type=\"widget\" data-e-type=\"widget\" data-settings=\"{&quot;youtube_url&quot;:&quot;https:\\\/\\\/www.youtube.com\\\/watch?v=wBwlrxA0Xxc&amp;feature=emb_imp_woyt&quot;,&quot;video_type&quot;:&quot;youtube&quot;,&quot;controls&quot;:&quot;yes&quot;}\" data-widget_type=\"video.default\">\n\t\t\t\t<div class=\"elementor-widget-container\">\n\t\t\t\t\t\t\t<div class=\"elementor-wrapper elementor-open-inline\">\n\t\t\t<div class=\"elementor-video\"><\/div>\t\t<\/div>\n\t\t\t\t\t\t<\/div>\n\t\t\t\t<\/div>\n\t\t\t\t\t<\/div>\n\t\t<\/div>\n\t\t\t\t<div class=\"elementor-column elementor-col-50 elementor-inner-column elementor-element elementor-element-ee0abc5\" data-id=\"ee0abc5\" data-element_type=\"column\" data-e-type=\"column\">\n\t\t\t<div class=\"elementor-widget-wrap elementor-element-populated\">\n\t\t\t\t\t\t<div class=\"elementor-element elementor-element-3a024b9 elementor-widget elementor-widget-heading\" data-id=\"3a024b9\" data-element_type=\"widget\" data-e-type=\"widget\" data-widget_type=\"heading.default\">\n\t\t\t\t<div class=\"elementor-widget-container\">\n\t\t\t\t\t<h3 class=\"elementor-heading-title elementor-size-default\">Caleidoscopio de un mundo roto<\/h3>\t\t\t\t<\/div>\n\t\t\t\t<\/div>\n\t\t\t\t<div class=\"elementor-element elementor-element-fcb1522 elementor-widget elementor-widget-video\" data-id=\"fcb1522\" data-element_type=\"widget\" data-e-type=\"widget\" data-settings=\"{&quot;youtube_url&quot;:&quot;https:\\\/\\\/www.youtube.com\\\/watch?v=4uOLQwiGKZQ&quot;,&quot;video_type&quot;:&quot;youtube&quot;,&quot;controls&quot;:&quot;yes&quot;}\" data-widget_type=\"video.default\">\n\t\t\t\t<div class=\"elementor-widget-container\">\n\t\t\t\t\t\t\t<div class=\"elementor-wrapper elementor-open-inline\">\n\t\t\t<div class=\"elementor-video\"><\/div>\t\t<\/div>\n\t\t\t\t\t\t<\/div>\n\t\t\t\t<\/div>\n\t\t\t\t\t<\/div>\n\t\t<\/div>\n\t\t\t\t\t<\/div>\n\t\t<\/section>\n\t\t\t\t\t<\/div>\n\t\t<\/div>\n\t\t\t\t\t<\/div>\n\t\t<\/section>\n\t\t\t\t<\/div>","protected":false},"excerpt":{"rendered":"<p>Breaking Ground Este programa \u00fanico utiliza el teatro y las artes esc\u00e9nicas para detallar las vidas, los desaf\u00edos y los viajes de LGBTQAI+ de color en el \u00e1rea metropolitana de DC. Exploramos en profundidad\u2026 <a class=\"more-link\" href=\"https:\/\/smyal.org\/es\/breaking-ground\/\">seguir leyendo <span class=\"screen-reader-text\">Abriendo camino<\/span><\/a><\/p>","protected":false},"author":1,"featured_media":0,"parent":0,"menu_order":0,"comment_status":"closed","ping_status":"closed","template":"elementor_header_footer","meta":{"_exactmetrics_skip_tracking":false,"_exactmetrics_sitenote_active":false,"_exactmetrics_sitenote_note":"","_exactmetrics_sitenote_category":0,"footnotes":"","_links_to":"","_links_to_target":""},"class_list":["post-590","page","type-page","status-publish","hentry","entry"],"yoast_head":"<!-- This site is optimized with the Yoast SEO plugin v27.5 - https:\/\/yoast.com\/product\/yoast-seo-wordpress\/ -->\n<title>Breaking Ground - SMYAL<\/title>\n<meta name=\"robots\" content=\"index, follow, max-snippet:-1, max-image-preview:large, max-video-preview:-1\" \/>\n<link rel=\"canonical\" href=\"https:\/\/smyal.org\/es\/breaking-ground\/\" \/>\n<meta property=\"og:locale\" content=\"es_MX\" \/>\n<meta property=\"og:type\" content=\"article\" \/>\n<meta property=\"og:title\" content=\"Breaking Ground - SMYAL\" \/>\n<meta property=\"og:description\" content=\"Breaking Ground This unique program utilizes the theatre and performing arts to detail the lives, challenges and journeys of LGBTQAI+ of color in the DC Metro area. We explore in-depth&hellip; Seguir leyendo Breaking Ground\" \/>\n<meta property=\"og:url\" content=\"https:\/\/smyal.org\/es\/breaking-ground\/\" \/>\n<meta property=\"og:site_name\" content=\"SMYAL\" \/>\n<meta property=\"article:modified_time\" content=\"2025-02-03T17:35:28+00:00\" \/>\n<meta name=\"twitter:card\" content=\"summary_large_image\" \/>\n<meta name=\"twitter:label1\" content=\"Tiempo de lectura\" \/>\n\t<meta name=\"twitter:data1\" content=\"1 minuto\" \/>\n<script type=\"application\/ld+json\" class=\"yoast-schema-graph\">{\"@context\":\"https:\\\/\\\/schema.org\",\"@graph\":[{\"@type\":\"WebPage\",\"@id\":\"https:\\\/\\\/smyal.org\\\/breaking-ground\\\/\",\"url\":\"https:\\\/\\\/smyal.org\\\/breaking-ground\\\/\",\"name\":\"Breaking Ground - SMYAL\",\"isPartOf\":{\"@id\":\"https:\\\/\\\/smyal.org\\\/#website\"},\"datePublished\":\"2021-04-07T16:28:15+00:00\",\"dateModified\":\"2025-02-03T17:35:28+00:00\",\"breadcrumb\":{\"@id\":\"https:\\\/\\\/smyal.org\\\/breaking-ground\\\/#breadcrumb\"},\"inLanguage\":\"es\",\"potentialAction\":[{\"@type\":\"ReadAction\",\"target\":[\"https:\\\/\\\/smyal.org\\\/breaking-ground\\\/\"]}]},{\"@type\":\"BreadcrumbList\",\"@id\":\"https:\\\/\\\/smyal.org\\\/breaking-ground\\\/#breadcrumb\",\"itemListElement\":[{\"@type\":\"ListItem\",\"position\":1,\"name\":\"Home\",\"item\":\"https:\\\/\\\/smyal.org\\\/\"},{\"@type\":\"ListItem\",\"position\":2,\"name\":\"Breaking Ground\"}]},{\"@type\":\"WebSite\",\"@id\":\"https:\\\/\\\/smyal.org\\\/#website\",\"url\":\"https:\\\/\\\/smyal.org\\\/\",\"name\":\"SMYAL\",\"description\":\"\",\"publisher\":{\"@id\":\"https:\\\/\\\/smyal.org\\\/#organization\"},\"potentialAction\":[{\"@type\":\"SearchAction\",\"target\":{\"@type\":\"EntryPoint\",\"urlTemplate\":\"https:\\\/\\\/smyal.org\\\/?s={search_term_string}\"},\"query-input\":{\"@type\":\"PropertyValueSpecification\",\"valueRequired\":true,\"valueName\":\"search_term_string\"}}],\"inLanguage\":\"es\"},{\"@type\":\"Organization\",\"@id\":\"https:\\\/\\\/smyal.org\\\/#organization\",\"name\":\"SMYAL\",\"url\":\"https:\\\/\\\/smyal.org\\\/\",\"logo\":{\"@type\":\"ImageObject\",\"inLanguage\":\"es\",\"@id\":\"https:\\\/\\\/smyal.org\\\/#\\\/schema\\\/logo\\\/image\\\/\",\"url\":\"https:\\\/\\\/smyal.org\\\/wp-content\\\/uploads\\\/2024\\\/06\\\/cropped-SMYAL-Logo-300x300-Transparent-Background.png\",\"contentUrl\":\"https:\\\/\\\/smyal.org\\\/wp-content\\\/uploads\\\/2024\\\/06\\\/cropped-SMYAL-Logo-300x300-Transparent-Background.png\",\"width\":300,\"height\":157,\"caption\":\"SMYAL\"},\"image\":{\"@id\":\"https:\\\/\\\/smyal.org\\\/#\\\/schema\\\/logo\\\/image\\\/\"}}]}<\/script>\n<!-- \/ Yoast SEO plugin. -->","yoast_head_json":{"title":"Breaking Ground - SMYAL","robots":{"index":"index","follow":"follow","max-snippet":"max-snippet:-1","max-image-preview":"max-image-preview:large","max-video-preview":"max-video-preview:-1"},"canonical":"https:\/\/smyal.org\/es\/breaking-ground\/","og_locale":"es_MX","og_type":"article","og_title":"Breaking Ground - SMYAL","og_description":"Breaking Ground This unique program utilizes the theatre and performing arts to detail the lives, challenges and journeys of LGBTQAI+ of color in the DC Metro area. We explore in-depth&hellip; Seguir leyendo Breaking Ground","og_url":"https:\/\/smyal.org\/es\/breaking-ground\/","og_site_name":"SMYAL","article_modified_time":"2025-02-03T17:35:28+00:00","twitter_card":"summary_large_image","twitter_misc":{"Tiempo de lectura":"1 minuto"},"schema":{"@context":"https:\/\/schema.org","@graph":[{"@type":"WebPage","@id":"https:\/\/smyal.org\/breaking-ground\/","url":"https:\/\/smyal.org\/breaking-ground\/","name":"Breaking Ground - SMYAL","isPartOf":{"@id":"https:\/\/smyal.org\/#website"},"datePublished":"2021-04-07T16:28:15+00:00","dateModified":"2025-02-03T17:35:28+00:00","breadcrumb":{"@id":"https:\/\/smyal.org\/breaking-ground\/#breadcrumb"},"inLanguage":"es","potentialAction":[{"@type":"ReadAction","target":["https:\/\/smyal.org\/breaking-ground\/"]}]},{"@type":"BreadcrumbList","@id":"https:\/\/smyal.org\/breaking-ground\/#breadcrumb","itemListElement":[{"@type":"ListItem","position":1,"name":"Home","item":"https:\/\/smyal.org\/"},{"@type":"ListItem","position":2,"name":"Breaking Ground"}]},{"@type":"WebSite","@id":"https:\/\/smyal.org\/#website","url":"https:\/\/smyal.org\/","name":"SMYAL","description":"","publisher":{"@id":"https:\/\/smyal.org\/#organization"},"potentialAction":[{"@type":"SearchAction","target":{"@type":"EntryPoint","urlTemplate":"https:\/\/smyal.org\/?s={search_term_string}"},"query-input":{"@type":"PropertyValueSpecification","valueRequired":true,"valueName":"search_term_string"}}],"inLanguage":"es"},{"@type":"Organization","@id":"https:\/\/smyal.org\/#organization","name":"SMYAL","url":"https:\/\/smyal.org\/","logo":{"@type":"ImageObject","inLanguage":"es","@id":"https:\/\/smyal.org\/#\/schema\/logo\/image\/","url":"https:\/\/smyal.org\/wp-content\/uploads\/2024\/06\/cropped-SMYAL-Logo-300x300-Transparent-Background.png","contentUrl":"https:\/\/smyal.org\/wp-content\/uploads\/2024\/06\/cropped-SMYAL-Logo-300x300-Transparent-Background.png","width":300,"height":157,"caption":"SMYAL"},"image":{"@id":"https:\/\/smyal.org\/#\/schema\/logo\/image\/"}}]}},"_links":{"self":[{"href":"https:\/\/smyal.org\/es\/wp-json\/wp\/v2\/pages\/590","targetHints":{"allow":["GET"]}}],"collection":[{"href":"https:\/\/smyal.org\/es\/wp-json\/wp\/v2\/pages"}],"about":[{"href":"https:\/\/smyal.org\/es\/wp-json\/wp\/v2\/types\/page"}],"author":[{"embeddable":true,"href":"https:\/\/smyal.org\/es\/wp-json\/wp\/v2\/users\/1"}],"replies":[{"embeddable":true,"href":"https:\/\/smyal.org\/es\/wp-json\/wp\/v2\/comments?post=590"}],"version-history":[{"count":26,"href":"https:\/\/smyal.org\/es\/wp-json\/wp\/v2\/pages\/590\/revisions"}],"predecessor-version":[{"id":13643,"href":"https:\/\/smyal.org\/es\/wp-json\/wp\/v2\/pages\/590\/revisions\/13643"}],"wp:attachment":[{"href":"https:\/\/smyal.org\/es\/wp-json\/wp\/v2\/media?parent=590"}],"curies":[{"name":"wp","href":"https:\/\/api.w.org\/{rel}","templated":true}]}}