{"id":858,"date":"2025-02-03T12:59:07","date_gmt":"2025-02-03T17:59:07","guid":{"rendered":"https:\/\/smyal.org\/?page_id=858"},"modified":"2025-02-03T12:59:07","modified_gmt":"2025-02-03T17:59:07","slug":"trainings","status":"publish","type":"page","link":"https:\/\/smyal.org\/es\/trainings\/","title":{"rendered":"Entrenamientos"},"content":{"rendered":"<div data-elementor-type=\"wp-page\" data-elementor-id=\"858\" class=\"elementor elementor-858\" data-elementor-post-type=\"page\">\n\t\t\t\t\t\t<section class=\"elementor-section elementor-top-section elementor-element elementor-element-3f6b703b elementor-section-boxed elementor-section-height-default elementor-section-height-default\" data-id=\"3f6b703b\" data-element_type=\"section\" data-e-type=\"section\" data-settings=\"{&quot;background_background&quot;:&quot;gradient&quot;,&quot;shape_divider_bottom&quot;:&quot;curve&quot;,&quot;shape_divider_bottom_negative&quot;:&quot;yes&quot;}\">\n\t\t\t\t\t<div class=\"elementor-shape elementor-shape-bottom\" aria-hidden=\"true\" data-negative=\"true\">\n\t\t\t<svg xmlns=\"http:\/\/www.w3.org\/2000\/svg\" viewbox=\"0 0 1000 100\" preserveaspectratio=\"none\">\n\t<path class=\"elementor-shape-fill\" d=\"M500,97C126.7,96.3,0.8,19.8,0,0v100l1000,0V1C1000,19.4,873.3,97.8,500,97z\"\/>\n<\/svg>\t\t<\/div>\n\t\t\t\t\t<div class=\"elementor-container elementor-column-gap-default\">\n\t\t\t\t\t<div class=\"elementor-column elementor-col-100 elementor-top-column elementor-element elementor-element-25b738ed\" data-id=\"25b738ed\" data-element_type=\"column\" data-e-type=\"column\">\n\t\t\t<div class=\"elementor-widget-wrap elementor-element-populated\">\n\t\t\t\t\t\t<div class=\"elementor-element elementor-element-37a22cde elementor-widget elementor-widget-heading\" data-id=\"37a22cde\" data-element_type=\"widget\" data-e-type=\"widget\" data-widget_type=\"heading.default\">\n\t\t\t\t<div class=\"elementor-widget-container\">\n\t\t\t\t\t<h1 class=\"elementor-heading-title elementor-size-default\">Talleres y Capacitaciones<\/h1>\t\t\t\t<\/div>\n\t\t\t\t<\/div>\n\t\t\t\t\t<\/div>\n\t\t<\/div>\n\t\t\t\t\t<\/div>\n\t\t<\/section>\n\t\t\t\t<section class=\"elementor-section elementor-top-section elementor-element elementor-element-248f520 elementor-section-boxed elementor-section-height-default elementor-section-height-default\" data-id=\"248f520\" data-element_type=\"section\" data-e-type=\"section\">\n\t\t\t\t\t\t<div class=\"elementor-container elementor-column-gap-default\">\n\t\t\t\t\t<div class=\"elementor-column elementor-col-50 elementor-top-column elementor-element elementor-element-96c66e7\" data-id=\"96c66e7\" data-element_type=\"column\" data-e-type=\"column\">\n\t\t\t<div class=\"elementor-widget-wrap elementor-element-populated\">\n\t\t\t\t\t\t<div class=\"elementor-element elementor-element-d2d069e elementor-widget elementor-widget-menu-anchor\" data-id=\"d2d069e\" data-element_type=\"widget\" data-e-type=\"widget\" data-widget_type=\"menu-anchor.default\">\n\t\t\t\t<div class=\"elementor-widget-container\">\n\t\t\t\t\t\t\t<div class=\"elementor-menu-anchor\" id=\"youth-training\"><\/div>\n\t\t\t\t\t\t<\/div>\n\t\t\t\t<\/div>\n\t\t\t\t<div class=\"elementor-element elementor-element-ce1c8ba elementor-widget elementor-widget-heading\" data-id=\"ce1c8ba\" data-element_type=\"widget\" data-e-type=\"widget\" data-widget_type=\"heading.default\">\n\t\t\t\t<div class=\"elementor-widget-container\">\n\t\t\t\t\t<h2 class=\"elementor-heading-title elementor-size-default\">Entrenamientos para j\u00f3venes<\/h2>\t\t\t\t<\/div>\n\t\t\t\t<\/div>\n\t\t\t\t<div class=\"elementor-element elementor-element-25673cf elementor-widget elementor-widget-text-editor\" data-id=\"25673cf\" data-element_type=\"widget\" data-e-type=\"widget\" data-widget_type=\"text-editor.default\">\n\t\t\t\t<div class=\"elementor-widget-container\">\n\t\t\t\t\t\t\t\t\t<section class=\"container\"><div class=\"row\"><div class=\"spb_content_element col-sm-12 lede-text spb_text_column\"><div class=\"spb-asset-content\"><h6 class=\"first last\">La capacitaci\u00f3n y los talleres de SMYAL llegan a los j\u00f3venes dondequiera que est\u00e9n, ya sea en la escuela o en la comunidad.\u00a0<\/h6><\/div><h6 class=\"first last\">\u00a0<\/h6><\/div><\/div><\/section><section class=\"container\"><div class=\"row\"><p>Actualmente ofrecemos los siguientes talleres, pero podemos adaptar nuestras capacitaciones para satisfacer las necesidades de su grupo:<\/p><div class=\"spb_content_element col-sm-12 spb_text_column\"><div class=\"spb-asset-content\"><ul><li><span style=\"font-weight: 400;\">LGBTQ+ Sexual Health<\/span><\/li><li><span style=\"font-weight: 400;\">Healthy Relationships for LGBTQ+ Youth<\/span><\/li><li>Soporte GSA<\/li><\/ul><p><strong>Los talleres para grupos de j\u00f3venes son gratuitos.<\/strong><\/p><\/div><\/div><\/div><\/section>\t\t\t\t\t\t\t\t<\/div>\n\t\t\t\t<\/div>\n\t\t\t\t\t<\/div>\n\t\t<\/div>\n\t\t\t\t<div class=\"elementor-column elementor-col-50 elementor-top-column elementor-element elementor-element-a7e8939\" data-id=\"a7e8939\" data-element_type=\"column\" data-e-type=\"column\">\n\t\t\t<div class=\"elementor-widget-wrap elementor-element-populated\">\n\t\t\t\t\t\t<div class=\"elementor-element elementor-element-6e77cd3 elementor-widget elementor-widget-image\" data-id=\"6e77cd3\" data-element_type=\"widget\" data-e-type=\"widget\" data-widget_type=\"image.default\">\n\t\t\t\t<div class=\"elementor-widget-container\">\n\t\t\t\t\t\t\t\t\t\t\t\t\t\t\t<img fetchpriority=\"high\" decoding=\"async\" width=\"750\" height=\"500\" src=\"https:\/\/smyal.org\/wp-content\/uploads\/2021\/03\/37757646_10155787842474952_6613790971987492864_o-1024x683.jpg\" class=\"attachment-large size-large wp-image-35\" alt=\"\" srcset=\"https:\/\/smyal.org\/wp-content\/uploads\/2021\/03\/37757646_10155787842474952_6613790971987492864_o-1024x683.jpg 1024w, https:\/\/smyal.org\/wp-content\/uploads\/2021\/03\/37757646_10155787842474952_6613790971987492864_o-300x200.jpg 300w, https:\/\/smyal.org\/wp-content\/uploads\/2021\/03\/37757646_10155787842474952_6613790971987492864_o-768x512.jpg 768w, https:\/\/smyal.org\/wp-content\/uploads\/2021\/03\/37757646_10155787842474952_6613790971987492864_o-1536x1024.jpg 1536w, https:\/\/smyal.org\/wp-content\/uploads\/2021\/03\/37757646_10155787842474952_6613790971987492864_o-1568x1045.jpg 1568w, https:\/\/smyal.org\/wp-content\/uploads\/2021\/03\/37757646_10155787842474952_6613790971987492864_o.jpg 2048w\" sizes=\"(max-width: 750px) 100vw, 750px\" style=\"width:100%;height:66.65%;max-width:2048px\" \/>\t\t\t\t\t\t\t\t\t\t\t\t\t\t\t<\/div>\n\t\t\t\t<\/div>\n\t\t\t\t\t<\/div>\n\t\t<\/div>\n\t\t\t\t\t<\/div>\n\t\t<\/section>\n\t\t\t\t<section class=\"elementor-section elementor-top-section elementor-element elementor-element-7780ac7 elementor-section-boxed elementor-section-height-default elementor-section-height-default\" data-id=\"7780ac7\" data-element_type=\"section\" data-e-type=\"section\">\n\t\t\t\t\t\t<div class=\"elementor-container elementor-column-gap-default\">\n\t\t\t\t\t<div class=\"elementor-column elementor-col-100 elementor-top-column elementor-element elementor-element-3ac7c1a\" data-id=\"3ac7c1a\" data-element_type=\"column\" data-e-type=\"column\">\n\t\t\t<div class=\"elementor-widget-wrap elementor-element-populated\">\n\t\t\t\t\t\t<div class=\"elementor-element elementor-element-d1a0cf5 elementor-widget elementor-widget-text-editor\" data-id=\"d1a0cf5\" data-element_type=\"widget\" data-e-type=\"widget\" data-widget_type=\"text-editor.default\">\n\t\t\t\t<div class=\"elementor-widget-container\">\n\t\t\t\t\t\t\t\t\t<section class=\"container\"><div class=\"row\"><div class=\"spb_content_element col-sm-12 lede-text spb_text_column\"><div class=\"spb-asset-content\"><p class=\"first last\"><strong>Si est\u00e1 interesado en una capacitaci\u00f3n con SMYAL, comun\u00edquese con<\/strong> <a href=\"mailto:trainings@smyal.org\">trainings@smyal.org<\/a>\u00a0<strong>o complete el formulario a continuaci\u00f3n.<\/strong><\/p><\/div><\/div><\/div><\/section>\t\t\t\t\t\t\t\t<\/div>\n\t\t\t\t<\/div>\n\t\t\t\t<div class=\"elementor-element elementor-element-8b47d2e elementor-align-center elementor-widget elementor-widget-button\" data-id=\"8b47d2e\" data-element_type=\"widget\" data-e-type=\"widget\" data-widget_type=\"button.default\">\n\t\t\t\t<div class=\"elementor-widget-container\">\n\t\t\t\t\t\t\t\t\t<div class=\"elementor-button-wrapper\">\n\t\t\t\t\t<a class=\"elementor-button elementor-button-link elementor-size-lg\" href=\"https:\/\/docs.google.com\/forms\/d\/e\/1FAIpQLSc43WDOSE34iXdlHOa5odavzOmGney1dh7XJF1gEPcCa47tag\/viewform?usp=sf_link\">\n\t\t\t\t\t\t<span class=\"elementor-button-content-wrapper\">\n\t\t\t\t\t\t\t\t\t<span class=\"elementor-button-text\">Formulario de solicitud de capacitaci\u00f3n juvenil<\/span>\n\t\t\t\t\t<\/span>\n\t\t\t\t\t<\/a>\n\t\t\t\t<\/div>\n\t\t\t\t\t\t\t\t<\/div>\n\t\t\t\t<\/div>\n\t\t\t\t\t<\/div>\n\t\t<\/div>\n\t\t\t\t\t<\/div>\n\t\t<\/section>\n\t\t\t\t<section class=\"elementor-section elementor-top-section elementor-element elementor-element-a420c42 elementor-section-boxed elementor-section-height-default elementor-section-height-default\" data-id=\"a420c42\" data-element_type=\"section\" data-e-type=\"section\" data-settings=\"{&quot;background_background&quot;:&quot;classic&quot;}\">\n\t\t\t\t\t\t<div class=\"elementor-container elementor-column-gap-default\">\n\t\t\t\t\t<div class=\"elementor-column elementor-col-100 elementor-top-column elementor-element elementor-element-505d853\" data-id=\"505d853\" data-element_type=\"column\" data-e-type=\"column\">\n\t\t\t<div class=\"elementor-widget-wrap elementor-element-populated\">\n\t\t\t\t\t\t<div class=\"elementor-element elementor-element-a41a660 elementor-widget elementor-widget-menu-anchor\" data-id=\"a41a660\" data-element_type=\"widget\" data-e-type=\"widget\" data-widget_type=\"menu-anchor.default\">\n\t\t\t\t<div class=\"elementor-widget-container\">\n\t\t\t\t\t\t\t<div class=\"elementor-menu-anchor\" id=\"adult-training\"><\/div>\n\t\t\t\t\t\t<\/div>\n\t\t\t\t<\/div>\n\t\t\t\t<div class=\"elementor-element elementor-element-b9806fa elementor-widget elementor-widget-heading\" data-id=\"b9806fa\" data-element_type=\"widget\" data-e-type=\"widget\" data-widget_type=\"heading.default\">\n\t\t\t\t<div class=\"elementor-widget-container\">\n\t\t\t\t\t<h2 class=\"elementor-heading-title elementor-size-default\">Entrenamientos para adultos<\/h2>\t\t\t\t<\/div>\n\t\t\t\t<\/div>\n\t\t\t\t<section class=\"elementor-section elementor-inner-section elementor-element elementor-element-84205b0 elementor-section-boxed elementor-section-height-default elementor-section-height-default\" data-id=\"84205b0\" data-element_type=\"section\" data-e-type=\"section\">\n\t\t\t\t\t\t<div class=\"elementor-container elementor-column-gap-default\">\n\t\t\t\t\t<div class=\"elementor-column elementor-col-50 elementor-inner-column elementor-element elementor-element-8629c10\" data-id=\"8629c10\" data-element_type=\"column\" data-e-type=\"column\">\n\t\t\t<div class=\"elementor-widget-wrap elementor-element-populated\">\n\t\t\t\t\t\t<div class=\"elementor-element elementor-element-2bb84f4 elementor-widget elementor-widget-text-editor\" data-id=\"2bb84f4\" data-element_type=\"widget\" data-e-type=\"widget\" data-widget_type=\"text-editor.default\">\n\t\t\t\t<div class=\"elementor-widget-container\">\n\t\t\t\t\t\t\t\t\t<h6>\u00a1Los profesionales de SMYAL pueden aportar sus a\u00f1os de experiencia a su organizaci\u00f3n!<\/h6><p>Tenemos experiencia en programaci\u00f3n, vivienda, salud sexual y atenci\u00f3n de salud mental dise\u00f1adas para satisfacer las necesidades de los j\u00f3venes LGBTQ+.\u00a0<\/p><p><strong>Please reach out to <\/strong><a href=\"mailto:trainings@smyal.org\">trainings@smyal.org<\/a><strong> with questions about pricing.<\/strong><\/p>\t\t\t\t\t\t\t\t<\/div>\n\t\t\t\t<\/div>\n\t\t\t\t\t<\/div>\n\t\t<\/div>\n\t\t\t\t<div class=\"elementor-column elementor-col-50 elementor-inner-column elementor-element elementor-element-1d6a47d\" data-id=\"1d6a47d\" data-element_type=\"column\" data-e-type=\"column\">\n\t\t\t<div class=\"elementor-widget-wrap elementor-element-populated\">\n\t\t\t\t\t\t<div class=\"elementor-element elementor-element-dbf6e34 elementor-widget elementor-widget-image\" data-id=\"dbf6e34\" data-element_type=\"widget\" data-e-type=\"widget\" data-widget_type=\"image.default\">\n\t\t\t\t<div class=\"elementor-widget-container\">\n\t\t\t\t\t\t\t\t\t\t\t\t\t\t\t<img decoding=\"async\" width=\"750\" height=\"391\" src=\"https:\/\/smyal.org\/wp-content\/uploads\/2022\/10\/Addison-Facilitating-e1665002916490-1024x534.jpg\" class=\"attachment-large size-large wp-image-11893\" alt=\"\" srcset=\"https:\/\/smyal.org\/wp-content\/uploads\/2022\/10\/Addison-Facilitating-e1665002916490-1024x534.jpg 1024w, https:\/\/smyal.org\/wp-content\/uploads\/2022\/10\/Addison-Facilitating-e1665002916490-300x157.jpg 300w, https:\/\/smyal.org\/wp-content\/uploads\/2022\/10\/Addison-Facilitating-e1665002916490-768x401.jpg 768w, https:\/\/smyal.org\/wp-content\/uploads\/2022\/10\/Addison-Facilitating-e1665002916490.jpg 1035w\" sizes=\"(max-width: 750px) 100vw, 750px\" style=\"width:100%;height:52.17%;max-width:1035px\" \/>\t\t\t\t\t\t\t\t\t\t\t\t\t\t\t<\/div>\n\t\t\t\t<\/div>\n\t\t\t\t\t<\/div>\n\t\t<\/div>\n\t\t\t\t\t<\/div>\n\t\t<\/section>\n\t\t\t\t<div class=\"elementor-element elementor-element-b411eb1 elementor-widget elementor-widget-text-editor\" data-id=\"b411eb1\" data-element_type=\"widget\" data-e-type=\"widget\" data-widget_type=\"text-editor.default\">\n\t\t\t\t<div class=\"elementor-widget-container\">\n\t\t\t\t\t\t\t\t\t<section class=\"container\"><div class=\"row\"><div class=\"spb_content_element col-sm-12 lede-text spb_text_column\"><div class=\"spb-asset-content\"><p><span style=\"font-weight: 400;\">Actualmente ofrecemos las siguientes capacitaciones, pero podemos utilizar nuestra experiencia para crear o personalizar talleres que satisfagan las necesidades de su organizaci\u00f3n:<\/span><\/p><ul><li><span style=\"font-weight: 400;\">LGBTQ+ Cultural Competency<\/span><\/li><li style=\"font-weight: 400;\" aria-level=\"1\"><span style=\"font-weight: 400;\">Trabajar con j\u00f3venes trans y no conformes con su g\u00e9nero<\/span><\/li><li style=\"font-weight: 400;\" aria-level=\"1\"><span style=\"font-weight: 400;\">LGBTQ+ Sexual Health<\/span><\/li><li style=\"font-weight: 400;\" aria-level=\"1\"><span style=\"font-weight: 400;\">Healthy Relationships for LGBTQ+ Youth<\/span><\/li><li style=\"font-weight: 400;\" aria-level=\"1\"><span style=\"font-weight: 400;\">Trabajando con j\u00f3venes indocumentados en la comunidad latina\/latina<\/span><\/li><li style=\"font-weight: 400;\" aria-level=\"1\"><span style=\"font-weight: 400;\">Comprender los pronombres<\/span><\/li><li style=\"font-weight: 400;\" aria-level=\"1\"><span style=\"font-weight: 400;\">Atenci\u00f3n sensible al trauma<\/span><\/li><li style=\"font-weight: 400;\" aria-level=\"1\"><span style=\"font-weight: 400;\">Desempacando el adultismo<\/span><\/li><li style=\"font-weight: 400;\" aria-level=\"1\"><span style=\"font-weight: 400;\">How To Be An Active Ally to LGBTQ+ Youth<\/span><\/li><li style=\"font-weight: 400;\" aria-level=\"1\"><span style=\"font-weight: 400;\">Supporting LGBTQ+ Youth in Elementary Schools<\/span><\/li><\/ul><\/div><\/div><\/div><\/section>\t\t\t\t\t\t\t\t<\/div>\n\t\t\t\t<\/div>\n\t\t\t\t<div class=\"elementor-element elementor-element-ec4d11f elementor-widget elementor-widget-text-editor\" data-id=\"ec4d11f\" data-element_type=\"widget\" data-e-type=\"widget\" data-widget_type=\"text-editor.default\">\n\t\t\t\t<div class=\"elementor-widget-container\">\n\t\t\t\t\t\t\t\t\t<p><strong>Si est\u00e1 interesado en una capacitaci\u00f3n con SMYAL, comun\u00edquese con<\/strong> <a href=\"mailto:trainings@smyal.org\">trainings@smyal.org<\/a>\u00a0<strong>o complete el formulario a continuaci\u00f3n.<\/strong><\/p>\t\t\t\t\t\t\t\t<\/div>\n\t\t\t\t<\/div>\n\t\t\t\t<div class=\"elementor-element elementor-element-e91fc9d elementor-align-center elementor-widget elementor-widget-button\" data-id=\"e91fc9d\" data-element_type=\"widget\" data-e-type=\"widget\" data-widget_type=\"button.default\">\n\t\t\t\t<div class=\"elementor-widget-container\">\n\t\t\t\t\t\t\t\t\t<div class=\"elementor-button-wrapper\">\n\t\t\t\t\t<a class=\"elementor-button elementor-button-link elementor-size-lg\" href=\"https:\/\/docs.google.com\/forms\/d\/e\/1FAIpQLSc43WDOSE34iXdlHOa5odavzOmGney1dh7XJF1gEPcCa47tag\/viewform?usp=sf_link\">\n\t\t\t\t\t\t<span class=\"elementor-button-content-wrapper\">\n\t\t\t\t\t\t\t\t\t<span class=\"elementor-button-text\">Formulario de inter\u00e9s del taller para adultos<\/span>\n\t\t\t\t\t<\/span>\n\t\t\t\t\t<\/a>\n\t\t\t\t<\/div>\n\t\t\t\t\t\t\t\t<\/div>\n\t\t\t\t<\/div>\n\t\t\t\t\t<\/div>\n\t\t<\/div>\n\t\t\t\t\t<\/div>\n\t\t<\/section>\n\t\t\t\t<section class=\"elementor-section elementor-top-section elementor-element elementor-element-b1d1681 elementor-section-boxed elementor-section-height-default elementor-section-height-default\" data-id=\"b1d1681\" data-element_type=\"section\" data-e-type=\"section\">\n\t\t\t\t\t\t<div class=\"elementor-container elementor-column-gap-default\">\n\t\t\t\t\t<div class=\"elementor-column elementor-col-100 elementor-top-column elementor-element elementor-element-de79848\" data-id=\"de79848\" data-element_type=\"column\" data-e-type=\"column\">\n\t\t\t<div class=\"elementor-widget-wrap\">\n\t\t\t\t\t\t\t<\/div>\n\t\t<\/div>\n\t\t\t\t\t<\/div>\n\t\t<\/section>\n\t\t\t\t<\/div>","protected":false},"excerpt":{"rendered":"<p>Talleres y capacitaciones Capacitaciones para j\u00f3venes Las capacitaciones y talleres de SMYAL llegan a los j\u00f3venes dondequiera que se encuentren, ya sea en la escuela o en la comunidad. Actualmente ofrecemos los siguientes talleres... <a class=\"more-link\" href=\"https:\/\/smyal.org\/es\/trainings\/\">seguir leyendo <span class=\"screen-reader-text\">Entrenamientos<\/span><\/a><\/p>","protected":false},"author":1,"featured_media":0,"parent":0,"menu_order":0,"comment_status":"closed","ping_status":"closed","template":"elementor_header_footer","meta":{"_exactmetrics_skip_tracking":false,"_exactmetrics_sitenote_active":false,"_exactmetrics_sitenote_note":"","_exactmetrics_sitenote_category":0,"footnotes":"","_links_to":"","_links_to_target":""},"class_list":["post-858","page","type-page","status-publish","hentry","entry"],"yoast_head":"<!-- This site is optimized with the Yoast SEO plugin v27.4 - https:\/\/yoast.com\/product\/yoast-seo-wordpress\/ -->\n<title>Trainings - SMYAL<\/title>\n<meta name=\"robots\" content=\"index, follow, max-snippet:-1, max-image-preview:large, max-video-preview:-1\" \/>\n<link rel=\"canonical\" href=\"https:\/\/smyal.org\/es\/trainings\/\" \/>\n<meta property=\"og:locale\" content=\"es_MX\" \/>\n<meta property=\"og:type\" content=\"article\" \/>\n<meta property=\"og:title\" content=\"Trainings - SMYAL\" \/>\n<meta property=\"og:description\" content=\"Workshops and Trainings Youth Trainings SMYAL&#8217;s training and workshops meet youth where they are, whether it be in school or in the community.\u00a0 \u00a0 We currently offer the following workshops&hellip; Seguir leyendo Trainings\" \/>\n<meta property=\"og:url\" content=\"https:\/\/smyal.org\/es\/trainings\/\" \/>\n<meta property=\"og:site_name\" content=\"SMYAL\" \/>\n<meta property=\"og:image\" content=\"https:\/\/smyal.org\/wp-content\/uploads\/2021\/03\/37757646_10155787842474952_6613790971987492864_o-1024x683.jpg\" \/>\n<meta name=\"twitter:card\" content=\"summary_large_image\" \/>\n<meta name=\"twitter:label1\" content=\"Tiempo de lectura\" \/>\n\t<meta name=\"twitter:data1\" content=\"2 minutos\" \/>\n<script type=\"application\/ld+json\" class=\"yoast-schema-graph\">{\"@context\":\"https:\\\/\\\/schema.org\",\"@graph\":[{\"@type\":\"WebPage\",\"@id\":\"https:\\\/\\\/smyal.org\\\/trainings\\\/\",\"url\":\"https:\\\/\\\/smyal.org\\\/trainings\\\/\",\"name\":\"Trainings - SMYAL\",\"isPartOf\":{\"@id\":\"https:\\\/\\\/smyal.org\\\/#website\"},\"primaryImageOfPage\":{\"@id\":\"https:\\\/\\\/smyal.org\\\/trainings\\\/#primaryimage\"},\"image\":{\"@id\":\"https:\\\/\\\/smyal.org\\\/trainings\\\/#primaryimage\"},\"thumbnailUrl\":\"https:\\\/\\\/smyal.org\\\/wp-content\\\/uploads\\\/2021\\\/03\\\/37757646_10155787842474952_6613790971987492864_o-1024x683.jpg\",\"datePublished\":\"2025-02-03T17:59:07+00:00\",\"breadcrumb\":{\"@id\":\"https:\\\/\\\/smyal.org\\\/trainings\\\/#breadcrumb\"},\"inLanguage\":\"es\",\"potentialAction\":[{\"@type\":\"ReadAction\",\"target\":[\"https:\\\/\\\/smyal.org\\\/trainings\\\/\"]}]},{\"@type\":\"ImageObject\",\"inLanguage\":\"es\",\"@id\":\"https:\\\/\\\/smyal.org\\\/trainings\\\/#primaryimage\",\"url\":\"https:\\\/\\\/smyal.org\\\/wp-content\\\/uploads\\\/2021\\\/03\\\/37757646_10155787842474952_6613790971987492864_o-1024x683.jpg\",\"contentUrl\":\"https:\\\/\\\/smyal.org\\\/wp-content\\\/uploads\\\/2021\\\/03\\\/37757646_10155787842474952_6613790971987492864_o-1024x683.jpg\"},{\"@type\":\"BreadcrumbList\",\"@id\":\"https:\\\/\\\/smyal.org\\\/trainings\\\/#breadcrumb\",\"itemListElement\":[{\"@type\":\"ListItem\",\"position\":1,\"name\":\"Home\",\"item\":\"https:\\\/\\\/smyal.org\\\/\"},{\"@type\":\"ListItem\",\"position\":2,\"name\":\"Trainings\"}]},{\"@type\":\"WebSite\",\"@id\":\"https:\\\/\\\/smyal.org\\\/#website\",\"url\":\"https:\\\/\\\/smyal.org\\\/\",\"name\":\"SMYAL\",\"description\":\"\",\"publisher\":{\"@id\":\"https:\\\/\\\/smyal.org\\\/#organization\"},\"potentialAction\":[{\"@type\":\"SearchAction\",\"target\":{\"@type\":\"EntryPoint\",\"urlTemplate\":\"https:\\\/\\\/smyal.org\\\/?s={search_term_string}\"},\"query-input\":{\"@type\":\"PropertyValueSpecification\",\"valueRequired\":true,\"valueName\":\"search_term_string\"}}],\"inLanguage\":\"es\"},{\"@type\":\"Organization\",\"@id\":\"https:\\\/\\\/smyal.org\\\/#organization\",\"name\":\"SMYAL\",\"url\":\"https:\\\/\\\/smyal.org\\\/\",\"logo\":{\"@type\":\"ImageObject\",\"inLanguage\":\"es\",\"@id\":\"https:\\\/\\\/smyal.org\\\/#\\\/schema\\\/logo\\\/image\\\/\",\"url\":\"https:\\\/\\\/smyal.org\\\/wp-content\\\/uploads\\\/2024\\\/06\\\/cropped-SMYAL-Logo-300x300-Transparent-Background.png\",\"contentUrl\":\"https:\\\/\\\/smyal.org\\\/wp-content\\\/uploads\\\/2024\\\/06\\\/cropped-SMYAL-Logo-300x300-Transparent-Background.png\",\"width\":300,\"height\":157,\"caption\":\"SMYAL\"},\"image\":{\"@id\":\"https:\\\/\\\/smyal.org\\\/#\\\/schema\\\/logo\\\/image\\\/\"}}]}<\/script>\n<!-- \/ Yoast SEO plugin. -->","yoast_head_json":{"title":"Trainings - SMYAL","robots":{"index":"index","follow":"follow","max-snippet":"max-snippet:-1","max-image-preview":"max-image-preview:large","max-video-preview":"max-video-preview:-1"},"canonical":"https:\/\/smyal.org\/es\/trainings\/","og_locale":"es_MX","og_type":"article","og_title":"Trainings - SMYAL","og_description":"Workshops and Trainings Youth Trainings SMYAL&#8217;s training and workshops meet youth where they are, whether it be in school or in the community.\u00a0 \u00a0 We currently offer the following workshops&hellip; Seguir leyendo Trainings","og_url":"https:\/\/smyal.org\/es\/trainings\/","og_site_name":"SMYAL","og_image":[{"url":"https:\/\/smyal.org\/wp-content\/uploads\/2021\/03\/37757646_10155787842474952_6613790971987492864_o-1024x683.jpg","type":"","width":"","height":""}],"twitter_card":"summary_large_image","twitter_misc":{"Tiempo de lectura":"2 minutos"},"schema":{"@context":"https:\/\/schema.org","@graph":[{"@type":"WebPage","@id":"https:\/\/smyal.org\/trainings\/","url":"https:\/\/smyal.org\/trainings\/","name":"Trainings - SMYAL","isPartOf":{"@id":"https:\/\/smyal.org\/#website"},"primaryImageOfPage":{"@id":"https:\/\/smyal.org\/trainings\/#primaryimage"},"image":{"@id":"https:\/\/smyal.org\/trainings\/#primaryimage"},"thumbnailUrl":"https:\/\/smyal.org\/wp-content\/uploads\/2021\/03\/37757646_10155787842474952_6613790971987492864_o-1024x683.jpg","datePublished":"2025-02-03T17:59:07+00:00","breadcrumb":{"@id":"https:\/\/smyal.org\/trainings\/#breadcrumb"},"inLanguage":"es","potentialAction":[{"@type":"ReadAction","target":["https:\/\/smyal.org\/trainings\/"]}]},{"@type":"ImageObject","inLanguage":"es","@id":"https:\/\/smyal.org\/trainings\/#primaryimage","url":"https:\/\/smyal.org\/wp-content\/uploads\/2021\/03\/37757646_10155787842474952_6613790971987492864_o-1024x683.jpg","contentUrl":"https:\/\/smyal.org\/wp-content\/uploads\/2021\/03\/37757646_10155787842474952_6613790971987492864_o-1024x683.jpg"},{"@type":"BreadcrumbList","@id":"https:\/\/smyal.org\/trainings\/#breadcrumb","itemListElement":[{"@type":"ListItem","position":1,"name":"Home","item":"https:\/\/smyal.org\/"},{"@type":"ListItem","position":2,"name":"Trainings"}]},{"@type":"WebSite","@id":"https:\/\/smyal.org\/#website","url":"https:\/\/smyal.org\/","name":"SMYAL","description":"","publisher":{"@id":"https:\/\/smyal.org\/#organization"},"potentialAction":[{"@type":"SearchAction","target":{"@type":"EntryPoint","urlTemplate":"https:\/\/smyal.org\/?s={search_term_string}"},"query-input":{"@type":"PropertyValueSpecification","valueRequired":true,"valueName":"search_term_string"}}],"inLanguage":"es"},{"@type":"Organization","@id":"https:\/\/smyal.org\/#organization","name":"SMYAL","url":"https:\/\/smyal.org\/","logo":{"@type":"ImageObject","inLanguage":"es","@id":"https:\/\/smyal.org\/#\/schema\/logo\/image\/","url":"https:\/\/smyal.org\/wp-content\/uploads\/2024\/06\/cropped-SMYAL-Logo-300x300-Transparent-Background.png","contentUrl":"https:\/\/smyal.org\/wp-content\/uploads\/2024\/06\/cropped-SMYAL-Logo-300x300-Transparent-Background.png","width":300,"height":157,"caption":"SMYAL"},"image":{"@id":"https:\/\/smyal.org\/#\/schema\/logo\/image\/"}}]}},"_links":{"self":[{"href":"https:\/\/smyal.org\/es\/wp-json\/wp\/v2\/pages\/858","targetHints":{"allow":["GET"]}}],"collection":[{"href":"https:\/\/smyal.org\/es\/wp-json\/wp\/v2\/pages"}],"about":[{"href":"https:\/\/smyal.org\/es\/wp-json\/wp\/v2\/types\/page"}],"author":[{"embeddable":true,"href":"https:\/\/smyal.org\/es\/wp-json\/wp\/v2\/users\/1"}],"replies":[{"embeddable":true,"href":"https:\/\/smyal.org\/es\/wp-json\/wp\/v2\/comments?post=858"}],"version-history":[{"count":34,"href":"https:\/\/smyal.org\/es\/wp-json\/wp\/v2\/pages\/858\/revisions"}],"predecessor-version":[{"id":13662,"href":"https:\/\/smyal.org\/es\/wp-json\/wp\/v2\/pages\/858\/revisions\/13662"}],"wp:attachment":[{"href":"https:\/\/smyal.org\/es\/wp-json\/wp\/v2\/media?parent=858"}],"curies":[{"name":"wp","href":"https:\/\/api.w.org\/{rel}","templated":true}]}}