{"id":9048,"date":"2025-02-03T12:52:13","date_gmt":"2025-02-03T17:52:13","guid":{"rendered":"https:\/\/smyal.org\/?page_id=9048"},"modified":"2025-02-03T12:52:13","modified_gmt":"2025-02-03T17:52:13","slug":"smyal-housing-program","status":"publish","type":"page","link":"https:\/\/smyal.org\/es\/resources\/smyal-housing-program\/","title":{"rendered":"Programa de Vivienda SMYAL"},"content":{"rendered":"<div data-elementor-type=\"wp-page\" data-elementor-id=\"9048\" class=\"elementor elementor-9048\" data-elementor-post-type=\"page\">\n\t\t\t\t\t\t<section class=\"elementor-section elementor-top-section elementor-element elementor-element-3968b5a7 elementor-section-boxed elementor-section-height-default elementor-section-height-default\" data-id=\"3968b5a7\" data-element_type=\"section\" data-e-type=\"section\" data-settings=\"{&quot;background_background&quot;:&quot;gradient&quot;,&quot;shape_divider_bottom&quot;:&quot;curve&quot;,&quot;shape_divider_bottom_negative&quot;:&quot;yes&quot;}\">\n\t\t\t\t\t<div class=\"elementor-shape elementor-shape-bottom\" aria-hidden=\"true\" data-negative=\"true\">\n\t\t\t<svg xmlns=\"http:\/\/www.w3.org\/2000\/svg\" viewbox=\"0 0 1000 100\" preserveaspectratio=\"none\">\n\t<path class=\"elementor-shape-fill\" d=\"M500,97C126.7,96.3,0.8,19.8,0,0v100l1000,0V1C1000,19.4,873.3,97.8,500,97z\"\/>\n<\/svg>\t\t<\/div>\n\t\t\t\t\t<div class=\"elementor-container elementor-column-gap-default\">\n\t\t\t\t\t<div class=\"elementor-column elementor-col-100 elementor-top-column elementor-element elementor-element-7edae3ec\" data-id=\"7edae3ec\" data-element_type=\"column\" data-e-type=\"column\">\n\t\t\t<div class=\"elementor-widget-wrap elementor-element-populated\">\n\t\t\t\t\t\t<div class=\"elementor-element elementor-element-61c87f93 elementor-widget elementor-widget-heading\" data-id=\"61c87f93\" data-element_type=\"widget\" data-e-type=\"widget\" data-widget_type=\"heading.default\">\n\t\t\t\t<div class=\"elementor-widget-container\">\n\t\t\t\t\t<h1 class=\"elementor-heading-title elementor-size-default\">Recursos de vivienda<\/h1>\t\t\t\t<\/div>\n\t\t\t\t<\/div>\n\t\t\t\t\t<\/div>\n\t\t<\/div>\n\t\t\t\t\t<\/div>\n\t\t<\/section>\n\t\t\t\t<section class=\"elementor-section elementor-top-section elementor-element elementor-element-36c3360b elementor-section-boxed elementor-section-height-default elementor-section-height-default\" data-id=\"36c3360b\" data-element_type=\"section\" data-e-type=\"section\">\n\t\t\t\t\t\t<div class=\"elementor-container elementor-column-gap-default\">\n\t\t\t\t\t<div class=\"elementor-column elementor-col-100 elementor-top-column elementor-element elementor-element-9f214a\" data-id=\"9f214a\" data-element_type=\"column\" data-e-type=\"column\">\n\t\t\t<div class=\"elementor-widget-wrap elementor-element-populated\">\n\t\t\t\t\t\t<div class=\"elementor-element elementor-element-4948548a elementor-widget elementor-widget-text-editor\" data-id=\"4948548a\" data-element_type=\"widget\" data-e-type=\"widget\" data-widget_type=\"text-editor.default\">\n\t\t\t\t<div class=\"elementor-widget-container\">\n\t\t\t\t\t\t\t\t\t\n<p>Seg\u00fan el censo juvenil del DHS, 43% de los j\u00f3venes sin hogar de Washington se identifican como LGBTQ. En este mismo censo se contabilizaron 330 j\u00f3venes sin hogar en total. Durante el \u00faltimo a\u00f1o, SMYAL ha brindado refugio, comida, servicios de gesti\u00f3n de casos, intervenci\u00f3n en crisis y apoyo comunitario a 13 j\u00f3venes LGBTQ de entre 18 y 24 a\u00f1os. 85% de nuestros j\u00f3venes est\u00e1n actualmente empleados y\/o asistiendo a la escuela. Nuestro programa de Vivienda para J\u00f3venes ofrece cursos mensuales de habilidades para la vida y oportunidades de participaci\u00f3n comunitaria que incluyen clases de nutrici\u00f3n y cocina, educaci\u00f3n financiera, relaciones y comunicaciones saludables, clases de defensa personal y talleres de curr\u00edculum vitae. La entrada al programa es parte de la entrada coordinada del Distrito de Columbia para personas sin hogar. Cualquier persona interesada en ingresar al programa deber\u00e1 tener una entrevista de admisi\u00f3n.<\/p>\n<p>\u00a0<\/p>\n<p>Para programar una entrevista, por favor llame <a href=\"tel:202-567-3166\"><strong>202-567-3166<\/strong><\/a>.<\/p>\n\n<p>\u00a0<\/p>\n\t\t\t\t\t\t\t\t<\/div>\n\t\t\t\t<\/div>\n\t\t\t\t\t<\/div>\n\t\t<\/div>\n\t\t\t\t\t<\/div>\n\t\t<\/section>\n\t\t\t\t<\/div>","protected":false},"excerpt":{"rendered":"<p>Recursos de vivienda Seg\u00fan el censo juvenil del DHS, 43% de los j\u00f3venes sin hogar de Washington se identifican como LGBTQ. En este mismo censo se contabilizaron 330 j\u00f3venes sin hogar en total. Durante el a\u00f1o pasado\u2026 <a class=\"more-link\" href=\"https:\/\/smyal.org\/es\/resources\/smyal-housing-program\/\">seguir leyendo <span class=\"screen-reader-text\">Programa de Vivienda SMYAL<\/span><\/a><\/p>","protected":false},"author":1,"featured_media":0,"parent":1058,"menu_order":0,"comment_status":"closed","ping_status":"closed","template":"","meta":{"_exactmetrics_skip_tracking":false,"_exactmetrics_sitenote_active":false,"_exactmetrics_sitenote_note":"","_exactmetrics_sitenote_category":0,"footnotes":"","_links_to":"","_links_to_target":""},"class_list":["post-9048","page","type-page","status-publish","hentry","entry"],"yoast_head":"<!-- This site is optimized with the Yoast SEO plugin v27.3 - https:\/\/yoast.com\/product\/yoast-seo-wordpress\/ -->\n<title>SMYAL Housing Program - SMYAL<\/title>\n<meta name=\"robots\" content=\"index, follow, max-snippet:-1, max-image-preview:large, max-video-preview:-1\" \/>\n<link rel=\"canonical\" href=\"https:\/\/smyal.org\/es\/resources\/smyal-housing-program\/\" \/>\n<meta property=\"og:locale\" content=\"es_MX\" \/>\n<meta property=\"og:type\" content=\"article\" \/>\n<meta property=\"og:title\" content=\"SMYAL Housing Program - SMYAL\" \/>\n<meta property=\"og:description\" content=\"Housing Resources According to the DHS youth census 43% of Washington\u2019s homeless youth identify as LGBTQ. 330 homeless youth total were counted in this same census. Over the last year&hellip; Seguir leyendo SMYAL Housing Program\" \/>\n<meta property=\"og:url\" content=\"https:\/\/smyal.org\/es\/resources\/smyal-housing-program\/\" \/>\n<meta property=\"og:site_name\" content=\"SMYAL\" \/>\n<meta name=\"twitter:card\" content=\"summary_large_image\" \/>\n<meta name=\"twitter:label1\" content=\"Tiempo de lectura\" \/>\n\t<meta name=\"twitter:data1\" content=\"1 minuto\" \/>\n<script type=\"application\/ld+json\" class=\"yoast-schema-graph\">{\"@context\":\"https:\\\/\\\/schema.org\",\"@graph\":[{\"@type\":\"WebPage\",\"@id\":\"https:\\\/\\\/smyal.org\\\/resources\\\/smyal-housing-program\\\/\",\"url\":\"https:\\\/\\\/smyal.org\\\/resources\\\/smyal-housing-program\\\/\",\"name\":\"SMYAL Housing Program - SMYAL\",\"isPartOf\":{\"@id\":\"https:\\\/\\\/smyal.org\\\/#website\"},\"datePublished\":\"2025-02-03T17:52:13+00:00\",\"breadcrumb\":{\"@id\":\"https:\\\/\\\/smyal.org\\\/resources\\\/smyal-housing-program\\\/#breadcrumb\"},\"inLanguage\":\"es\",\"potentialAction\":[{\"@type\":\"ReadAction\",\"target\":[\"https:\\\/\\\/smyal.org\\\/resources\\\/smyal-housing-program\\\/\"]}]},{\"@type\":\"BreadcrumbList\",\"@id\":\"https:\\\/\\\/smyal.org\\\/resources\\\/smyal-housing-program\\\/#breadcrumb\",\"itemListElement\":[{\"@type\":\"ListItem\",\"position\":1,\"name\":\"Home\",\"item\":\"https:\\\/\\\/smyal.org\\\/\"},{\"@type\":\"ListItem\",\"position\":2,\"name\":\"Resources\",\"item\":\"https:\\\/\\\/smyal.org\\\/resources\\\/\"},{\"@type\":\"ListItem\",\"position\":3,\"name\":\"SMYAL Housing Program\"}]},{\"@type\":\"WebSite\",\"@id\":\"https:\\\/\\\/smyal.org\\\/#website\",\"url\":\"https:\\\/\\\/smyal.org\\\/\",\"name\":\"SMYAL\",\"description\":\"\",\"publisher\":{\"@id\":\"https:\\\/\\\/smyal.org\\\/#organization\"},\"potentialAction\":[{\"@type\":\"SearchAction\",\"target\":{\"@type\":\"EntryPoint\",\"urlTemplate\":\"https:\\\/\\\/smyal.org\\\/?s={search_term_string}\"},\"query-input\":{\"@type\":\"PropertyValueSpecification\",\"valueRequired\":true,\"valueName\":\"search_term_string\"}}],\"inLanguage\":\"es\"},{\"@type\":\"Organization\",\"@id\":\"https:\\\/\\\/smyal.org\\\/#organization\",\"name\":\"SMYAL\",\"url\":\"https:\\\/\\\/smyal.org\\\/\",\"logo\":{\"@type\":\"ImageObject\",\"inLanguage\":\"es\",\"@id\":\"https:\\\/\\\/smyal.org\\\/#\\\/schema\\\/logo\\\/image\\\/\",\"url\":\"https:\\\/\\\/smyal.org\\\/wp-content\\\/uploads\\\/2024\\\/06\\\/cropped-SMYAL-Logo-300x300-Transparent-Background.png\",\"contentUrl\":\"https:\\\/\\\/smyal.org\\\/wp-content\\\/uploads\\\/2024\\\/06\\\/cropped-SMYAL-Logo-300x300-Transparent-Background.png\",\"width\":300,\"height\":157,\"caption\":\"SMYAL\"},\"image\":{\"@id\":\"https:\\\/\\\/smyal.org\\\/#\\\/schema\\\/logo\\\/image\\\/\"}}]}<\/script>\n<!-- \/ Yoast SEO plugin. -->","yoast_head_json":{"title":"SMYAL Housing Program - SMYAL","robots":{"index":"index","follow":"follow","max-snippet":"max-snippet:-1","max-image-preview":"max-image-preview:large","max-video-preview":"max-video-preview:-1"},"canonical":"https:\/\/smyal.org\/es\/resources\/smyal-housing-program\/","og_locale":"es_MX","og_type":"article","og_title":"SMYAL Housing Program - SMYAL","og_description":"Housing Resources According to the DHS youth census 43% of Washington\u2019s homeless youth identify as LGBTQ. 330 homeless youth total were counted in this same census. Over the last year&hellip; Seguir leyendo SMYAL Housing Program","og_url":"https:\/\/smyal.org\/es\/resources\/smyal-housing-program\/","og_site_name":"SMYAL","twitter_card":"summary_large_image","twitter_misc":{"Tiempo de lectura":"1 minuto"},"schema":{"@context":"https:\/\/schema.org","@graph":[{"@type":"WebPage","@id":"https:\/\/smyal.org\/resources\/smyal-housing-program\/","url":"https:\/\/smyal.org\/resources\/smyal-housing-program\/","name":"SMYAL Housing Program - SMYAL","isPartOf":{"@id":"https:\/\/smyal.org\/#website"},"datePublished":"2025-02-03T17:52:13+00:00","breadcrumb":{"@id":"https:\/\/smyal.org\/resources\/smyal-housing-program\/#breadcrumb"},"inLanguage":"es","potentialAction":[{"@type":"ReadAction","target":["https:\/\/smyal.org\/resources\/smyal-housing-program\/"]}]},{"@type":"BreadcrumbList","@id":"https:\/\/smyal.org\/resources\/smyal-housing-program\/#breadcrumb","itemListElement":[{"@type":"ListItem","position":1,"name":"Home","item":"https:\/\/smyal.org\/"},{"@type":"ListItem","position":2,"name":"Resources","item":"https:\/\/smyal.org\/resources\/"},{"@type":"ListItem","position":3,"name":"SMYAL Housing Program"}]},{"@type":"WebSite","@id":"https:\/\/smyal.org\/#website","url":"https:\/\/smyal.org\/","name":"SMYAL","description":"","publisher":{"@id":"https:\/\/smyal.org\/#organization"},"potentialAction":[{"@type":"SearchAction","target":{"@type":"EntryPoint","urlTemplate":"https:\/\/smyal.org\/?s={search_term_string}"},"query-input":{"@type":"PropertyValueSpecification","valueRequired":true,"valueName":"search_term_string"}}],"inLanguage":"es"},{"@type":"Organization","@id":"https:\/\/smyal.org\/#organization","name":"SMYAL","url":"https:\/\/smyal.org\/","logo":{"@type":"ImageObject","inLanguage":"es","@id":"https:\/\/smyal.org\/#\/schema\/logo\/image\/","url":"https:\/\/smyal.org\/wp-content\/uploads\/2024\/06\/cropped-SMYAL-Logo-300x300-Transparent-Background.png","contentUrl":"https:\/\/smyal.org\/wp-content\/uploads\/2024\/06\/cropped-SMYAL-Logo-300x300-Transparent-Background.png","width":300,"height":157,"caption":"SMYAL"},"image":{"@id":"https:\/\/smyal.org\/#\/schema\/logo\/image\/"}}]}},"_links":{"self":[{"href":"https:\/\/smyal.org\/es\/wp-json\/wp\/v2\/pages\/9048","targetHints":{"allow":["GET"]}}],"collection":[{"href":"https:\/\/smyal.org\/es\/wp-json\/wp\/v2\/pages"}],"about":[{"href":"https:\/\/smyal.org\/es\/wp-json\/wp\/v2\/types\/page"}],"author":[{"embeddable":true,"href":"https:\/\/smyal.org\/es\/wp-json\/wp\/v2\/users\/1"}],"replies":[{"embeddable":true,"href":"https:\/\/smyal.org\/es\/wp-json\/wp\/v2\/comments?post=9048"}],"version-history":[{"count":5,"href":"https:\/\/smyal.org\/es\/wp-json\/wp\/v2\/pages\/9048\/revisions"}],"predecessor-version":[{"id":9053,"href":"https:\/\/smyal.org\/es\/wp-json\/wp\/v2\/pages\/9048\/revisions\/9053"}],"up":[{"embeddable":true,"href":"https:\/\/smyal.org\/es\/wp-json\/wp\/v2\/pages\/1058"}],"wp:attachment":[{"href":"https:\/\/smyal.org\/es\/wp-json\/wp\/v2\/media?parent=9048"}],"curies":[{"name":"wp","href":"https:\/\/api.w.org\/{rel}","templated":true}]}}